{"id":93901,"date":"2026-03-06T07:22:36","date_gmt":"2026-03-06T10:22:36","guid":{"rendered":"https:\/\/www.ecommerceupdate.com.br\/produto\/omnichannel-o-futuro-do-varejo-1-edicao\/"},"modified":"2026-03-13T15:50:15","modified_gmt":"2026-03-13T18:50:15","slug":"omnichannel-o-futuro-do-varejo-1-edicao","status":"publish","type":"product","link":"https:\/\/www.ecommerceupdate.com.br\/it\/produto\/omnichannel-o-futuro-do-varejo-1-edicao\/","title":{"rendered":"Omnicanale Il futuro del commercio al dettaglio: 1 ^"},"content":{"rendered":"<div class=\"woocommerce-product-details\">\n<h3>Dettagli prodotto<\/h3>\n<ul>\n<li>ASIN: B07VCMK3BF<\/li>\n<li>Editore: Eder LA Souza<\/li>\n<li>Accessibilit\u00e0: Ulteriori informazioni<\/li>\n<li>Data di pubblicazione: 17 luglio 2019<\/li>\n<li>Lingua: Portoghese<\/li>\n<li>Dimensione del file: 885 KB<\/li>\n<li>Lettore di schermo: Compatibile<\/li>\n<li>Configurazione del carattere: Abilitato<\/li>\n<li>Suggerimenti per il vocabolario: non abilitato<\/li>\n<li>Numero di pagine: 72 pagine<\/li>\n<li>Pagina capovolgimento: Abilitato<\/li>\n<li>Classifica dei pi\u00f9 venduti: n. 573.141 nel Kindle Store (incontra i primi 100 nella categoria Kindle Store) n. 592 in Computer e tecnologia nelle scuole e insegnamento n. 960 nelle guide di studio n. 1.075 nei libri di formazione e nei libri di consultazione<\/li>\n<li>592 In Computer e tecnologia nelle scuole e nell'insegnamento<\/li>\n<li>960 In Guide agli studi<\/li>\n<li>1.075 in Libri educativi e libri di consultazione<\/li>\n<li>Punteggi dei clienti: 3,5 3,5 su 5 stelle (5)<\/li>\n<\/ul><\/div>","protected":false},"excerpt":{"rendered":"<p>OMNICHANNEL - IL FUTURO DEL RETAIL <br \/>1 ^ Edizione <br \/>Hai un'azienda, miri alla qualit\u00e0 nei servizi, presto hai sentito parlare di omnicanalit\u00e0 e se non lo fai, devi saperne di pi\u00f9 In primo luogo, l'omnicanalit\u00e0 non \u00e8 uno strumento, ma piuttosto una tendenza, un modello aziendale che mira a far convergere tutti i tuoi canali in un unico punto L'offline, online, social network e servizio tutti collegati al fine di facilitare la vita del tuo cliente Citer\u00f2 20 frasi motivazionali su questo modello, motivi per pensare meglio si applicano nella tua azienda. <\/p>\n<p>Autore: Eder Souza<\/p>","protected":false},"featured_media":93901,"comment_status":"open","ping_status":"closed","template":"","meta":[],"product_cat":[1608,1607,1785],"product_tag":[],"class_list":{"0":"post-93901","1":"product","2":"type-product","3":"status-publish","4":"has-post-thumbnail","6":"product_brand-por-der-l-a-souza-autor-formato-ebook-kindle","7":"product_cat-ebooks-kindle","8":"product_cat-loja-kindle","9":"product_cat-sociedade-e-ciencias-sociais","11":"first","12":"instock","13":"shipping-taxable","14":"purchasable","15":"product-type-simple"},"aioseo_notices":[],"_links":{"self":[{"href":"https:\/\/www.ecommerceupdate.com.br\/it\/wp-json\/wp\/v2\/product\/93901","targetHints":{"allow":["GET"]}}],"collection":[{"href":"https:\/\/www.ecommerceupdate.com.br\/it\/wp-json\/wp\/v2\/product"}],"about":[{"href":"https:\/\/www.ecommerceupdate.com.br\/it\/wp-json\/wp\/v2\/types\/product"}],"replies":[{"embeddable":true,"href":"https:\/\/www.ecommerceupdate.com.br\/it\/wp-json\/wp\/v2\/comments?post=93901"}],"wp:featuredmedia":[{"embeddable":true,"href":"https:\/\/www.ecommerceupdate.com.br\/it\/wp-json\/wp\/v2\/product\/93901"}],"wp:attachment":[{"href":"https:\/\/www.ecommerceupdate.com.br\/it\/wp-json\/wp\/v2\/media?parent=93901"}],"wp:term":[{"taxonomy":"product_cat","embeddable":true,"href":"https:\/\/www.ecommerceupdate.com.br\/it\/wp-json\/wp\/v2\/product_cat?post=93901"},{"taxonomy":"product_tag","embeddable":true,"href":"https:\/\/www.ecommerceupdate.com.br\/it\/wp-json\/wp\/v2\/product_tag?post=93901"}],"curies":[{"name":"wp","href":"https:\/\/api.w.org\/{rel}","templated":true}]}}