{"id":91138,"date":"2026-02-04T15:51:59","date_gmt":"2026-02-04T18:51:59","guid":{"rendered":"https:\/\/www.ecommerceupdate.org\/carrinho\/"},"modified":"2026-02-06T10:08:55","modified_gmt":"2026-02-06T13:08:55","slug":"carrinho","status":"publish","type":"page","link":"https:\/\/www.ecommerceupdate.com.br\/ja\/carrinho\/","title":{"rendered":"\u30c8\u30ed\u30ea\u30fc"},"content":{"rendered":"<div data-block-name=\"woocommerce\/cart\" class=\"wp-block-woocommerce-cart alignwide is-loading\">\n<div data-block-name=\"woocommerce\/filled-cart-block\" class=\"wp-block-woocommerce-filled-cart-block\">\n<div data-block-name=\"woocommerce\/cart-items-block\" class=\"wp-block-woocommerce-cart-items-block\">\n<div data-block-name=\"woocommerce\/cart-line-items-block\" class=\"wp-block-woocommerce-cart-line-items-block\"><\/div>\n\n\n<\/div>\n\n\n\n\n<div data-block-name=\"woocommerce\/cart-totals-block\" class=\"wp-block-woocommerce-cart-totals-block\">\n<div data-block-name=\"woocommerce\/cart-order-summary-block\" class=\"wp-block-woocommerce-cart-order-summary-block\">\n<div data-block-name=\"woocommerce\/cart-order-summary-heading-block\" class=\"wp-block-woocommerce-cart-order-summary-heading-block\"><\/div><div data-block-name=\"woocommerce\/cart-order-summary-coupon-form-block\" class=\"wp-block-woocommerce-cart-order-summary-coupon-form-block\"><\/div><div data-block-name=\"woocommerce\/cart-order-summary-totals-block\" class=\"wp-block-woocommerce-cart-order-summary-totals-block\">\n<div data-block-name=\"woocommerce\/cart-order-summary-subtotal-block\" class=\"wp-block-woocommerce-cart-order-summary-subtotal-block\"><\/div>\n<div data-block-name=\"woocommerce\/cart-order-summary-discount-block\" class=\"wp-block-woocommerce-cart-order-summary-discount-block\"><\/div>\n<div data-block-name=\"woocommerce\/cart-order-summary-fee-block\" class=\"wp-block-woocommerce-cart-order-summary-fee-block\"><\/div>\n<div data-block-name=\"woocommerce\/cart-order-summary-shipping-block\" class=\"wp-block-woocommerce-cart-order-summary-shipping-block\"><\/div>\n<div data-block-name=\"woocommerce\/cart-order-summary-taxes-block\" class=\"wp-block-woocommerce-cart-order-summary-taxes-block\"><\/div><\/div>\n<\/div>\n\n\n\n<div data-block-name=\"woocommerce\/cart-express-payment-block\" class=\"wp-block-woocommerce-cart-express-payment-block\"><\/div>\n\n\n\n<div data-block-name=\"woocommerce\/proceed-to-checkout-block\" class=\"wp-block-woocommerce-proceed-to-checkout-block\"><\/div>\n\n\n\n<div data-block-name=\"woocommerce\/cart-accepted-payment-methods-block\" class=\"wp-block-woocommerce-cart-accepted-payment-methods-block\"><\/div>\n<\/div>\n<\/div>\n\n\n\n<div data-block-name=\"woocommerce\/empty-cart-block\" class=\"wp-block-woocommerce-empty-cart-block\">\n<h2 class=\"wp-block-heading has-text-align-center with-empty-cart-icon wc-block-cart__empty-cart__title\">Seu carrinho est\u00e1 vazio no momento!<\/h2>\n\n\n\n<hr class=\"wp-block-separator has-alpha-channel-opacity is-style-dots\"\/>\n\n\n\n<h2 class=\"wp-block-heading has-text-align-center\">Novo na loja<\/h2>\n\n\n<div data-block-name=\"woocommerce\/product-new\" data-columns=\"4\" data-rows=\"1\" class=\"wc-block-grid wp-block-product-new wp-block-woocommerce-product-new wc-block-product-new has-4-columns\"><ul class=\"wc-block-grid__products\"><li class=\"wc-block-grid__product\">\n\t\t\t\t<a href=\"https:\/\/www.ecommerceupdate.com.br\/ja\/produto\/wordpress-descomplicado-do-basico-ao-e-commerce\/\" class=\"wc-block-grid__product-link\">\n\t\t\t\t\t\n\t\t\t\t\t<div class=\"wc-block-grid__product-image\"><img fetchpriority=\"high\" decoding=\"async\" width=\"300\" height=\"300\" src=\"https:\/\/www.ecommerceupdate.com.br\/wp-content\/uploads\/woocommerce-placeholder-300x300.webp\" class=\"woocommerce-placeholder wp-post-image\" alt=\"\" srcset=\"https:\/\/www.ecommerceupdate.com.br\/wp-content\/uploads\/woocommerce-placeholder-300x300.webp 300w, https:\/\/www.ecommerceupdate.com.br\/wp-content\/uploads\/woocommerce-placeholder-100x100.webp 100w, https:\/\/www.ecommerceupdate.com.br\/wp-content\/uploads\/woocommerce-placeholder-600x600.webp 600w, https:\/\/www.ecommerceupdate.com.br\/wp-content\/uploads\/woocommerce-placeholder-1024x1024.webp 1024w, https:\/\/www.ecommerceupdate.com.br\/wp-content\/uploads\/woocommerce-placeholder-150x150.webp 150w, https:\/\/www.ecommerceupdate.com.br\/wp-content\/uploads\/woocommerce-placeholder-768x768.webp 768w, https:\/\/www.ecommerceupdate.com.br\/wp-content\/uploads\/woocommerce-placeholder-12x12.webp 12w, https:\/\/www.ecommerceupdate.com.br\/wp-content\/uploads\/woocommerce-placeholder-420x420.webp 420w, https:\/\/www.ecommerceupdate.com.br\/wp-content\/uploads\/woocommerce-placeholder-696x696.webp 696w, https:\/\/www.ecommerceupdate.com.br\/wp-content\/uploads\/woocommerce-placeholder-1068x1068.webp 1068w, https:\/\/www.ecommerceupdate.com.br\/wp-content\/uploads\/woocommerce-placeholder.webp 1200w\" sizes=\"(max-width: 300px) 100vw, 300px\" \/><\/div>\n\t\t\t\t\t<div class=\"wc-block-grid__product-title\">WordPress Uncomplicated: \u57fa\u672c\u304b\u3089\u96fb\u5b50\u5546\u53d6\u5f15\u307e\u3067<\/div>\n\t\t\t\t<\/a>\n\t\t\t\t<div class=\"wc-block-grid__product-price price\"><span class=\"woocommerce-Price-amount amount\"><span class=\"woocommerce-Price-currencySymbol\">R$<\/span>&nbsp;6,10<\/span><\/div>\n\t\t\t\t\n\t\t\t\t<div class=\"wp-block-button wc-block-grid__product-add-to-cart\"><a href=\"\/ja\/wp-json\/wp\/v2\/pages\/91138?add-to-cart=94511\" aria-label=\"\u304a\u8cb7\u3044\u7269\u30ab\u30b4\u306b\u8ffd\u52a0: \u300cWordPress Descomplicado: Do b\u00e1sico ao E-Commerce\u300d\" data-quantity=\"1\" data-product_id=\"94511\" data-product_sku=\"B08C35YMMJ\" data-price=\"6.1\" rel=\"nofollow\" class=\"wp-block-button__link  add_to_cart_button ajax_add_to_cart\" data-no-translation=\"\" data-trp-gettext=\"\" data-no-translation-aria-label=\"\">\u304a\u8cb7\u3044\u7269\u30ab\u30b4\u306b\u8ffd\u52a0<\/a><\/div>\n\t\t\t<\/li><li class=\"wc-block-grid__product\">\n\t\t\t\t<a href=\"https:\/\/www.ecommerceupdate.com.br\/ja\/produto\/direito-tributario-digital-o-lancamento-digital-da-reforma-pela-receita-federal-vol-3\/\" class=\"wc-block-grid__product-link\">\n\t\t\t\t\t<div class=\"wc-block-grid__product-onsale\">\n\t\t\t<span aria-hidden=\"true\" data-no-translation=\"\" data-trp-gettext=\"\">\u30bb\u30fc\u30eb<\/span>\n\t\t\t<span class=\"screen-reader-text\" data-no-translation=\"\" data-trp-gettext=\"\">\u8ca9\u58f2\u4e2d\u306e\u5546\u54c1<\/span>\n\t\t<\/div>\n\t\t\t\t\t<div class=\"wc-block-grid__product-image\"><img fetchpriority=\"high\" decoding=\"async\" width=\"300\" height=\"300\" src=\"https:\/\/www.ecommerceupdate.com.br\/wp-content\/uploads\/woocommerce-placeholder-300x300.webp\" class=\"woocommerce-placeholder wp-post-image\" alt=\"\" srcset=\"https:\/\/www.ecommerceupdate.com.br\/wp-content\/uploads\/woocommerce-placeholder-300x300.webp 300w, https:\/\/www.ecommerceupdate.com.br\/wp-content\/uploads\/woocommerce-placeholder-100x100.webp 100w, https:\/\/www.ecommerceupdate.com.br\/wp-content\/uploads\/woocommerce-placeholder-600x600.webp 600w, https:\/\/www.ecommerceupdate.com.br\/wp-content\/uploads\/woocommerce-placeholder-1024x1024.webp 1024w, https:\/\/www.ecommerceupdate.com.br\/wp-content\/uploads\/woocommerce-placeholder-150x150.webp 150w, https:\/\/www.ecommerceupdate.com.br\/wp-content\/uploads\/woocommerce-placeholder-768x768.webp 768w, https:\/\/www.ecommerceupdate.com.br\/wp-content\/uploads\/woocommerce-placeholder-12x12.webp 12w, https:\/\/www.ecommerceupdate.com.br\/wp-content\/uploads\/woocommerce-placeholder-420x420.webp 420w, https:\/\/www.ecommerceupdate.com.br\/wp-content\/uploads\/woocommerce-placeholder-696x696.webp 696w, https:\/\/www.ecommerceupdate.com.br\/wp-content\/uploads\/woocommerce-placeholder-1068x1068.webp 1068w, https:\/\/www.ecommerceupdate.com.br\/wp-content\/uploads\/woocommerce-placeholder.webp 1200w\" sizes=\"(max-width: 300px) 100vw, 300px\" \/><\/div>\n\t\t\t\t\t<div class=\"wc-block-grid__product-title\">\u30c7\u30b8\u30bf\u30eb\u7a0e\u6cd5: \u9023\u90a6\u6b73\u5165\u5e81\u306b\u3088\u308b\u6539\u9769\u306e\u30c7\u30b8\u30bf\u30eb\u958b\u59cb\u3001\u7b2c 3 \u5dfb<\/div>\n\t\t\t\t<\/a>\n\t\t\t\t<div class=\"wc-block-grid__product-price price\"><del aria-hidden=\"true\"><span class=\"woocommerce-Price-amount amount\"><span class=\"woocommerce-Price-currencySymbol\">R$<\/span>&nbsp;89,90<\/span><\/del> <span class=\"screen-reader-text\" data-no-translation=\"\" data-trp-gettext=\"\">\u5143\u306e\u4fa1\u683c\u306f R$&nbsp;89,90 \u3067\u3057\u305f\u3002<\/span><ins aria-hidden=\"true\"><span class=\"woocommerce-Price-amount amount\"><span class=\"woocommerce-Price-currencySymbol\">R$<\/span>&nbsp;80,19<\/span><\/ins><span class=\"screen-reader-text\" data-no-translation=\"\" data-trp-gettext=\"\">\u73fe\u5728\u306e\u4fa1\u683c\u306f R$&nbsp;80,19 \u3067\u3059\u3002<\/span><\/div>\n\t\t\t\t\n\t\t\t\t<div class=\"wp-block-button wc-block-grid__product-add-to-cart\"><a href=\"\/ja\/wp-json\/wp\/v2\/pages\/91138?add-to-cart=94510\" aria-label=\"\u304a\u8cb7\u3044\u7269\u30ab\u30b4\u306b\u8ffd\u52a0: \u300cDireito Tribut\u00e1rio Digital: O lan\u00e7amento digital da reforma pela Receita Federal, Vol. 3\u300d\" data-quantity=\"1\" data-product_id=\"94510\" data-product_sku=\"6550523583\" data-price=\"80.19\" rel=\"nofollow\" class=\"wp-block-button__link  add_to_cart_button ajax_add_to_cart\" data-no-translation=\"\" data-trp-gettext=\"\" data-no-translation-aria-label=\"\">\u304a\u8cb7\u3044\u7269\u30ab\u30b4\u306b\u8ffd\u52a0<\/a><\/div>\n\t\t\t<\/li><li class=\"wc-block-grid__product\">\n\t\t\t\t<a href=\"https:\/\/www.ecommerceupdate.com.br\/ja\/produto\/como-nasce-uma-startup-o-passo-a-passo-para-criar-um-negocio-de-sucesso-e-altamente-lucrativo\/\" class=\"wc-block-grid__product-link\">\n\t\t\t\t\t<div class=\"wc-block-grid__product-onsale\">\n\t\t\t<span aria-hidden=\"true\" data-no-translation=\"\" data-trp-gettext=\"\">\u30bb\u30fc\u30eb<\/span>\n\t\t\t<span class=\"screen-reader-text\" data-no-translation=\"\" data-trp-gettext=\"\">\u8ca9\u58f2\u4e2d\u306e\u5546\u54c1<\/span>\n\t\t<\/div>\n\t\t\t\t\t<div class=\"wc-block-grid__product-image\"><img fetchpriority=\"high\" decoding=\"async\" width=\"300\" height=\"300\" src=\"https:\/\/www.ecommerceupdate.com.br\/wp-content\/uploads\/woocommerce-placeholder-300x300.webp\" class=\"woocommerce-placeholder wp-post-image\" alt=\"\" srcset=\"https:\/\/www.ecommerceupdate.com.br\/wp-content\/uploads\/woocommerce-placeholder-300x300.webp 300w, https:\/\/www.ecommerceupdate.com.br\/wp-content\/uploads\/woocommerce-placeholder-100x100.webp 100w, https:\/\/www.ecommerceupdate.com.br\/wp-content\/uploads\/woocommerce-placeholder-600x600.webp 600w, https:\/\/www.ecommerceupdate.com.br\/wp-content\/uploads\/woocommerce-placeholder-1024x1024.webp 1024w, https:\/\/www.ecommerceupdate.com.br\/wp-content\/uploads\/woocommerce-placeholder-150x150.webp 150w, https:\/\/www.ecommerceupdate.com.br\/wp-content\/uploads\/woocommerce-placeholder-768x768.webp 768w, https:\/\/www.ecommerceupdate.com.br\/wp-content\/uploads\/woocommerce-placeholder-12x12.webp 12w, https:\/\/www.ecommerceupdate.com.br\/wp-content\/uploads\/woocommerce-placeholder-420x420.webp 420w, https:\/\/www.ecommerceupdate.com.br\/wp-content\/uploads\/woocommerce-placeholder-696x696.webp 696w, https:\/\/www.ecommerceupdate.com.br\/wp-content\/uploads\/woocommerce-placeholder-1068x1068.webp 1068w, https:\/\/www.ecommerceupdate.com.br\/wp-content\/uploads\/woocommerce-placeholder.webp 1200w\" sizes=\"(max-width: 300px) 100vw, 300px\" \/><\/div>\n\t\t\t\t\t<div class=\"wc-block-grid__product-title\">\u30b9\u30bf\u30fc\u30c8\u30a2\u30c3\u30d7\u306e\u8a95\u751f\u65b9\u6cd5: \u6210\u529f\u3057\u3066\u53ce\u76ca\u6027\u306e\u9ad8\u3044\u30d3\u30b8\u30cd\u30b9\u3092\u751f\u307f\u51fa\u3059\u305f\u3081\u306e\u6bb5\u968e\u7684\u306a\u30b9\u30c6\u30c3\u30d7<\/div>\n\t\t\t\t<\/a>\n\t\t\t\t<div class=\"wc-block-grid__product-price price\"><del aria-hidden=\"true\"><span class=\"woocommerce-Price-amount amount\"><span class=\"woocommerce-Price-currencySymbol\">R$<\/span>&nbsp;64,90<\/span><\/del> <span class=\"screen-reader-text\" data-no-translation=\"\" data-trp-gettext=\"\">\u5143\u306e\u4fa1\u683c\u306f R$&nbsp;64,90 \u3067\u3057\u305f\u3002<\/span><ins aria-hidden=\"true\"><span class=\"woocommerce-Price-amount amount\"><span class=\"woocommerce-Price-currencySymbol\">R$<\/span>&nbsp;42,00<\/span><\/ins><span class=\"screen-reader-text\" data-no-translation=\"\" data-trp-gettext=\"\">\u73fe\u5728\u306e\u4fa1\u683c\u306f R$&nbsp;42,00 \u3067\u3059\u3002<\/span><\/div>\n\t\t\t\t\n\t\t\t\t<div class=\"wp-block-button wc-block-grid__product-add-to-cart\"><a href=\"\/ja\/wp-json\/wp\/v2\/pages\/91138?add-to-cart=94509\" aria-label=\"\u304a\u8cb7\u3044\u7269\u30ab\u30b4\u306b\u8ffd\u52a0: \u300cComo nasce uma startup: O passo a passo para criar um neg\u00f3cio de sucesso e altamente lucrativo\u300d\" data-quantity=\"1\" data-product_id=\"94509\" data-product_sku=\"655393133X\" data-price=\"42\" rel=\"nofollow\" class=\"wp-block-button__link  add_to_cart_button ajax_add_to_cart\" data-no-translation=\"\" data-trp-gettext=\"\" data-no-translation-aria-label=\"\">\u304a\u8cb7\u3044\u7269\u30ab\u30b4\u306b\u8ffd\u52a0<\/a><\/div>\n\t\t\t<\/li><li class=\"wc-block-grid__product\">\n\t\t\t\t<a href=\"https:\/\/www.ecommerceupdate.com.br\/ja\/produto\/customer-experience-b2b-como-multiplicar-o-resultado-do-seu-negocio-entregando-uma-experiencia-de-excelencia-aos-seus-clientes-b2b\/\" class=\"wc-block-grid__product-link\">\n\t\t\t\t\t<div class=\"wc-block-grid__product-onsale\">\n\t\t\t<span aria-hidden=\"true\" data-no-translation=\"\" data-trp-gettext=\"\">\u30bb\u30fc\u30eb<\/span>\n\t\t\t<span class=\"screen-reader-text\" data-no-translation=\"\" data-trp-gettext=\"\">\u8ca9\u58f2\u4e2d\u306e\u5546\u54c1<\/span>\n\t\t<\/div>\n\t\t\t\t\t<div class=\"wc-block-grid__product-image\"><img fetchpriority=\"high\" decoding=\"async\" width=\"300\" height=\"300\" src=\"https:\/\/www.ecommerceupdate.com.br\/wp-content\/uploads\/woocommerce-placeholder-300x300.webp\" class=\"woocommerce-placeholder wp-post-image\" alt=\"\" srcset=\"https:\/\/www.ecommerceupdate.com.br\/wp-content\/uploads\/woocommerce-placeholder-300x300.webp 300w, https:\/\/www.ecommerceupdate.com.br\/wp-content\/uploads\/woocommerce-placeholder-100x100.webp 100w, https:\/\/www.ecommerceupdate.com.br\/wp-content\/uploads\/woocommerce-placeholder-600x600.webp 600w, https:\/\/www.ecommerceupdate.com.br\/wp-content\/uploads\/woocommerce-placeholder-1024x1024.webp 1024w, https:\/\/www.ecommerceupdate.com.br\/wp-content\/uploads\/woocommerce-placeholder-150x150.webp 150w, https:\/\/www.ecommerceupdate.com.br\/wp-content\/uploads\/woocommerce-placeholder-768x768.webp 768w, https:\/\/www.ecommerceupdate.com.br\/wp-content\/uploads\/woocommerce-placeholder-12x12.webp 12w, https:\/\/www.ecommerceupdate.com.br\/wp-content\/uploads\/woocommerce-placeholder-420x420.webp 420w, https:\/\/www.ecommerceupdate.com.br\/wp-content\/uploads\/woocommerce-placeholder-696x696.webp 696w, https:\/\/www.ecommerceupdate.com.br\/wp-content\/uploads\/woocommerce-placeholder-1068x1068.webp 1068w, https:\/\/www.ecommerceupdate.com.br\/wp-content\/uploads\/woocommerce-placeholder.webp 1200w\" sizes=\"(max-width: 300px) 100vw, 300px\" \/><\/div>\n\t\t\t\t\t<div class=\"wc-block-grid__product-title\">B2B \u30ab\u30b9\u30bf\u30de\u30fc \u30a8\u30af\u30b9\u30da\u30ea\u30a8\u30f3\u30b9: B2B \u306e\u9867\u5ba2\u306b\u512a\u308c\u305f\u30a8\u30af\u30b9\u30da\u30ea\u30a8\u30f3\u30b9\u3092\u63d0\u4f9b\u3059\u308b\u3053\u3068\u3067\u3001\u30d3\u30b8\u30cd\u30b9\u306e\u6210\u679c\u3092\u5897\u3084\u3059\u65b9\u6cd5<\/div>\n\t\t\t\t<\/a>\n\t\t\t\t<div class=\"wc-block-grid__product-price price\"><del aria-hidden=\"true\"><span class=\"woocommerce-Price-amount amount\"><span class=\"woocommerce-Price-currencySymbol\">R$<\/span>&nbsp;89,80<\/span><\/del> <span class=\"screen-reader-text\" data-no-translation=\"\" data-trp-gettext=\"\">\u5143\u306e\u4fa1\u683c\u306f R$&nbsp;89,80 \u3067\u3057\u305f\u3002<\/span><ins aria-hidden=\"true\"><span class=\"woocommerce-Price-amount amount\"><span class=\"woocommerce-Price-currencySymbol\">R$<\/span>&nbsp;60,83<\/span><\/ins><span class=\"screen-reader-text\" data-no-translation=\"\" data-trp-gettext=\"\">\u73fe\u5728\u306e\u4fa1\u683c\u306f R$&nbsp;60,83 \u3067\u3059\u3002<\/span><\/div>\n\t\t\t\t\n\t\t\t\t<div class=\"wp-block-button wc-block-grid__product-add-to-cart\"><a href=\"\/ja\/wp-json\/wp\/v2\/pages\/91138?add-to-cart=94508\" aria-label=\"\u304a\u8cb7\u3044\u7269\u30ab\u30b4\u306b\u8ffd\u52a0: \u300cCustomer Experience B2B: como multiplicar o resultado do seu neg\u00f3cio entregando uma experi\u00eancia de excel\u00eancia aos seus clientes B2B\u300d\" data-quantity=\"1\" data-product_id=\"94508\" data-product_sku=\"6559283720\" data-price=\"60.83\" rel=\"nofollow\" class=\"wp-block-button__link  add_to_cart_button ajax_add_to_cart\" data-no-translation=\"\" data-trp-gettext=\"\" data-no-translation-aria-label=\"\">\u304a\u8cb7\u3044\u7269\u30ab\u30b4\u306b\u8ffd\u52a0<\/a><\/div>\n\t\t\t<\/li><\/ul><\/div><\/div>\n<\/div>","protected":false},"excerpt":{"rendered":"","protected":false},"author":1,"featured_media":0,"parent":0,"menu_order":0,"comment_status":"closed","ping_status":"closed","template":"","meta":{"footnotes":""},"class_list":["post-91138","page","type-page","status-publish"],"aioseo_notices":[],"_links":{"self":[{"href":"https:\/\/www.ecommerceupdate.com.br\/ja\/wp-json\/wp\/v2\/pages\/91138","targetHints":{"allow":["GET"]}}],"collection":[{"href":"https:\/\/www.ecommerceupdate.com.br\/ja\/wp-json\/wp\/v2\/pages"}],"about":[{"href":"https:\/\/www.ecommerceupdate.com.br\/ja\/wp-json\/wp\/v2\/types\/page"}],"author":[{"embeddable":true,"href":"https:\/\/www.ecommerceupdate.com.br\/ja\/wp-json\/wp\/v2\/users\/1"}],"replies":[{"embeddable":true,"href":"https:\/\/www.ecommerceupdate.com.br\/ja\/wp-json\/wp\/v2\/comments?post=91138"}],"version-history":[{"count":0,"href":"https:\/\/www.ecommerceupdate.com.br\/ja\/wp-json\/wp\/v2\/pages\/91138\/revisions"}],"wp:attachment":[{"href":"https:\/\/www.ecommerceupdate.com.br\/ja\/wp-json\/wp\/v2\/media?parent=91138"}],"curies":[{"name":"wp \u3057","href":"https:\/\/api.w.org\/{rel}","templated":true}]}}