{"id":91561,"date":"2026-02-06T16:28:18","date_gmt":"2026-02-06T19:28:18","guid":{"rendered":"https:\/\/www.ecommerceupdate.org\/produto\/pense-como-a-amazon-50-ideias-e-1-2-para-se-tornar-um-lider-de-mercado\/"},"modified":"2026-05-13T10:01:19","modified_gmt":"2026-05-13T13:01:19","slug":"pense-como-a-amazon-50-ideias-e-1-2-para-se-tornar-um-lider-de-mercado","status":"publish","type":"product","link":"https:\/\/www.ecommerceupdate.com.br\/kn\/produto\/pense-como-a-amazon-50-ideias-e-1-2-para-se-tornar-um-lider-de-mercado\/","title":{"rendered":"Pense como a Amazon: 50 ideias e 1\/2 para se tornar um l\u00edder de mercado"},"content":{"rendered":"<div class=\"woocommerce-product-details\">\n<div id=\"aplus_feature_div\" class=\"celwidget\" data-feature-name=\"aplus\" data-csa-c-type=\"widget\" data-csa-c-content-id=\"aplus\" data-csa-c-slot-id=\"aplus_feature_div\" data-csa-c-asin=\"\" data-csa-c-is-in-initial-active-row=\"false\">\n<div id=\"aplus\" class=\"a-section a-spacing-large bucket\">\n<h3 class=\"\">Da editora<\/h3>\n<div lang=\"pt_BR\">\n<div class=\"aplus-v2 desktop celwidget\">\n<div class=\"celwidget aplus-module 3p-module-b aplus-standard\">\n<div class=\"aplus-module-wrapper aplus-3p-fixed-width\"> <img decoding=\"async\" alt=\"Pense Como a Amazon \" src=\"https:\/\/m.media-amazon.com\/images\/S\/aplus-media-library-service-media\/4973600c-9a63-4d6d-a039-6386e8560357.__CR0,0,970,600_PT0_SX970_V1___.png\" \/> <\/div>\n<\/p>\n<\/div>\n<div class=\"celwidget aplus-module 3p-module-b aplus-standard\">\n<div class=\"aplus-module-wrapper aplus-3p-fixed-width\"> <img decoding=\"async\" alt=\"Pense Como a Amazon \" src=\"https:\/\/m.media-amazon.com\/images\/S\/aplus-media-library-service-media\/d5825143-2b71-47a5-971b-1164d622e785.__CR0,0,970,600_PT0_SX970_V1___.png\" \/> <\/div>\n<\/p>\n<\/div>\n<\/div>\n<\/div>\n<\/div>\n<\/div>\n<h3>Detalhes do produto<\/h3>\n<ul>\n<li>ASIN : B09V37HVL2<\/li>\n<li>Editora : Buzz Editora<\/li>\n<li>Acessibilidade : Saiba mais<\/li>\n<li>Data da publica\u00e7\u00e3o : 25 mar\u00e7o 2022<\/li>\n<li>Edi\u00e7\u00e3o : 1\u00aa<\/li>\n<li>Idioma : Portugu\u00eas<\/li>\n<li>Tamanho do arquivo : 4.4 MB<\/li>\n<li>Leitor de tela : Compat\u00edvel<\/li>\n<li>Configura\u00e7\u00e3o de fonte : Habilitado<\/li>\n<li>Dicas de vocabul\u00e1rio : N\u00e3o habilitado<\/li>\n<li>N\u00famero de p\u00e1ginas : 279 p\u00e1ginas<\/li>\n<li>ISBN-13 : 978-6586077247<\/li>\n<li>Page Flip : Habilitado<\/li>\n<li>Ranking dos mais vendidos: N\u00ba 11.641 em Loja Kindle (Conhe\u00e7a o Top 100 na categoria Loja Kindle) N\u00ba 161 em Lideran\u00e7a N\u00ba 307 em Neg\u00f3cios e economia<\/li>\n<li>N\u00ba 161 em Lideran\u00e7a<\/li>\n<li>N\u00ba 307 em Neg\u00f3cios e economia<\/li>\n<li>Avalia\u00e7\u00f5es dos clientes: 4,7 4,7 de 5 estrelas (220)<\/li>\n<\/ul><\/div>","protected":false},"excerpt":{"rendered":"<p>Se voc\u00ea quer conhecer de perto a Amazon e seus principais l\u00edderes, n\u00e3o h\u00e1 ningu\u00e9m melhor do que John Rossman para apresent\u00e1-lo \u00e0 empresa. Rossman foi respons\u00e1vel por lan\u00e7ar hoje respons\u00e1vel por 50% da receita das vendas da empresa. Pense como a Amazon analisa de perto tudo o que faz com que uma das mais bem-sucedidas empresas do mundo funcione t\u00e3o bem e continue crescendo e se reinventando.<br \/>&#8220;O que o Jeff faria?&#8221; Desde que saiu da Amazon para abrir sua consultoria, John Rossman ouviu essa pergunta in\u00fameras vezes de executivos que desejam saber &#8220;o segredo&#8221; por tr\u00e1s do sucesso hist\u00f3rico e inquestion\u00e1vel da Amazon. Neste guia passo a passo, Rossman apresenta cinquenta dicas e meia que far\u00e3o voc\u00ea pensar como a Amazon, tra\u00e7ar estrat\u00e9gias como Jeff Bezos e ser bem-sucedido nos neg\u00f3cios como poucos.<\/p>","protected":false},"featured_media":91561,"comment_status":"open","ping_status":"closed","template":"","meta":[],"product_cat":[1611,1621,1595],"product_tag":[],"class_list":{"0":"post-91561","1":"product","2":"type-product","3":"status-publish","4":"has-post-thumbnail","5":"product_brand-por-john-rossman-autor-santiago-nazarian-tradutor-formato-ebook-kindle","6":"product_cat-administracao-negocios-e-economia","7":"product_cat-gestao-e-lideranca","8":"product_cat-livros","10":"first","11":"instock","12":"sale","13":"shipping-taxable","14":"purchasable","15":"product-type-simple"},"aioseo_notices":[],"_links":{"self":[{"href":"https:\/\/www.ecommerceupdate.com.br\/kn\/wp-json\/wp\/v2\/product\/91561","targetHints":{"allow":["GET"]}}],"collection":[{"href":"https:\/\/www.ecommerceupdate.com.br\/kn\/wp-json\/wp\/v2\/product"}],"about":[{"href":"https:\/\/www.ecommerceupdate.com.br\/kn\/wp-json\/wp\/v2\/types\/product"}],"replies":[{"embeddable":true,"href":"https:\/\/www.ecommerceupdate.com.br\/kn\/wp-json\/wp\/v2\/comments?post=91561"}],"wp:featuredmedia":[{"embeddable":true,"href":"https:\/\/www.ecommerceupdate.com.br\/kn\/wp-json\/wp\/v2\/product\/91561"}],"wp:attachment":[{"href":"https:\/\/www.ecommerceupdate.com.br\/kn\/wp-json\/wp\/v2\/media?parent=91561"}],"wp:term":[{"taxonomy":"product_cat","embeddable":true,"href":"https:\/\/www.ecommerceupdate.com.br\/kn\/wp-json\/wp\/v2\/product_cat?post=91561"},{"taxonomy":"product_tag","embeddable":true,"href":"https:\/\/www.ecommerceupdate.com.br\/kn\/wp-json\/wp\/v2\/product_tag?post=91561"}],"curies":[{"name":"wp","href":"https:\/\/api.w.org\/{rel}","templated":true}]}}