{"id":91671,"date":"2026-02-07T15:26:01","date_gmt":"2026-02-07T18:26:01","guid":{"rendered":"https:\/\/www.ecommerceupdate.org\/produto\/marketing-nas-midias-sociais-um-guia-pratico\/"},"modified":"2026-05-13T10:08:29","modified_gmt":"2026-05-13T13:08:29","slug":"marketing-nas-midias-sociais-um-guia-pratico","status":"publish","type":"product","link":"https:\/\/www.ecommerceupdate.com.br\/kn\/produto\/marketing-nas-midias-sociais-um-guia-pratico\/","title":{"rendered":"Marketing nas M\u00eddias Sociais: Um Guia Pr\u00e1tico"},"content":{"rendered":"<div class=\"woocommerce-product-details\"><\/div>","protected":false},"excerpt":{"rendered":"<p>Domine as estrat\u00e9gias de marketing nas m\u00eddias sociais e aumente o alcance, o engajamento e as convers\u00f5es com um guia pr\u00e1tico que transforma teoria em a\u00e7\u00f5es mensur\u00e1veis. Dispon\u00edvel no formato eBook Kindle, o livro oferece um caminho claro para planejar, executar e medir campanhas de forma eficaz.<\/p>","protected":false},"featured_media":91671,"comment_status":"open","ping_status":"closed","template":"","meta":[],"product_cat":[1611,1595,1618],"product_tag":[2748,2747,2746],"class_list":{"0":"post-91671","1":"product","2":"type-product","3":"status-publish","4":"has-post-thumbnail","5":"product_brand-por-marc-opresnik-autor-philip-kotler-autor-svend-hollensen-autor-0-mais-formato-ebook-kindle","6":"product_cat-administracao-negocios-e-economia","7":"product_cat-livros","8":"product_cat-marketing-e-vendas","9":"product_tag-campanhas-de-marketing-em-redes-sociais","10":"product_tag-gestao-de-redes-sociais-para-negocios","11":"product_tag-kindle-guia-pratico-marketing-nas-midias-sociais","13":"first","14":"instock","15":"shipping-taxable","16":"purchasable","17":"product-type-simple"},"aioseo_notices":[],"_links":{"self":[{"href":"https:\/\/www.ecommerceupdate.com.br\/kn\/wp-json\/wp\/v2\/product\/91671","targetHints":{"allow":["GET"]}}],"collection":[{"href":"https:\/\/www.ecommerceupdate.com.br\/kn\/wp-json\/wp\/v2\/product"}],"about":[{"href":"https:\/\/www.ecommerceupdate.com.br\/kn\/wp-json\/wp\/v2\/types\/product"}],"replies":[{"embeddable":true,"href":"https:\/\/www.ecommerceupdate.com.br\/kn\/wp-json\/wp\/v2\/comments?post=91671"}],"wp:featuredmedia":[{"embeddable":true,"href":"https:\/\/www.ecommerceupdate.com.br\/kn\/wp-json\/wp\/v2\/product\/91671"}],"wp:attachment":[{"href":"https:\/\/www.ecommerceupdate.com.br\/kn\/wp-json\/wp\/v2\/media?parent=91671"}],"wp:term":[{"taxonomy":"product_cat","embeddable":true,"href":"https:\/\/www.ecommerceupdate.com.br\/kn\/wp-json\/wp\/v2\/product_cat?post=91671"},{"taxonomy":"product_tag","embeddable":true,"href":"https:\/\/www.ecommerceupdate.com.br\/kn\/wp-json\/wp\/v2\/product_tag?post=91671"}],"curies":[{"name":"wp","href":"https:\/\/api.w.org\/{rel}","templated":true}]}}