{"id":91687,"date":"2026-02-07T21:28:38","date_gmt":"2026-02-08T00:28:38","guid":{"rendered":"https:\/\/www.ecommerceupdate.org\/produto\/plataformas-e-sistemas-de-gestao-para-e-commerce\/"},"modified":"2026-05-13T10:09:58","modified_gmt":"2026-05-13T13:09:58","slug":"plataformas-e-sistemas-de-gestao-para-e-commerce","status":"publish","type":"product","link":"https:\/\/www.ecommerceupdate.com.br\/kn\/produto\/plataformas-e-sistemas-de-gestao-para-e-commerce\/","title":{"rendered":"Plataformas e Sistemas de Gest\u00e3o para E-commerce"},"content":{"rendered":"<div class=\"woocommerce-product-details\"><\/div>","protected":false},"excerpt":{"rendered":"<p>Transforme a gest\u00e3o do seu e-commerce com uma plataforma integrada que aumenta a efici\u00eancia, reduz erros operacionais e oferece decis\u00f5es r\u00e1pidas com dados em tempo real. Este livro, voltado para educa\u00e7\u00e3o e refer\u00eancia did\u00e1tica, traz guias pr\u00e1ticos sobre integra\u00e7\u00e3o de estoque, automa\u00e7\u00e3o de pedidos e dashboards anal\u00edticos, com pre\u00e7o de R$ 59,00. Leia para entender como aplicar esses conceitos no seu neg\u00f3cio, elevar a efici\u00eancia operacional e transformar resultados.<\/p>","protected":false},"featured_media":91687,"comment_status":"open","ping_status":"closed","template":"","meta":[],"product_cat":[1653,1595],"product_tag":[2726,2725,2727],"class_list":{"0":"post-91687","1":"product","2":"type-product","3":"status-publish","4":"has-post-thumbnail","5":"product_brand-por-rodrigo-vincius-sartori-autor","6":"product_cat-educacao-referencia-e-didaticos","7":"product_cat-livros","8":"product_tag-guia-erp-para-e-commerce-gestao-de-pedidos","9":"product_tag-livro-plataformas-de-gestao-para-lojas-virtuais","10":"product_tag-manual-de-plataformas-de-gestao-para-e-commerce-integracao-com-marketplaces","12":"first","13":"instock","14":"shipping-taxable","15":"purchasable","16":"product-type-simple"},"aioseo_notices":[],"_links":{"self":[{"href":"https:\/\/www.ecommerceupdate.com.br\/kn\/wp-json\/wp\/v2\/product\/91687","targetHints":{"allow":["GET"]}}],"collection":[{"href":"https:\/\/www.ecommerceupdate.com.br\/kn\/wp-json\/wp\/v2\/product"}],"about":[{"href":"https:\/\/www.ecommerceupdate.com.br\/kn\/wp-json\/wp\/v2\/types\/product"}],"replies":[{"embeddable":true,"href":"https:\/\/www.ecommerceupdate.com.br\/kn\/wp-json\/wp\/v2\/comments?post=91687"}],"wp:featuredmedia":[{"embeddable":true,"href":"https:\/\/www.ecommerceupdate.com.br\/kn\/wp-json\/wp\/v2\/product\/91687"}],"wp:attachment":[{"href":"https:\/\/www.ecommerceupdate.com.br\/kn\/wp-json\/wp\/v2\/media?parent=91687"}],"wp:term":[{"taxonomy":"product_cat","embeddable":true,"href":"https:\/\/www.ecommerceupdate.com.br\/kn\/wp-json\/wp\/v2\/product_cat?post=91687"},{"taxonomy":"product_tag","embeddable":true,"href":"https:\/\/www.ecommerceupdate.com.br\/kn\/wp-json\/wp\/v2\/product_tag?post=91687"}],"curies":[{"name":"wp","href":"https:\/\/api.w.org\/{rel}","templated":true}]}}