{"id":93423,"date":"2026-03-04T08:53:32","date_gmt":"2026-03-04T11:53:32","guid":{"rendered":"https:\/\/www.ecommerceupdate.com.br\/produto\/startup-manual-do-empreendedor\/"},"modified":"2026-05-09T11:52:13","modified_gmt":"2026-05-09T14:52:13","slug":"startup-manual-do-empreendedor","status":"publish","type":"product","link":"https:\/\/www.ecommerceupdate.com.br\/kn\/produto\/startup-manual-do-empreendedor\/","title":{"rendered":"Startup: manual do empreendedor"},"content":{"rendered":"<div class=\"woocommerce-product-details\"><\/div>","protected":false},"excerpt":{"rendered":"<p>Desvende o poder de transformar uma ideia em uma startup vi\u00e1vel com um guia pr\u00e1tico que orienta desde a valida\u00e7\u00e3o de hip\u00f3teses at\u00e9 estrat\u00e9gias de crescimento. Escrito pelos autores renomados Bob Dorf e Steve Blank, o livro oferece um m\u00e9todo comprovado para transformar ideias em clientes reais, com exerc\u00edcios aplic\u00e1veis e exemplos claros, e tem pre\u00e7o de apenas R$ 95,23. Descubra como adaptar esse m\u00e9todo ao seu projeto de empreendedorismo e mergulhe em uma leitura que combina vis\u00e3o pr\u00e1tica com narrativa envolvente para entender o caminho do sucesso desde a concep\u00e7\u00e3o at\u00e9 a escala.<\/p>","protected":false},"featured_media":93423,"comment_status":"open","ping_status":"closed","template":"","meta":[],"product_cat":[1701,1700,1595],"product_tag":[2619,2618,2617],"class_list":{"0":"post-93423","1":"product","2":"type-product","3":"status-publish","4":"has-post-thumbnail","5":"product_brand-por-bob-dorf-autor-steve-blank-autor","6":"product_cat-drama","7":"product_cat-literatura-e-ficcao","8":"product_cat-livros","9":"product_tag-guia-de-validacao-de-ideias-para-startups","10":"product_tag-lean-startup-e-customer-development","11":"product_tag-livro-manual-do-empreendedor-startup","13":"first","14":"instock","15":"sale","16":"shipping-taxable","17":"purchasable","18":"product-type-simple"},"aioseo_notices":[],"_links":{"self":[{"href":"https:\/\/www.ecommerceupdate.com.br\/kn\/wp-json\/wp\/v2\/product\/93423","targetHints":{"allow":["GET"]}}],"collection":[{"href":"https:\/\/www.ecommerceupdate.com.br\/kn\/wp-json\/wp\/v2\/product"}],"about":[{"href":"https:\/\/www.ecommerceupdate.com.br\/kn\/wp-json\/wp\/v2\/types\/product"}],"replies":[{"embeddable":true,"href":"https:\/\/www.ecommerceupdate.com.br\/kn\/wp-json\/wp\/v2\/comments?post=93423"}],"wp:featuredmedia":[{"embeddable":true,"href":"https:\/\/www.ecommerceupdate.com.br\/kn\/wp-json\/wp\/v2\/product\/93423"}],"wp:attachment":[{"href":"https:\/\/www.ecommerceupdate.com.br\/kn\/wp-json\/wp\/v2\/media?parent=93423"}],"wp:term":[{"taxonomy":"product_cat","embeddable":true,"href":"https:\/\/www.ecommerceupdate.com.br\/kn\/wp-json\/wp\/v2\/product_cat?post=93423"},{"taxonomy":"product_tag","embeddable":true,"href":"https:\/\/www.ecommerceupdate.com.br\/kn\/wp-json\/wp\/v2\/product_tag?post=93423"}],"curies":[{"name":"wp","href":"https:\/\/api.w.org\/{rel}","templated":true}]}}