{"id":94276,"date":"2026-03-11T13:11:21","date_gmt":"2026-03-11T16:11:21","guid":{"rendered":"https:\/\/www.ecommerceupdate.com.br\/produto\/a-biblia-da-midia-social-taticas-ferramentas-e-estrategias-para-construir-e-transformar-negocios\/"},"modified":"2026-05-13T10:55:53","modified_gmt":"2026-05-13T13:55:53","slug":"a-biblia-da-midia-social-taticas-ferramentas-e-estrategias-para-construir-e-transformar-negocios","status":"publish","type":"product","link":"https:\/\/www.ecommerceupdate.com.br\/kn\/produto\/a-biblia-da-midia-social-taticas-ferramentas-e-estrategias-para-construir-e-transformar-negocios\/","title":{"rendered":"A B\u00edblia da M\u00eddia Social: T\u00e1ticas, Ferramentas e Estrat\u00e9gias Para Construir e Transformar Neg\u00f3cios"},"content":{"rendered":"<div class=\"woocommerce-product-details\">\n<h3>Detalhes do produto<\/h3>\n<ul>\n<li>Editora : Blucher<\/li>\n<li>Data da publica\u00e7\u00e3o : 1 janeiro 2010<\/li>\n<li>Edi\u00e7\u00e3o : 1\u00aa<\/li>\n<li>Idioma : Portugu\u00eas<\/li>\n<li>N\u00famero de p\u00e1ginas : 560 p\u00e1ginas<\/li>\n<li>ISBN-10 : 8521205341<\/li>\n<li>ISBN-13 : 978-8521205340<\/li>\n<li>Peso do produto : 2,36 Kilograms<\/li>\n<li>Dimens\u00f5es : 25.4 x 20 x 3 cm<\/li>\n<li>Ranking dos mais vendidos: N\u00ba 385.108 em Livros (Conhe\u00e7a o Top 100 na categoria Livros) N\u00ba 1.155 em Compet\u00eancias N\u00ba 1.384 em Vida Empresarial N\u00ba 2.887 em Gest\u00e3o de Lideran\u00e7a<\/li>\n<li>N\u00ba 1.155 em Compet\u00eancias<\/li>\n<li>N\u00ba 1.384 em Vida Empresarial<\/li>\n<li>N\u00ba 2.887 em Gest\u00e3o de Lideran\u00e7a<\/li>\n<li>Avalia\u00e7\u00f5es dos clientes: 5,0 5,0 de 5 estrelas (1)<\/li>\n<\/ul><\/div>","protected":false},"excerpt":{"rendered":"<p>Transforme a presen\u00e7a da sua marca nas redes sociais com t\u00e1ticas comprovadas que convertem seguidores em clientes. A B\u00edblia da M\u00eddia Social, em edi\u00e7\u00e3o em Portugu\u00eas pelos autores Lon Safko e David K. Brake, oferece t\u00e1ticas, ferramentas e estrat\u00e9gias para construir e transformar neg\u00f3cios. Descubra como aplicar os conceitos de forma pr\u00e1tica e come\u00e7ar a ver resultados reais j\u00e1, por apenas R$ 33,60.<\/p>","protected":false},"featured_media":94276,"comment_status":"open","ping_status":"closed","template":"","meta":[],"product_cat":[1611,1621,1595],"product_tag":[2553,2551,2552],"class_list":{"0":"post-94276","1":"product","2":"type-product","3":"status-publish","4":"has-post-thumbnail","5":"product_brand-edicao-portugus-por-lon-safko-autor-david-k-brake-autor","6":"product_cat-administracao-negocios-e-economia","7":"product_cat-gestao-e-lideranca","8":"product_cat-livros","9":"product_tag-estrategias-de-midia-social-para-transformar-negocios","10":"product_tag-livro-biblia-da-midia-social","11":"product_tag-taticas-e-ferramentas-de-midia-social-para-negocios","13":"first","14":"instock","15":"shipping-taxable","16":"purchasable","17":"product-type-simple"},"aioseo_notices":[],"_links":{"self":[{"href":"https:\/\/www.ecommerceupdate.com.br\/kn\/wp-json\/wp\/v2\/product\/94276","targetHints":{"allow":["GET"]}}],"collection":[{"href":"https:\/\/www.ecommerceupdate.com.br\/kn\/wp-json\/wp\/v2\/product"}],"about":[{"href":"https:\/\/www.ecommerceupdate.com.br\/kn\/wp-json\/wp\/v2\/types\/product"}],"replies":[{"embeddable":true,"href":"https:\/\/www.ecommerceupdate.com.br\/kn\/wp-json\/wp\/v2\/comments?post=94276"}],"wp:featuredmedia":[{"embeddable":true,"href":"https:\/\/www.ecommerceupdate.com.br\/kn\/wp-json\/wp\/v2\/product\/94276"}],"wp:attachment":[{"href":"https:\/\/www.ecommerceupdate.com.br\/kn\/wp-json\/wp\/v2\/media?parent=94276"}],"wp:term":[{"taxonomy":"product_cat","embeddable":true,"href":"https:\/\/www.ecommerceupdate.com.br\/kn\/wp-json\/wp\/v2\/product_cat?post=94276"},{"taxonomy":"product_tag","embeddable":true,"href":"https:\/\/www.ecommerceupdate.com.br\/kn\/wp-json\/wp\/v2\/product_tag?post=94276"}],"curies":[{"name":"wp","href":"https:\/\/api.w.org\/{rel}","templated":true}]}}