{"id":94360,"date":"2026-03-12T13:41:40","date_gmt":"2026-03-12T16:41:40","guid":{"rendered":"https:\/\/www.ecommerceupdate.com.br\/produto\/manual-de-logistica-da-nacional-a-internacional-um-guia-completo-e-definitivo-sobre-logistica\/"},"modified":"2026-05-13T11:01:33","modified_gmt":"2026-05-13T14:01:33","slug":"manual-de-logistica-da-nacional-a-internacional-um-guia-completo-e-definitivo-sobre-logistica","status":"publish","type":"product","link":"https:\/\/www.ecommerceupdate.com.br\/kn\/produto\/manual-de-logistica-da-nacional-a-internacional-um-guia-completo-e-definitivo-sobre-logistica\/","title":{"rendered":"Manual de Log\u00edstica &#8211; Da Nacional \u00e0 Internacional: Um Guia Completo e Definitivo sobre Log\u00edstica"},"content":{"rendered":"<div class=\"woocommerce-product-details\">\n<h3>Detalhes do produto<\/h3>\n<ul>\n<li>ASIN : B086TX4VTW<\/li>\n<li>Acessibilidade : Saiba mais<\/li>\n<li>Data da publica\u00e7\u00e3o : 5 abril 2020<\/li>\n<li>Edi\u00e7\u00e3o : 1\u00aa<\/li>\n<li>Idioma : Portugu\u00eas<\/li>\n<li>Tamanho do arquivo : 10.5 MB<\/li>\n<li>Leitor de tela : Compat\u00edvel<\/li>\n<li>Configura\u00e7\u00e3o de fonte : Habilitado<\/li>\n<li>Dicas de vocabul\u00e1rio : N\u00e3o habilitado<\/li>\n<li>N\u00famero de p\u00e1ginas : 135 p\u00e1ginas<\/li>\n<li>Page Flip : Habilitado<\/li>\n<li>Ranking dos mais vendidos: N\u00ba 88.669 em Loja Kindle (Conhe\u00e7a o Top 100 na categoria Loja Kindle) N\u00ba 52 em Compras e Com\u00e9rcio N\u00ba 3.081 em Neg\u00f3cios e economia<\/li>\n<li>N\u00ba 52 em Compras e Com\u00e9rcio<\/li>\n<li>N\u00ba 3.081 em Neg\u00f3cios e economia<\/li>\n<li>Avalia\u00e7\u00f5es dos clientes: 4,5 4,5 de 5 estrelas (6)<\/li>\n<\/ul><\/div>","protected":false},"excerpt":{"rendered":"<p>Potencialize a efici\u00eancia da sua cadeia de suprimentos ao dominar opera\u00e7\u00f5es da log\u00edstica nacional \u00e0 internacional com este guia completo e definitivo. Escrito pelos autores Caio Roberto de Souza Filho e Jair Ruinho Gon\u00e7alves Junior e disponibilizado em formato eBook Kindle, o livro oferece estrat\u00e9gias pr\u00e1ticas, modelos de implementa\u00e7\u00e3o e estudos de caso para aplica\u00e7\u00e3o imediata, por apenas R$ 24,90.<\/p>","protected":false},"featured_media":94360,"comment_status":"open","ping_status":"closed","template":"","meta":[],"product_cat":[1611,1595,1697],"product_tag":[2499,2500,2501],"class_list":{"0":"post-94360","1":"product","2":"type-product","3":"status-publish","4":"has-post-thumbnail","5":"product_brand-por-caio-roberto-de-souza-filho-autor-jair-ruinho-goncalves-junior-autor-formato-ebook-kindle","6":"product_cat-administracao-negocios-e-economia","7":"product_cat-livros","8":"product_cat-livros-de-referencia","9":"product_tag-guia-completo-de-logistica-kindle","10":"product_tag-logistica-internacional-para-empresas-kindle","11":"product_tag-manual-de-logistica-cadeia-de-suprimentos-kindle","13":"first","14":"instock","15":"shipping-taxable","16":"purchasable","17":"product-type-simple"},"aioseo_notices":[],"_links":{"self":[{"href":"https:\/\/www.ecommerceupdate.com.br\/kn\/wp-json\/wp\/v2\/product\/94360","targetHints":{"allow":["GET"]}}],"collection":[{"href":"https:\/\/www.ecommerceupdate.com.br\/kn\/wp-json\/wp\/v2\/product"}],"about":[{"href":"https:\/\/www.ecommerceupdate.com.br\/kn\/wp-json\/wp\/v2\/types\/product"}],"replies":[{"embeddable":true,"href":"https:\/\/www.ecommerceupdate.com.br\/kn\/wp-json\/wp\/v2\/comments?post=94360"}],"wp:featuredmedia":[{"embeddable":true,"href":"https:\/\/www.ecommerceupdate.com.br\/kn\/wp-json\/wp\/v2\/product\/94360"}],"wp:attachment":[{"href":"https:\/\/www.ecommerceupdate.com.br\/kn\/wp-json\/wp\/v2\/media?parent=94360"}],"wp:term":[{"taxonomy":"product_cat","embeddable":true,"href":"https:\/\/www.ecommerceupdate.com.br\/kn\/wp-json\/wp\/v2\/product_cat?post=94360"},{"taxonomy":"product_tag","embeddable":true,"href":"https:\/\/www.ecommerceupdate.com.br\/kn\/wp-json\/wp\/v2\/product_tag?post=94360"}],"curies":[{"name":"wp","href":"https:\/\/api.w.org\/{rel}","templated":true}]}}