{"id":94405,"date":"2026-03-13T08:58:39","date_gmt":"2026-03-13T11:58:39","guid":{"rendered":"https:\/\/www.ecommerceupdate.com.br\/produto\/pelicula-para-kindle-paperwhite-12a-geracao-e-kindle-colorsoft-7-polegadas-sa569p-sa568b-sa58cb-sa59cp-antirreflexo-fosca-fd-acessorios\/"},"modified":"2026-05-03T12:11:23","modified_gmt":"2026-05-03T15:11:23","slug":"pelicula-para-kindle-paperwhite-12a-geracao-e-kindle-colorsoft-7-polegadas-sa569p-sa568b-sa58cb-sa59cp-antirreflexo-fosca-fd-acessorios","status":"publish","type":"product","link":"https:\/\/www.ecommerceupdate.com.br\/kn\/produto\/pelicula-para-kindle-paperwhite-12a-geracao-e-kindle-colorsoft-7-polegadas-sa569p-sa568b-sa58cb-sa59cp-antirreflexo-fosca-fd-acessorios\/","title":{"rendered":"Pel\u00edcula Para Kindle Paperwhite 12\u00aa Gera\u00e7\u00e3o e Kindle Colorsoft 7 Polegadas (SA569P, SA568B, SA58CB, SA59CP) &#8211; Antirreflexo &#8211; Fosca \u2013 FD Acess\u00f3rios"},"content":{"rendered":"<div class=\"woocommerce-product-details\">\n<div id=\"aplus_feature_div\" class=\"celwidget pd_rd_w-pundh pd_rd_r-SC019ACNW7CEVNMZPKV6 pd_rd_wg-ybcV8\" data-feature-name=\"aplus\" data-csa-c-type=\"widget\" data-csa-c-content-id=\"aplus\" data-csa-c-slot-id=\"aplus_feature_div\" data-csa-c-asin=\"\" data-csa-c-is-in-initial-active-row=\"false\">\n<div id=\"aplus\" class=\"a-section a-spacing-large bucket\">\n<h3 class=\"\">Descri\u00e7\u00e3o do produto<\/h3>\n<div lang=\"pt_BR\">\n<div class=\"aplus-v2 desktop celwidget\">\n<div class=\"celwidget aplus-module module-11 aplus-standard\">\n<div class=\"aplus-module-wrapper apm-spacing apm-floatnone apm-fixed-width\">\n<div class=\"apm-sidemodule aplus-module-content\">\n<div class=\"apm-hero-image\"> <img decoding=\"async\" alt=\"Pel\u00edcula Para Kindle Paperwhite 12\u00aa Gera\u00e7\u00e3o e Kindle Colorsoft 7 Polegadas\" src=\"https:\/\/m.media-amazon.com\/images\/S\/aplus-media-library-service-media\/c51aa2e0-a842-478d-8495-13d131a520d2.__CR0,0,970,300_PT0_SX970_V1___.png\" \/> <\/div>\n<\/p>\n<\/div>\n<\/div>\n<\/div>\n<div class=\"celwidget aplus-module module-9 aplus-standard\">\n<div class=\"aplus-module-wrapper apm-fixed-width apm-spacing\">\n<div class=\"apm-flex\">\n<div class=\"apm-flex-item-third-width\">\n<p class=\"apm-text-center\"> <img decoding=\"async\" alt=\"Pel\u00edcula Para Kindle Paperwhite 12\u00aa Gera\u00e7\u00e3o e Kindle Colorsoft 7 Polegadas\" src=\"https:\/\/m.media-amazon.com\/images\/S\/aplus-media-library-service-media\/b349901a-d8a8-4f38-8735-e1e22cb64aae.__CR0,0,300,300_PT0_SX300_V1___.png\" \/> <\/p>\n<p> Aplica\u00e7\u00e3o f\u00e1cil e sem bolhas \u2013 Instala\u00e7\u00e3o pr\u00e1tica, ader\u00eancia firme e durabilidade, sem prejudicar a qualidade da tela do Kindle. <\/p>\n<\/p>\n<\/div>\n<div class=\"apm-flex-item-third-width\">\n<p class=\"apm-text-center\"> <img decoding=\"async\" alt=\"Pel\u00edcula Para Kindle Paperwhite 12\u00aa Gera\u00e7\u00e3o e Kindle Colorsoft 7 Polegadas\" src=\"https:\/\/m.media-amazon.com\/images\/S\/aplus-media-library-service-media\/13fd770a-9746-4479-a1b9-5e5512360f78.__CR0,0,300,300_PT0_SX300_V1___.png\" \/> <\/p>\n<p> Com recorte preciso e compatibilidade exclusiva para o Kindle Paperwhite 12\u00aa Gera\u00e7\u00e3o e Kindle Colorsoft 7 Polegadas (SA569P, SA568B, SA58CB, SA59CP), mant\u00e9m total sensibilidade ao toque e f\u00e1cil aplica\u00e7\u00e3o, sem bolhas e com longa durabilidade. <\/p>\n<\/p>\n<\/div>\n<div class=\"apm-flex-item-third-width\">\n<p class=\"apm-text-center\"> <img decoding=\"async\" alt=\"Pel\u00edcula Para Kindle Paperwhite 12\u00aa Gera\u00e7\u00e3o e Kindle Colorsoft 7 Polegadas\" src=\"https:\/\/m.media-amazon.com\/images\/S\/aplus-media-library-service-media\/8e1b631e-6cd9-48ae-b755-1042664115d1.__CR0,0,300,300_PT0_SX300_V1___.png\" \/> <\/p>\n<p> Prote\u00e7\u00e3o premium \u2013 Protege a tela contra riscos, arranh\u00f5es, poeira e marcas de dedos, mantendo o Kindle sempre seguro. <\/p>\n<\/p>\n<\/div>\n<\/div>\n<\/div>\n<\/div>\n<div class=\"celwidget aplus-module module-11 aplus-standard\">\n<div class=\"aplus-module-wrapper apm-spacing apm-floatnone apm-fixed-width\">\n<div class=\"apm-sidemodule aplus-module-content\">\n<div class=\"apm-hero-image\"> <img decoding=\"async\" alt=\"Pel\u00edcula Para Kindle Paperwhite 12\u00aa Gera\u00e7\u00e3o e Kindle Colorsoft 7 Polegadas\" src=\"https:\/\/m.media-amazon.com\/images\/S\/aplus-media-library-service-media\/b605c3f6-71c3-407d-a294-a5d8ad48878a.__CR0,0,970,300_PT0_SX970_V1___.png\" \/> <\/div>\n<\/p>\n<\/div>\n<\/div>\n<\/div>\n<div class=\"celwidget aplus-module module-9 aplus-standard\">\n<div class=\"aplus-module-wrapper apm-fixed-width apm-spacing\">\n<div class=\"apm-flex\">\n<div class=\"apm-flex-item-third-width\">\n<p class=\"apm-text-center\"> <img decoding=\"async\" alt=\"Pel\u00edcula Para Kindle Paperwhite 12\u00aa Gera\u00e7\u00e3o e Kindle Colorsoft 7 Polegadas\" src=\"https:\/\/m.media-amazon.com\/images\/S\/aplus-media-library-service-media\/d7217152-43d5-4506-a255-e109db9d1303.__CR0,0,300,300_PT0_SX300_V1___.png\" \/> <\/p>\n<p> Efeito antirreflexo \u2013 Acabamento fosco que reduz reflexos de luz, proporcionando leitura confort\u00e1vel em ambientes internos e externos. <\/p>\n<\/p>\n<\/div>\n<div class=\"apm-flex-item-third-width\">\n<p class=\"apm-text-center\"> <img decoding=\"async\" alt=\"Pel\u00edcula Para Kindle Paperwhite 12\u00aa Gera\u00e7\u00e3o e Kindle Colorsoft 7 Polegadas\" src=\"https:\/\/m.media-amazon.com\/images\/S\/aplus-media-library-service-media\/7d5c2ab6-a787-47fa-84eb-2651b072aac1.__CR0,0,300,300_PT0_SX300_V1___.png\" \/> <\/p>\n<p> Experi\u00eancia natural de leitura \u2013 Superf\u00edcie fosca que simula a textura do papel, sem perder a nitidez da tela. <\/p>\n<\/p>\n<\/div>\n<div class=\"apm-flex-item-third-width\">\n<p class=\"apm-text-center\"> <img decoding=\"async\" alt=\"Pel\u00edcula Para Kindle Paperwhite 12\u00aa Gera\u00e7\u00e3o e Kindle Colorsoft 7 Polegadas\" src=\"https:\/\/m.media-amazon.com\/images\/S\/aplus-media-library-service-media\/c80faec0-7b49-47ff-9f49-00bee9603a60.__CR0,0,300,300_PT0_SX300_V1___.png\" \/> <\/p>\n<p> Compatibilidade precisa \u2013 Pel\u00edcula projetada para Kindle Paperwhite 12\u00aa Gera\u00e7\u00e3o e Kindle Colorsoft 7\u201d (SA569P, SA568B, SA58CB, SA59CP), garantindo encaixe perfeito e alta sensibilidade ao toque. <\/p>\n<\/p>\n<\/div>\n<\/div>\n<\/div>\n<\/div>\n<div class=\"celwidget aplus-module module-11 aplus-standard\">\n<div class=\"aplus-module-wrapper apm-spacing apm-floatnone apm-fixed-width\">\n<div class=\"apm-sidemodule aplus-module-content\">\n<div class=\"apm-hero-image\"> <img decoding=\"async\" alt=\"FD Acess\u00f3rios\" src=\"https:\/\/m.media-amazon.com\/images\/S\/aplus-media-library-service-media\/74dfe871-fb82-4777-9546-afa5588f71f7.__CR0,0,970,300_PT0_SX970_V1___.png\" \/> <\/div>\n<\/p>\n<\/div>\n<\/div>\n<\/div>\n<\/div>\n<\/div>\n<\/div>\n<\/div>\n<table id=\"productDetails_techSpec_section_1\" class=\"a-keyvalue prodDetTable\">\n<tr>\n<th class=\"a-color-secondary a-size-base prodDetSectionEntry\"> Certifica\u00e7\u00e3o <\/th>\n<td class=\"a-size-base prodDetAttrValue\"> &lrm;N\u00e3o aplic\u00e1vel <\/td>\n<\/tr>\n<tr>\n<th class=\"a-color-secondary a-size-base prodDetSectionEntry\"> Caracter\u00edsticas especiais <\/th>\n<td class=\"a-size-base prodDetAttrValue\"> &lrm;Antirreflexo <\/td>\n<\/tr>\n<tr>\n<th class=\"a-color-secondary a-size-base prodDetSectionEntry\"> Tamanho de tela vertical <\/th>\n<td class=\"a-size-base prodDetAttrValue\"> &lrm;7 Polegadas <\/td>\n<\/tr>\n<tr>\n<th class=\"a-color-secondary a-size-base prodDetSectionEntry\"> Cor <\/th>\n<td class=\"a-size-base prodDetAttrValue\"> &lrm;Kindle Paperwhite 12\u00aa Ger e Colorsoft 7&#034; <\/td>\n<\/tr>\n<tr>\n<th class=\"a-color-secondary a-size-base prodDetSectionEntry\"> Componentes inclusos <\/th>\n<td class=\"a-size-base prodDetAttrValue\"> &lrm;Pelicula\/Kit de Instala\u00e7\u00e3o <\/td>\n<\/tr>\n<tr>\n<th class=\"a-color-secondary a-size-base prodDetSectionEntry\"> N\u00famero de unidades <\/th>\n<td class=\"a-size-base prodDetAttrValue\"> &lrm;1 <\/td>\n<\/tr>\n<tr>\n<th class=\"a-color-secondary a-size-base prodDetSectionEntry\"> Material <\/th>\n<td class=\"a-size-base prodDetAttrValue\"> &lrm;Cer\u00e2mica <\/td>\n<\/tr>\n<tr>\n<th class=\"a-color-secondary a-size-base prodDetSectionEntry\"> Modelos compat\u00edveis <\/th>\n<td class=\"a-size-base prodDetAttrValue\"> &lrm;Kindle Colorsoft 7 Polegadas (SA58CB), Kindle Colorsoft Signature Edition 7 Polegadas (SA59CP), Kindle Paperwhite 12\u00aa Gera\u00e7\u00e3o (SA569P), Kindle Paperwhite 12\u00aa Gera\u00e7\u00e3o Signature Edition (SA568B) <\/td>\n<\/tr>\n<tr>\n<th class=\"a-color-secondary a-size-base prodDetSectionEntry\"> Peso do produto <\/th>\n<td class=\"a-size-base prodDetAttrValue\"> &lrm;40 g <\/td>\n<\/tr>\n<tr>\n<th class=\"a-color-secondary a-size-base prodDetSectionEntry\"> Dimens\u00f5es do produto <\/th>\n<td class=\"a-size-base prodDetAttrValue\"> &lrm;15 x 10 x 1,27 cm; 40 g <\/td>\n<\/tr>\n<tr>\n<th class=\"a-color-secondary a-size-base prodDetSectionEntry\"> Marca <\/th>\n<td class=\"a-size-base prodDetAttrValue\"> &lrm;FD Acess\u00f3rios <\/td>\n<\/tr>\n<tr>\n<th class=\"a-color-secondary a-size-base prodDetSectionEntry\"> Funciona a bateria ou pilha? <\/th>\n<td class=\"a-size-base prodDetAttrValue\"> &lrm;N\u00e3o <\/td>\n<\/tr>\n<\/table><\/div>","protected":false},"excerpt":{"rendered":"<p>A principal vantagem \u00e9 a redu\u00e7\u00e3o de reflexos, proporcionando uma leitura mais n\u00edtida e menos cansa\u00e7o visual gra\u00e7as ao acabamento fosco antirreflexo. Compat\u00edvel com Kindle Paperwhite 12\u00aa Gera\u00e7\u00e3o e Kindle Colorsoft de 7 polegadas, abrange os modelos SA569 P, SA568 B, SA58 CB e SA59 CP, oferecendo encaixe preciso e toque suave para uso di\u00e1rio. Adquira por apenas R$ 23,90 na FD Acess\u00f3rios e descubra como essa pel\u00edcula pode transformar sua experi\u00eancia de leitura sem comprometer a tela.<\/p>","protected":false},"featured_media":0,"comment_status":"open","ping_status":"closed","template":"","meta":[],"product_cat":[1897,1898,1896],"product_tag":[2320,2321,2454],"class_list":{"0":"post-94405","1":"product","2":"type-product","3":"status-publish","4":"product_brand-visite-a-loja-fd-acessrios","5":"product_cat-acessorios","6":"product_cat-acessorios-para-tablets","7":"product_cat-computadores-e-informatica","8":"product_tag-pelicula-antirreflexo-para-kindle-paperwhite-12a-geracao","9":"product_tag-pelicula-fosca-para-kindle-colorsoft-7-polegadas","10":"product_tag-protetor-de-tela-para-kindle","12":"first","13":"instock","14":"sale","15":"shipping-taxable","16":"purchasable","17":"product-type-simple"},"aioseo_notices":[],"_links":{"self":[{"href":"https:\/\/www.ecommerceupdate.com.br\/kn\/wp-json\/wp\/v2\/product\/94405","targetHints":{"allow":["GET"]}}],"collection":[{"href":"https:\/\/www.ecommerceupdate.com.br\/kn\/wp-json\/wp\/v2\/product"}],"about":[{"href":"https:\/\/www.ecommerceupdate.com.br\/kn\/wp-json\/wp\/v2\/types\/product"}],"replies":[{"embeddable":true,"href":"https:\/\/www.ecommerceupdate.com.br\/kn\/wp-json\/wp\/v2\/comments?post=94405"}],"wp:attachment":[{"href":"https:\/\/www.ecommerceupdate.com.br\/kn\/wp-json\/wp\/v2\/media?parent=94405"}],"wp:term":[{"taxonomy":"product_cat","embeddable":true,"href":"https:\/\/www.ecommerceupdate.com.br\/kn\/wp-json\/wp\/v2\/product_cat?post=94405"},{"taxonomy":"product_tag","embeddable":true,"href":"https:\/\/www.ecommerceupdate.com.br\/kn\/wp-json\/wp\/v2\/product_tag?post=94405"}],"curies":[{"name":"wp","href":"https:\/\/api.w.org\/{rel}","templated":true}]}}