{"id":94412,"date":"2026-03-13T09:00:22","date_gmt":"2026-03-13T12:00:22","guid":{"rendered":"https:\/\/www.ecommerceupdate.com.br\/produto\/capa-para-kindle-15-2-cm-11a-geracao-versao-2024-2022-couro-pu-premium-capa-protetora-inteligente-ultrafina-e-leve-com-funcao-hibernar-automatico-verde-agave\/"},"modified":"2026-05-03T12:09:27","modified_gmt":"2026-05-03T15:09:27","slug":"capa-para-kindle-15-2-cm-11a-geracao-versao-2024-2022-couro-pu-premium-capa-protetora-inteligente-ultrafina-e-leve-com-funcao-hibernar-automatico-verde-agave","status":"publish","type":"product","link":"https:\/\/www.ecommerceupdate.com.br\/kn\/produto\/capa-para-kindle-15-2-cm-11a-geracao-versao-2024-2022-couro-pu-premium-capa-protetora-inteligente-ultrafina-e-leve-com-funcao-hibernar-automatico-verde-agave\/","title":{"rendered":"Capa para Kindle 15.2 cm (11\u00aa gera\u00e7\u00e3o, vers\u00e3o 2024\/2022), couro PU premium, capa protetora inteligente ultrafina e leve com fun\u00e7\u00e3o hibernar autom\u00e1tico, verde agave"},"content":{"rendered":"<div class=\"woocommerce-product-details\">\n<h3>Descri\u00e7\u00e3o do produto<\/h3>\n<p>Capa transparente para Kindle 15.2 cm (11\u00aa gera\u00e7\u00e3o-vers\u00e3o 2024\/2022), capa traseira ultrafina e flex\u00edvel de TPU (poliuretano termopl\u00e1stico) ultra transparente e flex\u00edvel para Kindle 11 2024<\/p>\n<table id=\"productDetails_techSpec_section_1\" class=\"a-keyvalue prodDetTable\">\n<tr>\n<th class=\"a-color-secondary a-size-base prodDetSectionEntry\"> Caracter\u00edsticas especiais <\/th>\n<td class=\"a-size-base prodDetAttrValue\"> &lrm;Leve <\/td>\n<\/tr>\n<tr>\n<th class=\"a-color-secondary a-size-base prodDetSectionEntry\"> Formato <\/th>\n<td class=\"a-size-base prodDetAttrValue\"> &lrm;Estojo <\/td>\n<\/tr>\n<tr>\n<th class=\"a-color-secondary a-size-base prodDetSectionEntry\"> Cor <\/th>\n<td class=\"a-size-base prodDetAttrValue\"> &lrm;* Transparente <\/td>\n<\/tr>\n<tr>\n<th class=\"a-color-secondary a-size-base prodDetSectionEntry\"> Componentes inclusos <\/th>\n<td class=\"a-size-base prodDetAttrValue\"> &lrm;Capa <\/td>\n<\/tr>\n<tr>\n<th class=\"a-color-secondary a-size-base prodDetSectionEntry\"> N\u00famero de unidades <\/th>\n<td class=\"a-size-base prodDetAttrValue\"> &lrm;1 <\/td>\n<\/tr>\n<tr>\n<th class=\"a-color-secondary a-size-base prodDetSectionEntry\"> Material <\/th>\n<td class=\"a-size-base prodDetAttrValue\"> &lrm;Couro sint\u00e9tico <\/td>\n<\/tr>\n<tr>\n<th class=\"a-color-secondary a-size-base prodDetSectionEntry\"> Modelos compat\u00edveis <\/th>\n<td class=\"a-size-base prodDetAttrValue\"> &lrm;Kindle 15.2 cm 2022, Kindle de 6 polegadas 2024\/2022, Kindle 15.2 cm 2024 <\/td>\n<\/tr>\n<tr>\n<th class=\"a-color-secondary a-size-base prodDetSectionEntry\"> Peso do produto <\/th>\n<td class=\"a-size-base prodDetAttrValue\"> &lrm;100 g <\/td>\n<\/tr>\n<tr>\n<th class=\"a-color-secondary a-size-base prodDetSectionEntry\"> Dimens\u00f5es do produto <\/th>\n<td class=\"a-size-base prodDetAttrValue\"> &lrm;15,5 x 11 x 1,1 cm; 100 g <\/td>\n<\/tr>\n<tr>\n<th class=\"a-color-secondary a-size-base prodDetSectionEntry\"> Marca <\/th>\n<td class=\"a-size-base prodDetAttrValue\"> &lrm;Generic <\/td>\n<\/tr>\n<tr>\n<th class=\"a-color-secondary a-size-base prodDetSectionEntry\"> Funciona a bateria ou pilha? <\/th>\n<td class=\"a-size-base prodDetAttrValue\"> &lrm;N\u00e3o <\/td>\n<\/tr>\n<\/table><\/div>","protected":false},"excerpt":{"rendered":"<p>Proteja seu Kindle de 15,2 cm (11\u00aa gera\u00e7\u00e3o, vers\u00e3o 2024\/2022) com uma capa ultrafina e leve que oferece prote\u00e7\u00e3o duradoura sem acrescentar peso, com fun\u00e7\u00e3o hibernar autom\u00e1tico para conservar a bateria e facilitar o uso di\u00e1rio. Confeccionada em couro PU premium, na cor verde agave, ela alia resist\u00eancia e estilo a um pre\u00e7o acess\u00edvel de apenas R$ 18,50.<\/p>","protected":false},"featured_media":0,"comment_status":"open","ping_status":"closed","template":"","meta":[],"product_cat":[1918,1901,1900],"product_tag":[2443,2444,2445],"class_list":{"0":"post-94412","1":"product","2":"type-product","3":"status-publish","4":"product_brand-marca-generic","5":"product_cat-capas","6":"product_cat-e-readers-e-acessorios","7":"product_cat-eletronicos-e-tecnologia","8":"product_tag-capa-para-kindle-11a-geracao-2022-2024","9":"product_tag-capa-ultrafina-em-couro-pu-com-hibernacao-automatica","10":"product_tag-verde-agave-capa-protetora-para-kindle","12":"first","13":"instock","14":"shipping-taxable","15":"purchasable","16":"product-type-variable"},"aioseo_notices":[],"_links":{"self":[{"href":"https:\/\/www.ecommerceupdate.com.br\/kn\/wp-json\/wp\/v2\/product\/94412","targetHints":{"allow":["GET"]}}],"collection":[{"href":"https:\/\/www.ecommerceupdate.com.br\/kn\/wp-json\/wp\/v2\/product"}],"about":[{"href":"https:\/\/www.ecommerceupdate.com.br\/kn\/wp-json\/wp\/v2\/types\/product"}],"replies":[{"embeddable":true,"href":"https:\/\/www.ecommerceupdate.com.br\/kn\/wp-json\/wp\/v2\/comments?post=94412"}],"wp:attachment":[{"href":"https:\/\/www.ecommerceupdate.com.br\/kn\/wp-json\/wp\/v2\/media?parent=94412"}],"wp:term":[{"taxonomy":"product_cat","embeddable":true,"href":"https:\/\/www.ecommerceupdate.com.br\/kn\/wp-json\/wp\/v2\/product_cat?post=94412"},{"taxonomy":"product_tag","embeddable":true,"href":"https:\/\/www.ecommerceupdate.com.br\/kn\/wp-json\/wp\/v2\/product_tag?post=94412"}],"curies":[{"name":"wp","href":"https:\/\/api.w.org\/{rel}","templated":true}]}}