{"id":94455,"date":"2026-03-13T09:21:33","date_gmt":"2026-03-13T12:21:33","guid":{"rendered":"https:\/\/www.ecommerceupdate.com.br\/produto\/capa-dpara-kindle-11a-geracao-2022-e-2024-modelos-2022-e-2024-c2v2l3-e-rs23cv-nao-compativel-com-o-kindle-10a-geracao-kindle-paperwhite-ou-kindle-oasis-verde\/"},"modified":"2026-05-03T12:00:49","modified_gmt":"2026-05-03T15:00:49","slug":"capa-dpara-kindle-11a-geracao-2022-e-2024-modelos-2022-e-2024-c2v2l3-e-rs23cv-nao-compativel-com-o-kindle-10a-geracao-kindle-paperwhite-ou-kindle-oasis-verde","status":"publish","type":"product","link":"https:\/\/www.ecommerceupdate.com.br\/kn\/produto\/capa-dpara-kindle-11a-geracao-2022-e-2024-modelos-2022-e-2024-c2v2l3-e-rs23cv-nao-compativel-com-o-kindle-10a-geracao-kindle-paperwhite-ou-kindle-oasis-verde\/","title":{"rendered":"Capa dpara Kindle 11\u00aa Gera\u00e7\u00e3o (2022 e 2024) Modelos 2022 e 2024 \u2013 C2V2L3 e RS23CV)- (n\u00e3o compat\u00edvel com o Kindle 10\u00aa gera\u00e7\u00e3o, Kindle Paperwhite ou Kindle Oasis) (VERDE)"},"content":{"rendered":"<div class=\"woocommerce-product-details\"><\/div>","protected":false},"excerpt":{"rendered":"<p>Proteja seu Kindle 11\u00aa Gera\u00e7\u00e3o com uma capa de ajuste perfeito que oferece prote\u00e7\u00e3o resistente contra quedas e arranh\u00f5es, sem adicionar volume ao dispositivo. Compat\u00edvel com os modelos 2022 e 2024 (C2 V2 L3 e RS23 CV) e apresentada na cor verde, ela mant\u00e9m acesso r\u00e1pido \u00e0s abas e bot\u00f5es para leitura cont\u00ednua. Tudo isso por apenas R$ 55,00, com a observa\u00e7\u00e3o de que n\u00e3o \u00e9 compat\u00edvel com Kindle 10\u00aa gera\u00e7\u00e3o, Kindle Paperwhite ou Kindle Oasis.<\/p>","protected":false},"featured_media":0,"comment_status":"open","ping_status":"closed","template":"","meta":[],"product_cat":[1918,1901,1900],"product_tag":[2403,2404,2405],"class_list":{"0":"post-94455","1":"product","2":"type-product","3":"status-publish","4":"product_brand-marca-genrico","5":"product_cat-capas","6":"product_cat-e-readers-e-acessorios","7":"product_cat-eletronicos-e-tecnologia","8":"product_tag-capa-para-kindle-11a-geracao-verde","9":"product_tag-case-protecao-para-kindle-11a-geracao-2022-2024","10":"product_tag-compativel-com-kindle-11a-geracao-rs23-cv-c2-v2-l3","12":"first","13":"instock","14":"shipping-taxable","15":"purchasable","16":"product-type-variable"},"aioseo_notices":[],"_links":{"self":[{"href":"https:\/\/www.ecommerceupdate.com.br\/kn\/wp-json\/wp\/v2\/product\/94455","targetHints":{"allow":["GET"]}}],"collection":[{"href":"https:\/\/www.ecommerceupdate.com.br\/kn\/wp-json\/wp\/v2\/product"}],"about":[{"href":"https:\/\/www.ecommerceupdate.com.br\/kn\/wp-json\/wp\/v2\/types\/product"}],"replies":[{"embeddable":true,"href":"https:\/\/www.ecommerceupdate.com.br\/kn\/wp-json\/wp\/v2\/comments?post=94455"}],"wp:attachment":[{"href":"https:\/\/www.ecommerceupdate.com.br\/kn\/wp-json\/wp\/v2\/media?parent=94455"}],"wp:term":[{"taxonomy":"product_cat","embeddable":true,"href":"https:\/\/www.ecommerceupdate.com.br\/kn\/wp-json\/wp\/v2\/product_cat?post=94455"},{"taxonomy":"product_tag","embeddable":true,"href":"https:\/\/www.ecommerceupdate.com.br\/kn\/wp-json\/wp\/v2\/product_tag?post=94455"}],"curies":[{"name":"wp","href":"https:\/\/api.w.org\/{rel}","templated":true}]}}