{"id":94500,"date":"2026-03-15T14:18:24","date_gmt":"2026-03-15T17:18:24","guid":{"rendered":"https:\/\/www.ecommerceupdate.com.br\/produto\/personalizacao-quem-fala-com-todos-nao-fala-com-ninguem-personalize-seu-marketing-digital\/"},"modified":"2026-05-03T11:59:49","modified_gmt":"2026-05-03T14:59:49","slug":"personalizacao-quem-fala-com-todos-nao-fala-com-ninguem-personalize-seu-marketing-digital","status":"publish","type":"product","link":"https:\/\/www.ecommerceupdate.com.br\/kn\/produto\/personalizacao-quem-fala-com-todos-nao-fala-com-ninguem-personalize-seu-marketing-digital\/","title":{"rendered":"Personaliza\u00e7\u00e3o: Quem fala com todos n\u00e3o fala com ningu\u00e9m. Personalize seu Marketing Digital!"},"content":{"rendered":"<div class=\"woocommerce-product-details\">\n<h3>Detalhes do produto<\/h3>\n<ul>\n<li>Editora : DVS EDITORA<\/li>\n<li>Data da publica\u00e7\u00e3o : 31 outubro 2019<\/li>\n<li>Edi\u00e7\u00e3o : 1\u00aa<\/li>\n<li>Idioma : Portugu\u00eas<\/li>\n<li>N\u00famero de p\u00e1ginas : 128 p\u00e1ginas<\/li>\n<li>ISBN-10 : 858289225X<\/li>\n<li>ISBN-13 : 978-8582892251<\/li>\n<li>Peso do produto : 220 g<\/li>\n<li>Dimens\u00f5es : 22.8 x 15.4 x 0.8 cm<\/li>\n<li>Ranking dos mais vendidos: N\u00ba 67.714 em Livros (Conhe\u00e7a o Top 100 na categoria Livros) N\u00ba 80 em Web Marketing N\u00ba 225 em Marketing N\u00ba 1.661 em Gest\u00e3o e Lideran\u00e7a<\/li>\n<li>N\u00ba 80 em Web Marketing<\/li>\n<li>N\u00ba 225 em Marketing<\/li>\n<li>N\u00ba 1.661 em Gest\u00e3o e Lideran\u00e7a<\/li>\n<li>Avalia\u00e7\u00f5es dos clientes: 4,4 4,4 de 5 estrelas (78)<\/li>\n<\/ul><\/div>","protected":false},"excerpt":{"rendered":"<p>Personalizar seu marketing digital \u00e9 o maior benef\u00edcio: voc\u00ea fala com quem interessa, aumenta engajamento e evita ru\u00eddos desnecess\u00e1rios. Este t\u00edtulo em Portugu\u00eas, escrito por Felipe Spina, oferece estrat\u00e9gias pr\u00e1ticas de segmenta\u00e7\u00e3o e mensagens sob medida, com exemplos aplic\u00e1veis para aplicar rapidamente. Dispon\u00edvel por apenas R$ 25,25, \u00e9 leitura essencial para quem quer resultados reais; leia para descobrir como transformar dados em conte\u00fado que converte e potencializar suas campanhas.<\/p>","protected":false},"featured_media":94500,"comment_status":"open","ping_status":"closed","template":"","meta":[],"product_cat":[1611,1595,1618],"product_tag":[2398,2399,2099],"class_list":{"0":"post-94500","1":"product","2":"type-product","3":"status-publish","4":"has-post-thumbnail","5":"product_brand-edicao-portugus-por-felipe-spina-autor","6":"product_cat-administracao-negocios-e-economia","7":"product_cat-livros","8":"product_cat-marketing-e-vendas","9":"product_tag-campanhas-personalizadas-com-segmentacao-de-publico-alvo","10":"product_tag-estrategias-de-personalizacao-em-marketing-digital","11":"product_tag-livro-marketing-digital-personalizacao","13":"first","14":"instock","15":"shipping-taxable","16":"purchasable","17":"product-type-simple"},"aioseo_notices":[],"_links":{"self":[{"href":"https:\/\/www.ecommerceupdate.com.br\/kn\/wp-json\/wp\/v2\/product\/94500","targetHints":{"allow":["GET"]}}],"collection":[{"href":"https:\/\/www.ecommerceupdate.com.br\/kn\/wp-json\/wp\/v2\/product"}],"about":[{"href":"https:\/\/www.ecommerceupdate.com.br\/kn\/wp-json\/wp\/v2\/types\/product"}],"replies":[{"embeddable":true,"href":"https:\/\/www.ecommerceupdate.com.br\/kn\/wp-json\/wp\/v2\/comments?post=94500"}],"wp:featuredmedia":[{"embeddable":true,"href":"https:\/\/www.ecommerceupdate.com.br\/kn\/wp-json\/wp\/v2\/product\/94500"}],"wp:attachment":[{"href":"https:\/\/www.ecommerceupdate.com.br\/kn\/wp-json\/wp\/v2\/media?parent=94500"}],"wp:term":[{"taxonomy":"product_cat","embeddable":true,"href":"https:\/\/www.ecommerceupdate.com.br\/kn\/wp-json\/wp\/v2\/product_cat?post=94500"},{"taxonomy":"product_tag","embeddable":true,"href":"https:\/\/www.ecommerceupdate.com.br\/kn\/wp-json\/wp\/v2\/product_tag?post=94500"}],"curies":[{"name":"wp","href":"https:\/\/api.w.org\/{rel}","templated":true}]}}