{"id":94509,"date":"2026-03-15T16:43:14","date_gmt":"2026-03-15T19:43:14","guid":{"rendered":"https:\/\/www.ecommerceupdate.com.br\/produto\/como-nasce-uma-startup-o-passo-a-passo-para-criar-um-negocio-de-sucesso-e-altamente-lucrativo\/"},"modified":"2026-05-03T11:57:05","modified_gmt":"2026-05-03T14:57:05","slug":"como-nasce-uma-startup-o-passo-a-passo-para-criar-um-negocio-de-sucesso-e-altamente-lucrativo","status":"publish","type":"product","link":"https:\/\/www.ecommerceupdate.com.br\/kn\/produto\/como-nasce-uma-startup-o-passo-a-passo-para-criar-um-negocio-de-sucesso-e-altamente-lucrativo\/","title":{"rendered":"Como nasce uma startup: O passo a passo para criar um neg\u00f3cio de sucesso e altamente lucrativo"},"content":{"rendered":"<div class=\"woocommerce-product-details\">\n<div id=\"aplus_feature_div\" class=\"celwidget\" data-feature-name=\"aplus\" data-csa-c-type=\"widget\" data-csa-c-content-id=\"aplus\" data-csa-c-slot-id=\"aplus_feature_div\" data-csa-c-asin=\"\" data-csa-c-is-in-initial-active-row=\"false\">\n<div id=\"aplus\" class=\"a-section a-spacing-large bucket\">\n<h3 class=\"\">Da editora<\/h3>\n<div lang=\"pt_BR\">\n<div class=\"aplus-v2 desktop celwidget\">\n<div class=\"celwidget aplus-module module-11 aplus-standard\">\n<div class=\"aplus-module-wrapper apm-spacing apm-floatnone apm-fixed-width\">\n<div class=\"apm-sidemodule aplus-module-content\">\n<div class=\"apm-hero-image\"> <img decoding=\"async\" alt=\"ret\u00e2ngulo roxo, com frase em preto e flecha em verde\" src=\"https:\/\/m.media-amazon.com\/images\/S\/aplus-media-library-service-media\/bc839e4d-eca3-4700-ab02-ee2cfe732c8b.__CR0,0,970,300_PT0_SX970_V1___.jpg\" \/> <\/div>\n<\/p>\n<\/div>\n<\/div>\n<\/div>\n<div class=\"celwidget aplus-module module-9 aplus-standard\">\n<div class=\"aplus-module-wrapper apm-fixed-width apm-spacing\">\n<div class=\"apm-flex\">\n<div class=\"apm-flex-item-third-width\">\n<p class=\"apm-text-center\"> <img decoding=\"async\" alt=\"Quadrado roxo com letra branca\" src=\"https:\/\/m.media-amazon.com\/images\/S\/aplus-media-library-service-media\/d311825c-de10-4a8d-8ee7-8a57dc7ba3f0.__CR0,0,300,300_PT0_SX300_V1___.jpg\" \/> <\/p>\n<h4 class=\"a-spacing-mini\"> Leopoldo Martinez &#8211; CEO Superdigital do Santander <\/h4>\n<\/p>\n<\/div>\n<div class=\"apm-flex-item-third-width\">\n<p class=\"apm-text-center\"> <img decoding=\"async\" alt=\"Quadrado roxo com texto em branco\" src=\"https:\/\/m.media-amazon.com\/images\/S\/aplus-media-library-service-media\/1a04da54-77ef-4218-8acd-10014d54666c.__CR0,0,300,300_PT0_SX300_V1___.jpg\" \/> <\/p>\n<h4 class=\"a-spacing-mini\"> Eurico Fabri &#8211; Vice-presidente do Bradesco <\/h4>\n<\/p>\n<\/div>\n<div class=\"apm-flex-item-third-width\">\n<p class=\"apm-text-center\"> <img decoding=\"async\" alt=\"Quadrado roxo com texto branco\" src=\"https:\/\/m.media-amazon.com\/images\/S\/aplus-media-library-service-media\/210819aa-9b9b-4730-a08f-3c67d6ce62d3.__CR0,0,300,300_PT0_SX300_V1___.jpg\" \/> <\/p>\n<h4 class=\"a-spacing-mini\"> Andr\u00e9 Rodrigues &#8211; Vice-presidente do Ita\u00fa <\/h4>\n<\/p>\n<\/div>\n<\/div>\n<\/div>\n<\/div>\n<div class=\"celwidget aplus-module module-2 aplus-standard\">\n<div class=\"aplus-module-wrapper apm-floatnone apm-fixed-width\">\n<div class=\"apm-sidemodule apm-spacing\">\n<div class=\"apm-sidemodule-imageleft\"> <img decoding=\"async\" alt=\"Jorge Azevedo\" src=\"https:\/\/m.media-amazon.com\/images\/S\/aplus-media-library-service-media\/f17d1290-fae8-40e2-9f26-413798377517.__CR0,0,300,300_PT0_SX300_V1___.jpg\" \/> <\/div>\n<div class=\"apm-sidemodule-textright\">\n<h3 class=\"a-spacing-mini\"> Sobre o autor: <\/h3>\n<p> De catador de bolas de t\u00eanis a executivo s\u00eanior das principais consultorias internacionais, <span class=\"a-text-bold\">Jorge Azevedo <\/span>possui mais de duas d\u00e9cadas de experi\u00eancia em projetos transformacionais, no Brasil e no exterior. \u00c9 marido da Claudia e pai do Ivan, seu companheiro nos rach\u00f5es do basquete. <u>No campo profissional, Jorge \u00e9 cofundador, mentor de startups e investidor anjo em mais de quatrocentas dessas empresas.<\/u> Azevedo \u00e9 autor dos livros <span class=\"a-text-italic\">M\u00e1quina de emagrecer<\/span> e<span class=\"a-text-italic\"> Guia do executivo demitido<\/span>, e se tornou refer\u00eancia ao relatar, de modo descontra\u00eddo, hist\u00f3rias de supera\u00e7\u00e3o de desafios extremos por meio do autoconhecimento. Resiliente, Jorge sobreviveu a um naufr\u00e1gio de dois dias em alto-mar. Autodidata, viveu em v\u00e1rios pa\u00edses, e \u00e9 fluente em seis idiomas. <\/p>\n<\/p>\n<\/div>\n<\/div>\n<\/div>\n<\/div>\n<\/div>\n<\/div>\n<\/div>\n<\/div>\n<h3>Detalhes do produto<\/h3>\n<ul>\n<li>Editora : Buzz Editora<\/li>\n<li>Data da publica\u00e7\u00e3o : 26 janeiro 2023<\/li>\n<li>Edi\u00e7\u00e3o : 1\u00aa<\/li>\n<li>Idioma : Portugu\u00eas<\/li>\n<li>N\u00famero de p\u00e1ginas : 244 p\u00e1ginas<\/li>\n<li>ISBN-10 : 655393133X<\/li>\n<li>ISBN-13 : 978-6553931336<\/li>\n<li>Peso do produto : 340 g<\/li>\n<li>Dimens\u00f5es : 16 x 2 x 23 cm<\/li>\n<li>Ranking dos mais vendidos: N\u00ba 36.684 em Livros (Conhe\u00e7a o Top 100 na categoria Livros) N\u00ba 23 em Pequenas Empresas N\u00ba 30 em Com\u00e9rcio Eletr\u00f4nico N\u00ba 86 em Vendas e Vendedores<\/li>\n<li>N\u00ba 23 em Pequenas Empresas<\/li>\n<li>N\u00ba 30 em Com\u00e9rcio Eletr\u00f4nico<\/li>\n<li>N\u00ba 86 em Vendas e Vendedores<\/li>\n<li>Avalia\u00e7\u00f5es dos clientes: 4,7 4,7 de 5 estrelas (64)<\/li>\n<\/ul><\/div>","protected":false},"excerpt":{"rendered":"<p>Transforme uma ideia em um neg\u00f3cio de sucesso e altamente lucrativo ao seguir um passo a passo claro que guia desde a concep\u00e7\u00e3o at\u00e9 a monetiza\u00e7\u00e3o sustent\u00e1vel. Escrito por Jorge Azevedo, o livro oferece um roteiro pr\u00e1tico com frameworks acion\u00e1veis, estudos de caso e t\u00e9cnicas de valida\u00e7\u00e3o de mercado para reduzir riscos. Leia e descubra como transformar teoria em a\u00e7\u00f5es reais que voc\u00ea pode aplicar hoje para acelerar o crescimento do seu neg\u00f3cio.<\/p>","protected":false},"featured_media":94509,"comment_status":"open","ping_status":"closed","template":"","meta":[],"product_cat":[1611,1621,1595],"product_tag":[2377,2376,2375],"class_list":{"0":"post-94509","1":"product","2":"type-product","3":"status-publish","4":"has-post-thumbnail","5":"product_brand-por-jorge-azevedo-autor","6":"product_cat-administracao-negocios-e-economia","7":"product_cat-gestao-e-lideranca","8":"product_cat-livros","9":"product_tag-como-iniciar-uma-startup-livro","10":"product_tag-guia-abrir-startup-lucrativa","11":"product_tag-livro-startup-passo-a-passo","13":"first","14":"instock","15":"sale","16":"shipping-taxable","17":"purchasable","18":"product-type-simple"},"aioseo_notices":[],"_links":{"self":[{"href":"https:\/\/www.ecommerceupdate.com.br\/kn\/wp-json\/wp\/v2\/product\/94509","targetHints":{"allow":["GET"]}}],"collection":[{"href":"https:\/\/www.ecommerceupdate.com.br\/kn\/wp-json\/wp\/v2\/product"}],"about":[{"href":"https:\/\/www.ecommerceupdate.com.br\/kn\/wp-json\/wp\/v2\/types\/product"}],"replies":[{"embeddable":true,"href":"https:\/\/www.ecommerceupdate.com.br\/kn\/wp-json\/wp\/v2\/comments?post=94509"}],"wp:featuredmedia":[{"embeddable":true,"href":"https:\/\/www.ecommerceupdate.com.br\/kn\/wp-json\/wp\/v2\/product\/94509"}],"wp:attachment":[{"href":"https:\/\/www.ecommerceupdate.com.br\/kn\/wp-json\/wp\/v2\/media?parent=94509"}],"wp:term":[{"taxonomy":"product_cat","embeddable":true,"href":"https:\/\/www.ecommerceupdate.com.br\/kn\/wp-json\/wp\/v2\/product_cat?post=94509"},{"taxonomy":"product_tag","embeddable":true,"href":"https:\/\/www.ecommerceupdate.com.br\/kn\/wp-json\/wp\/v2\/product_tag?post=94509"}],"curies":[{"name":"wp","href":"https:\/\/api.w.org\/{rel}","templated":true}]}}