{"id":400,"date":"2024-06-24T21:21:22","date_gmt":"2024-06-24T21:21:22","guid":{"rendered":"https:\/\/www.ecommerceupdate.com.br\/?page_id=400"},"modified":"2025-02-24T10:17:53","modified_gmt":"2025-02-24T13:17:53","slug":"sobre","status":"publish","type":"page","link":"https:\/\/www.ecommerceupdate.com.br\/ko\/sobre\/","title":{"rendered":"...\uc758 \uc704\uc5d0"},"content":{"rendered":"<p>\uc804\uc790 \uc0c1\uac70\ub798 \uc5c5\ub370\uc774\ud2b8\ub294 \ube0c\ub77c\uc9c8 \uc2dc\uc7a5\uc5d0\uc11c \ucc38\uc870 \ud68c\uc0ac\ub85c, \uc804\uc790 \uc0c1\uac70\ub798 \ubd80\ubb38\uc5d0\uc11c \uace0\ud488\uc9c8 \ucf58\ud150\uce20\ub97c \uc0dd\uc0b0\ud558\uace0 \uc804\ud30c\ud558\ub294 \ub370 \ud2b9\ud654\ub418\uc5b4 \uc788\uc2b5\ub2c8\ub2e4. \uad6d\ub0b4 \uc804\uc790 \uc0c1\uac70\ub798\uc758 \uc131\uc7a5\uacfc \ubc1c\uc804\uc744 \ucd09\uc9c4\ud558\uae30 \uc704\ud574 \ud68c\uc0ac\ub294 \uc774 \ubd80\ubb38\uacfc \uad00\ub828\ub41c \uad6d\ub0b4 \ubc0f \uad6d\uc81c\uc801\uc73c\ub85c \uac00\uc7a5 \ub2e4\uc591\ud55c \uc8fc\uc81c\ub97c \ub2e4\ub8f9\ub2c8\ub2e4.<\/p>\n\n\n\n<p>\uc2ec\uce35 \uae30\uc0ac, \uc2dc\uc7a5 \ubd84\uc11d, \uc804\ubb38\uac00\uc640\uc758 \uc778\ud130\ubdf0, \uc8fc\uc694 \uc774\ubca4\ud2b8 \ubc0f \ub3d9\ud5a5 \ubcf4\ub3c4\ub97c \ud1b5\ud574 E-Commerce Update\ub294 \ub3c5\uc790\ub4e4\uc5d0\uac8c \ud48d\ubd80\ud558\uace0 \uc5c5\ub370\uc774\ud2b8\ub418\uc5c8\uc73c\uba70 \uad00\ub828\uc131 \ub192\uc740 \ucf58\ud150\uce20\ub97c \uc81c\uacf5\ud569\ub2c8\ub2e4. \uc774 \ud68c\uc0ac\ub294 \uc815\ubcf4\ub97c \uc81c\uacf5\ud560 \ubfd0\ub9cc \uc544\ub2c8\ub77c \uc804\ubb38\uac00, \uae30\uc5c5\uac00 \ubc0f \uc804\uc790\uc0c1\uac70\ub798 \uc560\ud638\uac00\ub97c \uad50\uc721\ud558\uace0 \uc601\uac10\uc744 \uc8fc\uc5b4 \ube0c\ub77c\uc9c8\uacfc \uc804 \uc138\uacc4\uc5d0\uc11c \ub354\uc6b1 \uac15\ub825\ud558\uace0 \ud601\uc2e0\uc801\uc778 \uc804\uc790\uc0c1\uac70\ub798 \uc0dd\ud0dc\uacc4 \uac1c\ubc1c\uc5d0 \uae30\uc5ec\ud569\ub2c8\ub2e4.<\/p>\n\n\n\n<p>\uc804\uc790 \uc0c1\uac70\ub798 \uc5c5\ub370\uc774\ud2b8\ub294 \ud3b8\uc9d1 \ud488\uc9c8\uacfc \uc804\uc790 \uc0c1\uac70\ub798 \uad00\ub828 \uc8fc\uc81c\uc5d0 \ub300\ud55c \ud3ec\uad04\uc801 \uc778 \uc811\uadfc \ubc29\uc2dd\uc73c\ub85c \ub450\ub4dc\ub7ec\uc9d1\ub2c8\ub2e4. \ub514\uc9c0\ud138 \ub9c8\ucf00\ud305 \uc804\ub7b5,\ubb3c\ub958, \uc9c0\ubd88 \ubc29\ubc95 \ubc0f \uc0ac\uc6a9\uc790 \uacbd\ud5d8\uc5d0\uc11c\ubd80\ud130 \uae30\uc220 \ud601\uc2e0,\uc131\uacf5 \uc0ac\ub840 \ubc0f \uc5c5\uacc4 \uacfc\uc81c\uc5d0 \uc774\ub974\uae30\uae4c\uc9c0 \ud68c\uc0ac\ub294 \uc804\uc790 \uc0c1\uac70\ub798\uc5d0\uc11c \uc131\uacf5\ud558\uae30 \uc704\ud574 \ud544\uc218\uc801\uc778 \ubaa8\ub4e0 \uce21\uba74\uc744 \ub2e4\ub8e8\ub294 \uac83\uc744 \ubaa9\ud45c\ub85c\ud569\ub2c8\ub2e4.<\/p>\n\n\n\n<p>\uc804\uc790 \uc0c1\uac70\ub798\uc5d0 \ub300\ud55c \ucf58\ud150\uce20\uc758 \uc2e0\ub8b0\ud560 \uc218 \uc788\uace0 \uace0\ubb34\uc801\uc778 \uc18c\uc2a4\ub85c \uc790\uc2e0\uc744 \ud1b5\ud569\ud568\uc73c\ub85c\uc368 \uc804\uc790 \uc0c1\uac70\ub798 \uc5c5\ub370\uc774\ud2b8\ub294 \uc810\uc810 \ub354 \uc5c5\ub370\uc774\ud2b8 \uc720\uc9c0, \uc804\ub7b5\uc744 \uac1c\uc120\ud558\uace0 \uc9c0\uc18d\uc801\uc73c\ub85c \ud655\ub300\ub418\ub294\uc774 \uc2dc\uc7a5\uc774 \uc81c\uacf5\ud558\ub294 \uae30\ud68c\ub97c \ud65c\uc6a9\ud558\uace0\uc790\ud558\ub294 \uc804\ubb38\uac00\uc640 \uae30\uc5c5\uc758 \uae30\uc900\uc810\uc774\ub418\uc5c8\uc2b5\ub2c8\ub2e4 \ube0c\ub77c\uc9c8 \ubc0f \uc804\uc138\uacc4\uc5d0\uc11c \uc804\uc790 \uc0c1\uac70\ub798\ub97c \uc721\uc131\ud558\uaca0\ub2e4\ub294 \uc57d\uc18d\uc73c\ub85c \ud68c\uc0ac\ub294\uc774 \ubd84\uc57c\uc758 \uc720\ub9dd\ud55c \ubbf8\ub798\ub97c \uad6c\ucd95\ud558\ub294 \ub370 \ud575\uc2ec\uc801\uc778 \uc5ed\ud560\uc744\ud569\ub2c8\ub2e4.<\/p>","protected":false},"excerpt":{"rendered":"<p>A E-Commerce Update \u00e9 uma empresa de refer\u00eancia no mercado brasileiro, especializada em produzir e disseminar conte\u00fado de alta qualidade sobre o setor de com\u00e9rcio eletr\u00f4nico. Com o objetivo de fomentar o crescimento e a evolu\u00e7\u00e3o do e-commerce no pa\u00eds, a empresa se dedica a abordar os mais variados temas relacionados a esse segmento, tanto [&hellip;]<\/p>\n","protected":false},"author":1,"featured_media":0,"parent":0,"menu_order":0,"comment_status":"closed","ping_status":"closed","template":"","meta":{"footnotes":""},"class_list":["post-400","page","type-page","status-publish"],"aioseo_notices":[],"_links":{"self":[{"href":"https:\/\/www.ecommerceupdate.com.br\/ko\/wp-json\/wp\/v2\/pages\/400","targetHints":{"allow":["GET"]}}],"collection":[{"href":"https:\/\/www.ecommerceupdate.com.br\/ko\/wp-json\/wp\/v2\/pages"}],"about":[{"href":"https:\/\/www.ecommerceupdate.com.br\/ko\/wp-json\/wp\/v2\/types\/page"}],"author":[{"embeddable":true,"href":"https:\/\/www.ecommerceupdate.com.br\/ko\/wp-json\/wp\/v2\/users\/1"}],"replies":[{"embeddable":true,"href":"https:\/\/www.ecommerceupdate.com.br\/ko\/wp-json\/wp\/v2\/comments?post=400"}],"version-history":[{"count":0,"href":"https:\/\/www.ecommerceupdate.com.br\/ko\/wp-json\/wp\/v2\/pages\/400\/revisions"}],"wp:attachment":[{"href":"https:\/\/www.ecommerceupdate.com.br\/ko\/wp-json\/wp\/v2\/media?parent=400"}],"curies":[{"name":"wp","href":"https:\/\/api.w.org\/{rel}","templated":true}]}}