{"id":93674,"date":"2026-03-05T14:07:10","date_gmt":"2026-03-05T17:07:10","guid":{"rendered":"https:\/\/www.ecommerceupdate.com.br\/produto\/como-vender-no-mercado-livre\/"},"modified":"2026-04-13T23:16:56","modified_gmt":"2026-04-14T02:16:56","slug":"como-vender-no-mercado-livre","status":"publish","type":"product","link":"https:\/\/www.ecommerceupdate.com.br\/ko\/produto\/como-vender-no-mercado-livre\/","title":{"rendered":"\uc790\uc720 \uc2dc\uc7a5\uc5d0\uc11c \ud310\ub9e4\ud558\ub294 \ubc29\ubc95?"},"content":{"rendered":"<div class=\"woocommerce-product-details\">\n<h3>\uc81c\ud488 \uc138\ubd80\uc0ac\ud56d<\/h3>\n<ul>\n<li>\uc544\uc2e0: B0CW1MKNV2<\/li>\n<li>\uc811\uadfc\uc131: \uc790\uc138\ud788 \uc54c\uc544\ubcf4\uae30<\/li>\n<li>\ucd9c\ud310 \ub0a0\uc9dc: 2024\ub144 4\uc6d4 25\uc77c<\/li>\n<li>\uc5b8\uc5b4: \ud3ec\ub974\ud22c\uac08\uc5b4<\/li>\n<li>\ud30c\uc77c \ud06c\uae30: 12.8 MB<\/li>\n<li>\uc2a4\ud06c\ub9b0 \ub9ac\ub354 : \ud638\ud658<\/li>\n<li>\uae00\uaf34 \uad6c\uc131: \ud65c\uc131\ud654\ub428<\/li>\n<li>\uc5b4\ud718 \ud301: \ud65c\uc131\ud654\ub418\uc9c0 \uc54a\uc558\uc2b5\ub2c8\ub2e4<\/li>\n<li>\ud398\uc774\uc9c0\uc218: 231 \ud398\uc774\uc9c0<\/li>\n<li>\ud398\uc774\uc9c0 \ub4a4\uc9d1\uae30: \ud65c\uc131\ud654\ub428<\/li>\n<li>Ranking dos mais vendidos: N\u00ba 255.234 em Loja Kindle (Conhe\u00e7a o Top 100 na categoria Loja Kindle) N\u00ba 251.551 em eBooks Kindle<\/li>\n<li>N\u00ba 251.551 em eBooks Kindle<\/li>\n<\/ul><\/div>","protected":false},"excerpt":{"rendered":"<p>Um ebook completo com todas as dicas de como iniciar suas primeiras vendas no Mercado Livre, o maior marketplace da Am\u00e9rica Latina.Nosso livro cont\u00e9m:Mercado Livre \u2013 Hist\u00f3ria, conceitos e plano de neg\u00f3cios do Mercado LivreComo iniciar as minhas vendas no Mercado LivreMarketing Digital no Mercado LivreComo administrar a minha conta no Mercado LivreComo anunciar no Mercado LivreDesenvolvimento de reputa\u00e7\u00e3o no Mercado LivrePrograma de Melhores Vendedores Mercado Livre \u2013 MercadoL\u00edderesCLIPS &#8211; Plataforma de V\u00eddeos Curtos do Mercado LivreCanais de comunica\u00e7\u00e3o com o Mercado LivreMercado Livre ClassificadosMercado Pago &#8211; Gest\u00e3o financeiraMercado Cr\u00e9ditoMercado Ads &#8211; Publicidade no Mercado Livre (Product Ads)Mercado Shops \u2013 Loja Virtual com a tecnologia do Mercado LivreMercado Envios \u2013 Gest\u00e3o log\u00edstica no Mercado LivreMercado Livre Developers &#8211; Desenvolva solu\u00e7\u00f5es para milhares de vendedoresMercado Livre AppStore &#8211; Aplicativos que escalam seu neg\u00f3cio no Mercado LivreMercado Livre &#8211; Emissor de Notas Fiscais Eletr\u00f4nicas do Mercado Livre<\/p>","protected":false},"featured_media":93674,"comment_status":"open","ping_status":"closed","template":"","meta":{"_aipt_faq_data":""},"product_cat":[1608,1607],"product_tag":[],"class_list":{"0":"post-93674","1":"product","2":"type-product","3":"status-publish","4":"has-post-thumbnail","6":"product_brand-por-andr-santos-autor-formato-ebook-kindle","7":"product_cat-ebooks-kindle","8":"product_cat-loja-kindle","10":"first","11":"instock","12":"shipping-taxable","13":"purchasable","14":"product-type-simple"},"aioseo_notices":[],"_links":{"self":[{"href":"https:\/\/www.ecommerceupdate.com.br\/ko\/wp-json\/wp\/v2\/product\/93674","targetHints":{"allow":["GET"]}}],"collection":[{"href":"https:\/\/www.ecommerceupdate.com.br\/ko\/wp-json\/wp\/v2\/product"}],"about":[{"href":"https:\/\/www.ecommerceupdate.com.br\/ko\/wp-json\/wp\/v2\/types\/product"}],"replies":[{"embeddable":true,"href":"https:\/\/www.ecommerceupdate.com.br\/ko\/wp-json\/wp\/v2\/comments?post=93674"}],"wp:featuredmedia":[{"embeddable":true,"href":"https:\/\/www.ecommerceupdate.com.br\/ko\/wp-json\/wp\/v2\/product\/93674"}],"wp:attachment":[{"href":"https:\/\/www.ecommerceupdate.com.br\/ko\/wp-json\/wp\/v2\/media?parent=93674"}],"wp:term":[{"taxonomy":"product_cat","embeddable":true,"href":"https:\/\/www.ecommerceupdate.com.br\/ko\/wp-json\/wp\/v2\/product_cat?post=93674"},{"taxonomy":"product_tag","embeddable":true,"href":"https:\/\/www.ecommerceupdate.com.br\/ko\/wp-json\/wp\/v2\/product_tag?post=93674"}],"curies":[{"name":"wp","href":"https:\/\/api.w.org\/{rel}","templated":true}]}}