{"id":94283,"date":"2026-03-11T13:13:03","date_gmt":"2026-03-11T16:13:03","guid":{"rendered":"https:\/\/www.ecommerceupdate.com.br\/produto\/a-psicologia-da-midia-social\/"},"modified":"2026-03-13T15:55:35","modified_gmt":"2026-03-13T18:55:35","slug":"a-psicologia-da-midia-social","status":"publish","type":"product","link":"https:\/\/www.ecommerceupdate.com.br\/ko\/produto\/a-psicologia-da-midia-social\/","title":{"rendered":"\uc18c\uc15c \ubbf8\ub514\uc5b4\uc758 \uc2ec\ub9ac\ud559"},"content":{"rendered":"<div class=\"woocommerce-product-details\"><\/div>","protected":false},"excerpt":{"rendered":"<p>Estamos realmente sendo n\u00f3s mesmos nas m\u00eddias sociais? H\u00e1 algum benef\u00edcio em nos conectarmos com pessoas que mal conhecemos? Por que algumas pessoas compartilham coisas demais nas redes sociais?<br \/> A psicologia da m\u00eddia social explora quanto \u00e0 nossa vida cotidiana acontece online e como isso pode afetar nossa identidade, nosso bem-estar e nossos servi\u00e7os. Este livro examina como nossos perfis, nossos contatos, nossas atualiza\u00e7\u00f5es de status e como fotos que compartilhamos online podem ser uma maneira de nos expressarmos e de ampliarmos nossa rede de contatos, mas tamb\u00e9m destaca como armadilhas da m\u00eddia<br \/> social, incluindo quest\u00f5es de privacidade.<br \/> Fa\u00e7a FOMO ao fraping , fa\u00e7a subtweeting \u00e0s selfies ,A psicologia da m\u00eddia social mostra como redes desenvolveram todo um novo mundo de comunica\u00e7\u00e3o e, para o bem ou para o mal, provavelmente continuar\u00e3o a ser uma parte essencial de como nos entendemos enquanto seres humanos.<\/p>","protected":false},"featured_media":0,"comment_status":"open","ping_status":"closed","template":"","meta":{"_aipt_faq_data":""},"product_cat":[1638,1595,1637],"product_tag":[],"class_list":{"0":"post-94283","1":"product","2":"type-product","3":"status-publish","5":"product_brand-edicao-portugus-por-ciarn-mc-mahon-autor","6":"product_cat-ciencias-sociais","7":"product_cat-livros","8":"product_cat-politica-filosofia-e-ciencias-sociais","10":"first","11":"instock","12":"sale","13":"shipping-taxable","14":"purchasable","15":"product-type-simple"},"aioseo_notices":[],"_links":{"self":[{"href":"https:\/\/www.ecommerceupdate.com.br\/ko\/wp-json\/wp\/v2\/product\/94283","targetHints":{"allow":["GET"]}}],"collection":[{"href":"https:\/\/www.ecommerceupdate.com.br\/ko\/wp-json\/wp\/v2\/product"}],"about":[{"href":"https:\/\/www.ecommerceupdate.com.br\/ko\/wp-json\/wp\/v2\/types\/product"}],"replies":[{"embeddable":true,"href":"https:\/\/www.ecommerceupdate.com.br\/ko\/wp-json\/wp\/v2\/comments?post=94283"}],"wp:attachment":[{"href":"https:\/\/www.ecommerceupdate.com.br\/ko\/wp-json\/wp\/v2\/media?parent=94283"}],"wp:term":[{"taxonomy":"product_cat","embeddable":true,"href":"https:\/\/www.ecommerceupdate.com.br\/ko\/wp-json\/wp\/v2\/product_cat?post=94283"},{"taxonomy":"product_tag","embeddable":true,"href":"https:\/\/www.ecommerceupdate.com.br\/ko\/wp-json\/wp\/v2\/product_tag?post=94283"}],"curies":[{"name":"wp","href":"https:\/\/api.w.org\/{rel}","templated":true}]}}