{"id":91562,"date":"2026-02-06T16:30:11","date_gmt":"2026-02-06T19:30:11","guid":{"rendered":"https:\/\/www.ecommerceupdate.org\/produto\/como-vender-na-amazon-brasil-26-dicas-de-vendas-bonus\/"},"modified":"2026-05-11T09:38:28","modified_gmt":"2026-05-11T12:38:28","slug":"como-vender-na-amazon-brasil-26-dicas-de-vendas-bonus","status":"publish","type":"product","link":"https:\/\/www.ecommerceupdate.com.br\/ku\/produto\/como-vender-na-amazon-brasil-26-dicas-de-vendas-bonus\/","title":{"rendered":"Como Vender na Amazon Brasil: 26 Dicas de Vendas + B\u00f4nus"},"content":{"rendered":"<div class=\"woocommerce-product-details\">\n<h3>Detalhes do produto<\/h3>\n<ul>\n<li>ASIN : B09ZYPVYR2<\/li>\n<li>Editora : Alan Alves da Silva<\/li>\n<li>Acessibilidade : Saiba mais<\/li>\n<li>Data da publica\u00e7\u00e3o : 9 maio 2022<\/li>\n<li>Edi\u00e7\u00e3o : 1\u00aa<\/li>\n<li>Idioma : Portugu\u00eas<\/li>\n<li>Tamanho do arquivo : 5.9 MB<\/li>\n<li>Leitor de tela : Compat\u00edvel<\/li>\n<li>Configura\u00e7\u00e3o de fonte : Habilitado<\/li>\n<li>Dicas de vocabul\u00e1rio : N\u00e3o habilitado<\/li>\n<li>N\u00famero de p\u00e1ginas : 129 p\u00e1ginas<\/li>\n<li>Page Flip : Habilitado<\/li>\n<li>Ranking dos mais vendidos: N\u00ba 64.055 em Loja Kindle (Conhe\u00e7a o Top 100 na categoria Loja Kindle) N\u00ba 27 em Com\u00e9rcio on-line N\u00ba 351 em Empreendimento N\u00ba 2.208 em Neg\u00f3cios e economia<\/li>\n<li>N\u00ba 27 em Com\u00e9rcio on-line<\/li>\n<li>N\u00ba 351 em Empreendimento<\/li>\n<li>N\u00ba 2.208 em Neg\u00f3cios e economia<\/li>\n<li>Avalia\u00e7\u00f5es dos clientes: 4,4 4,4 de 5 estrelas (20)<\/li>\n<\/ul><\/div>","protected":false},"excerpt":{"rendered":"<p>Transforme sua performance de vendas na Amazon Brasil com estrat\u00e9gias pr\u00e1ticas que aumentam a visibilidade, a taxa de convers\u00e3o e o faturamento sem complica\u00e7\u00e3o. Escrito para leitura no formato eBook Kindle, re\u00fane 26 Dicas de Vendas + B\u00f4nus, desenvolvido por Alan Alves da Silva, com foco em listagens, precifica\u00e7\u00e3o competitiva e gest\u00e3o de an\u00fancios. E com o pre\u00e7o de apenas R$ 18,90, este guia direto oferece caminhos comprovados para aplicar hoje mesmo e acelerar seus resultados.<\/p>","protected":false},"featured_media":91562,"comment_status":"open","ping_status":"closed","template":"","meta":[],"product_cat":[1611,1613,1595],"product_tag":[2798,2797,2799],"class_list":{"0":"post-91562","1":"product","2":"type-product","3":"status-publish","4":"has-post-thumbnail","5":"product_brand-por-alan-alves-da-silva-autor-formato-ebook-kindle","6":"product_cat-administracao-negocios-e-economia","7":"product_cat-industrias-e-profissoes","8":"product_cat-livros","9":"product_tag-26-dicas-de-vendas-amazon-brasil","10":"product_tag-ebook-kindle-como-vender-na-amazon-brasil","11":"product_tag-guia-para-vendedores-online-iniciantes-na-amazon-brasil","13":"first","14":"instock","15":"shipping-taxable","16":"purchasable","17":"product-type-simple"},"aioseo_notices":[],"_links":{"self":[{"href":"https:\/\/www.ecommerceupdate.com.br\/ku\/wp-json\/wp\/v2\/product\/91562","targetHints":{"allow":["GET"]}}],"collection":[{"href":"https:\/\/www.ecommerceupdate.com.br\/ku\/wp-json\/wp\/v2\/product"}],"about":[{"href":"https:\/\/www.ecommerceupdate.com.br\/ku\/wp-json\/wp\/v2\/types\/product"}],"replies":[{"embeddable":true,"href":"https:\/\/www.ecommerceupdate.com.br\/ku\/wp-json\/wp\/v2\/comments?post=91562"}],"wp:featuredmedia":[{"embeddable":true,"href":"https:\/\/www.ecommerceupdate.com.br\/ku\/wp-json\/wp\/v2\/product\/91562"}],"wp:attachment":[{"href":"https:\/\/www.ecommerceupdate.com.br\/ku\/wp-json\/wp\/v2\/media?parent=91562"}],"wp:term":[{"taxonomy":"product_cat","embeddable":true,"href":"https:\/\/www.ecommerceupdate.com.br\/ku\/wp-json\/wp\/v2\/product_cat?post=91562"},{"taxonomy":"product_tag","embeddable":true,"href":"https:\/\/www.ecommerceupdate.com.br\/ku\/wp-json\/wp\/v2\/product_tag?post=91562"}],"curies":[{"name":"wp","href":"https:\/\/api.w.org\/{rel}","templated":true}]}}