{"id":91647,"date":"2026-02-07T11:37:04","date_gmt":"2026-02-07T14:37:04","guid":{"rendered":"https:\/\/www.ecommerceupdate.org\/produto\/amazon-sem-limites-jeff-bezos-e-a-invencao-de-um-imperio-global\/"},"modified":"2026-05-13T10:02:32","modified_gmt":"2026-05-13T13:02:32","slug":"amazon-sem-limites-jeff-bezos-e-a-invencao-de-um-imperio-global","status":"publish","type":"product","link":"https:\/\/www.ecommerceupdate.com.br\/ku\/produto\/amazon-sem-limites-jeff-bezos-e-a-invencao-de-um-imperio-global\/","title":{"rendered":"Amazon sem limites: Jeff Bezos e a inven\u00e7\u00e3o de um imp\u00e9rio global"},"content":{"rendered":"<div class=\"woocommerce-product-details\"><\/div>","protected":false},"excerpt":{"rendered":"<p>Descubra como transformar uma vis\u00e3o audaciosa em um imp\u00e9rio global, aprendendo li\u00e7\u00f5es de lideran\u00e7a, inova\u00e7\u00e3o e gest\u00e3o de opera\u00e7\u00f5es que continuam a moldar o mundo dos neg\u00f3cios. O livro est\u00e1 dispon\u00edvel em formato eBook Kindle e custa R$ 42,21. Leia para entender como Jeff Bezos moldou a Amazon e obtenha insights pr\u00e1ticos que podem orientar a sua gest\u00e3o e estrat\u00e9gia de crescimento.<\/p>","protected":false},"featured_media":91647,"comment_status":"open","ping_status":"closed","template":"","meta":[],"product_cat":[1611,1621,1595],"product_tag":[2785,2787,2786],"class_list":{"0":"post-91647","1":"product","2":"type-product","3":"status-publish","4":"has-post-thumbnail","5":"product_brand-por-brad-stone-autor-isabella-pacheco-tradutor-livia-de-almeida-tradutor-regina-lyra-tradutor-1-mais-formato-ebook-kindle","6":"product_cat-administracao-negocios-e-economia","7":"product_cat-gestao-e-lideranca","8":"product_cat-livros","9":"product_tag-ebook-kindle-amazon-biografia-empresarial","10":"product_tag-historia-da-amazon-gestao-lideranca-livro","11":"product_tag-jeff-bezos-livro-de-negocios-lideranca","13":"first","14":"instock","15":"sale","16":"shipping-taxable","17":"purchasable","18":"product-type-simple"},"aioseo_notices":[],"_links":{"self":[{"href":"https:\/\/www.ecommerceupdate.com.br\/ku\/wp-json\/wp\/v2\/product\/91647","targetHints":{"allow":["GET"]}}],"collection":[{"href":"https:\/\/www.ecommerceupdate.com.br\/ku\/wp-json\/wp\/v2\/product"}],"about":[{"href":"https:\/\/www.ecommerceupdate.com.br\/ku\/wp-json\/wp\/v2\/types\/product"}],"replies":[{"embeddable":true,"href":"https:\/\/www.ecommerceupdate.com.br\/ku\/wp-json\/wp\/v2\/comments?post=91647"}],"wp:featuredmedia":[{"embeddable":true,"href":"https:\/\/www.ecommerceupdate.com.br\/ku\/wp-json\/wp\/v2\/product\/91647"}],"wp:attachment":[{"href":"https:\/\/www.ecommerceupdate.com.br\/ku\/wp-json\/wp\/v2\/media?parent=91647"}],"wp:term":[{"taxonomy":"product_cat","embeddable":true,"href":"https:\/\/www.ecommerceupdate.com.br\/ku\/wp-json\/wp\/v2\/product_cat?post=91647"},{"taxonomy":"product_tag","embeddable":true,"href":"https:\/\/www.ecommerceupdate.com.br\/ku\/wp-json\/wp\/v2\/product_tag?post=91647"}],"curies":[{"name":"wp","href":"https:\/\/api.w.org\/{rel}","templated":true}]}}