{"id":93359,"date":"2026-03-03T16:33:27","date_gmt":"2026-03-03T19:33:27","guid":{"rendered":"https:\/\/www.ecommerceupdate.com.br\/produto\/desvendando-o-algoritmo-do-mercado-livre-para-vender-muito-mais\/"},"modified":"2026-05-09T11:44:20","modified_gmt":"2026-05-09T14:44:20","slug":"desvendando-o-algoritmo-do-mercado-livre-para-vender-muito-mais","status":"publish","type":"product","link":"https:\/\/www.ecommerceupdate.com.br\/ku\/produto\/desvendando-o-algoritmo-do-mercado-livre-para-vender-muito-mais\/","title":{"rendered":"Desvendando o Algoritmo do Mercado Livre Para Vender Muito Mais"},"content":{"rendered":"<div class=\"woocommerce-product-details\"><\/div>","protected":false},"excerpt":{"rendered":"<p>Alavanque suas vendas no Mercado Livre ao entender o algoritmo que determina a visibilidade, oferecendo uma vantagem pr\u00e1tica para vender muito mais. Escrito por Marco Antonio Ponciano, este livro na categoria Administra\u00e7\u00e3o, Neg\u00f3cios e Economia apresenta estrat\u00e9gias testadas e aplic\u00e1veis para otimizar listagens, melhorar a posi\u00e7\u00e3o nos resultados de busca e converter cliques em compras, tudo por apenas R$ 49,77. Descubra como adaptar t\u00e9cnicas ao seu neg\u00f3cio e leia para desbloquear passos concretos que podem transformar seu desempenho de vendas.<\/p>","protected":false},"featured_media":93359,"comment_status":"open","ping_status":"closed","template":"","meta":[],"product_cat":[1611,1595],"product_tag":[2684,2683,2685],"class_list":{"0":"post-93359","1":"product","2":"type-product","3":"status-publish","4":"has-post-thumbnail","5":"product_brand-por-marco-antonio-ponciano-autor","6":"product_cat-administracao-negocios-e-economia","7":"product_cat-livros","8":"product_tag-como-vender-mais-no-mercado-livre","9":"product_tag-livro-desvendando-o-algoritmo-mercado-livre","10":"product_tag-otimizacao-de-listagens-mercado-livre","12":"first","13":"instock","14":"shipping-taxable","15":"purchasable","16":"product-type-simple"},"aioseo_notices":[],"_links":{"self":[{"href":"https:\/\/www.ecommerceupdate.com.br\/ku\/wp-json\/wp\/v2\/product\/93359","targetHints":{"allow":["GET"]}}],"collection":[{"href":"https:\/\/www.ecommerceupdate.com.br\/ku\/wp-json\/wp\/v2\/product"}],"about":[{"href":"https:\/\/www.ecommerceupdate.com.br\/ku\/wp-json\/wp\/v2\/types\/product"}],"replies":[{"embeddable":true,"href":"https:\/\/www.ecommerceupdate.com.br\/ku\/wp-json\/wp\/v2\/comments?post=93359"}],"wp:featuredmedia":[{"embeddable":true,"href":"https:\/\/www.ecommerceupdate.com.br\/ku\/wp-json\/wp\/v2\/product\/93359"}],"wp:attachment":[{"href":"https:\/\/www.ecommerceupdate.com.br\/ku\/wp-json\/wp\/v2\/media?parent=93359"}],"wp:term":[{"taxonomy":"product_cat","embeddable":true,"href":"https:\/\/www.ecommerceupdate.com.br\/ku\/wp-json\/wp\/v2\/product_cat?post=93359"},{"taxonomy":"product_tag","embeddable":true,"href":"https:\/\/www.ecommerceupdate.com.br\/ku\/wp-json\/wp\/v2\/product_tag?post=93359"}],"curies":[{"name":"wp","href":"https:\/\/api.w.org\/{rel}","templated":true}]}}