{"id":93398,"date":"2026-03-04T08:04:15","date_gmt":"2026-03-04T11:04:15","guid":{"rendered":"https:\/\/www.ecommerceupdate.com.br\/produto\/aspectos-juridicos-do-e-commerce\/"},"modified":"2026-05-11T09:50:44","modified_gmt":"2026-05-11T12:50:44","slug":"aspectos-juridicos-do-e-commerce","status":"publish","type":"product","link":"https:\/\/www.ecommerceupdate.com.br\/ku\/produto\/aspectos-juridicos-do-e-commerce\/","title":{"rendered":"Aspectos Jur\u00eddicos Do E-commerce"},"content":{"rendered":"<div class=\"woocommerce-product-details\">\n<div id=\"aplus_feature_div\" class=\"celwidget\" data-feature-name=\"aplus\" data-csa-c-type=\"widget\" data-csa-c-content-id=\"aplus\" data-csa-c-slot-id=\"aplus_feature_div\" data-csa-c-asin=\"\" data-csa-c-is-in-initial-active-row=\"false\">\n<div id=\"aplus\" class=\"a-section a-spacing-large bucket\">\n<h3 class=\"\">Da editora<\/h3>\n<div lang=\"pt_BR\">\n<div class=\"aplus-v2 desktop celwidget\">\n<div class=\"celwidget aplus-module module-2 aplus-standard\">\n<div class=\"aplus-module-wrapper apm-floatnone apm-fixed-width\">\n<div class=\"apm-sidemodule apm-spacing\">\n<div class=\"apm-sidemodule-imageleft\"> <img decoding=\"async\" alt=\"RT\" src=\"https:\/\/m.media-amazon.com\/images\/S\/aplus-media\/vc\/156b09d9-7747-4258-ab5a-4d6ed3868375.__CR0,0,300,300_PT0_SX300_V1___.png\" \/> <\/div>\n<div class=\"apm-sidemodule-textright\">\n<h3 class=\"a-spacing-mini\"> Lan\u00e7amento Aspectos Jur\u00eddicos do E-commerce <\/h3>\n<p> O presente estudo aborda temas atuais como a Prote\u00e7\u00e3o de Dados, o novo sistema de pagamento PIX, a aplica\u00e7\u00e3o do Visual Law nos Termos e Condi\u00e7\u00f5es de Uso e Pol\u00edticas de Privacidade, contrata\u00e7\u00e3o de Digital Influencers, novas modalidades de fraudes eletr\u00f4nicas e avan\u00e7os legislativos relacionados ao tema. S\u00e3o 16 artigos escritos de forma clara e objetiva, embasados em doutrina e jurisprud\u00eancia, com foco em empres\u00e1rios e advogados que buscam uma vis\u00e3o jur\u00eddica integrada sobre o com\u00e9rcio eletr\u00f4nico. Todos os cap\u00edtulos contam com infogr\u00e1ficos e v\u00eddeos explicativos disponibilizados por meio do QR Code. <\/p>\n<\/p>\n<\/div>\n<\/div>\n<\/div>\n<\/div>\n<div class=\"celwidget aplus-module module-3 aplus-standard\">\n<div class=\"aplus-module-wrapper apm-floatnone apm-fixed-width\">\n<div class=\"apm-sidemodule apm-spacing\">\n<div class=\"apm-sidemodule-imageright\"> <img decoding=\"async\" alt=\"RT\" src=\"https:\/\/m.media-amazon.com\/images\/S\/aplus-media\/vc\/cc9903b8-d12b-4e8e-9d2a-465a9e79626a.__CR0,0,300,300_PT0_SX300_V1___.png\" \/> <\/div>\n<div class=\"apm-sidemodule-textleft\">\n<h3 class=\"a-spacing-mini\"> Sobre a autora <\/h3>\n<p> Nadia \u00e9 advogada formada pela Universidade Presbiteriana Mackenzie; P\u00f3s-Graduada Contratos e Direito Digital e Compliance, foi aluna do Intelectual Property Summer Institute no Franklin Pierce Law Center \u2013 New Hampshire, EUA e do Training Course for IP Protection Lawyers pelo Japan Patent Office \u2013 Jap\u00e3o. <\/p>\n<\/p>\n<\/div>\n<\/div>\n<\/div>\n<\/div>\n<div class=\"celwidget aplus-module module-9 aplus-standard\">\n<div class=\"aplus-module-wrapper apm-fixed-width apm-spacing\">\n<div class=\"apm-flex\">\n<div class=\"apm-flex-item-third-width\">\n<p class=\"apm-text-center\"> <img decoding=\"async\" alt=\"RT\" src=\"https:\/\/m.media-amazon.com\/images\/S\/aplus-media\/vc\/61b37029-f4cb-4cec-8f67-5901287f38d9.__CR0,0,300,300_PT0_SX300_V1___.png\" \/> <\/p>\n<\/p>\n<\/div>\n<\/div>\n<\/div>\n<\/div>\n<div class=\"celwidget aplus-module launchpad-company-logo aplus-standard\">\n<div class=\"a-section a-text-center launchpad-module launchpad-module-company-logo\"> <img decoding=\"async\" alt=\"RT\" src=\"https:\/\/m.media-amazon.com\/images\/S\/aplus-media\/vc\/14cf220d-8680-4753-bb84-8e7272d597a8.__CR0,0,600,180_PT0_SX600_V1___.png\" \/> <\/div>\n<\/p>\n<\/div>\n<\/div>\n<\/div>\n<\/div>\n<\/div>\n<h3>Detalhes do produto<\/h3>\n<ul>\n<li>Editora : Revista dos Tribunais<\/li>\n<li>Data da publica\u00e7\u00e3o : 2 abril 2021<\/li>\n<li>Edi\u00e7\u00e3o : Nova Edi\u00e7\u00e3o\u00aa<\/li>\n<li>Idioma : Portugu\u00eas<\/li>\n<li>N\u00famero de p\u00e1ginas : 352 p\u00e1ginas<\/li>\n<li>ISBN-10 : 6556148237<\/li>\n<li>ISBN-13 : 978-6556148236<\/li>\n<li>Peso do produto : 440 g<\/li>\n<li>Dimens\u00f5es : 22.6 x 15.8 x 1.8 cm<\/li>\n<li>Ranking dos mais vendidos: N\u00ba 273.974 em Livros (Conhe\u00e7a o Top 100 na categoria Livros) N\u00ba 309 em Administra\u00e7\u00e3o Comercial N\u00ba 18.646 em Feriados e Festivais Infantil e Infantojuvenil<\/li>\n<li>N\u00ba 309 em Administra\u00e7\u00e3o Comercial<\/li>\n<li>N\u00ba 18.646 em Feriados e Festivais Infantil e Infantojuvenil<\/li>\n<li>Avalia\u00e7\u00f5es dos clientes: 4,3 4,3 de 5 estrelas (11)<\/li>\n<\/ul><\/div>","protected":false},"excerpt":{"rendered":"<p>Garanta conformidade jur\u00eddica e tranquilidade operacional no seu e-commerce, reduzindo riscos de lit\u00edgios e san\u00e7\u00f5es. A edi\u00e7\u00e3o em portugu\u00eas, de Nadia Andreotti e T\u00fcchumantel Hackerott, oferece orienta\u00e7\u00e3o pr\u00e1tica sobre contratos, prote\u00e7\u00e3o de dados e responsabilidade no com\u00e9rcio eletr\u00f4nico. Com o pre\u00e7o de apenas R$ 27,59, este livro \u00e9 o recurso acess\u00edvel para entender os principais aspectos legais do varejo online e transformar a gest\u00e3o jur\u00eddica do seu neg\u00f3cio.<\/p>","protected":false},"featured_media":93398,"comment_status":"open","ping_status":"closed","template":"","meta":[],"product_cat":[1609,1657,1595],"product_tag":[2666,2665,2667],"class_list":{"0":"post-93398","1":"product","2":"type-product","3":"status-publish","4":"has-post-thumbnail","5":"product_brand-edicao-portugus-por-nadia-andreotti-tchumantel-hackerott-autor","6":"product_cat-direito","7":"product_cat-direito-empresarial","8":"product_cat-livros","9":"product_tag-direito-empresarial-e-commerce-lgpd-contratos-online","10":"product_tag-livro-aspectos-juridicos-do-e-commerce","11":"product_tag-protecao-ao-consumidor-comercio-eletronico","13":"first","14":"instock","15":"sale","16":"shipping-taxable","17":"purchasable","18":"product-type-simple"},"aioseo_notices":[],"_links":{"self":[{"href":"https:\/\/www.ecommerceupdate.com.br\/ku\/wp-json\/wp\/v2\/product\/93398","targetHints":{"allow":["GET"]}}],"collection":[{"href":"https:\/\/www.ecommerceupdate.com.br\/ku\/wp-json\/wp\/v2\/product"}],"about":[{"href":"https:\/\/www.ecommerceupdate.com.br\/ku\/wp-json\/wp\/v2\/types\/product"}],"replies":[{"embeddable":true,"href":"https:\/\/www.ecommerceupdate.com.br\/ku\/wp-json\/wp\/v2\/comments?post=93398"}],"wp:featuredmedia":[{"embeddable":true,"href":"https:\/\/www.ecommerceupdate.com.br\/ku\/wp-json\/wp\/v2\/product\/93398"}],"wp:attachment":[{"href":"https:\/\/www.ecommerceupdate.com.br\/ku\/wp-json\/wp\/v2\/media?parent=93398"}],"wp:term":[{"taxonomy":"product_cat","embeddable":true,"href":"https:\/\/www.ecommerceupdate.com.br\/ku\/wp-json\/wp\/v2\/product_cat?post=93398"},{"taxonomy":"product_tag","embeddable":true,"href":"https:\/\/www.ecommerceupdate.com.br\/ku\/wp-json\/wp\/v2\/product_tag?post=93398"}],"curies":[{"name":"wp","href":"https:\/\/api.w.org\/{rel}","templated":true}]}}