{"id":93910,"date":"2026-03-06T07:25:35","date_gmt":"2026-03-06T10:25:35","guid":{"rendered":"https:\/\/www.ecommerceupdate.com.br\/produto\/the-operational-excellence-library-mastering-omnichannel-marketing\/"},"modified":"2026-05-13T10:45:41","modified_gmt":"2026-05-13T13:45:41","slug":"the-operational-excellence-library-mastering-omnichannel-marketing","status":"publish","type":"product","link":"https:\/\/www.ecommerceupdate.com.br\/ku\/produto\/the-operational-excellence-library-mastering-omnichannel-marketing\/","title":{"rendered":"The Operational Excellence Library; Mastering Omnichannel Marketing"},"content":{"rendered":"<div class=\"woocommerce-product-details\">\n<h3>Detalhes do produto<\/h3>\n<ul>\n<li>Editora : 5STARCooks<\/li>\n<li>Data da publica\u00e7\u00e3o : 22 outubro 2024<\/li>\n<li>Idioma : Ingl\u00eas<\/li>\n<li>N\u00famero de p\u00e1ginas : 404 p\u00e1ginas<\/li>\n<li>ISBN-10 : 1038874459<\/li>\n<li>ISBN-13 : 978-1038874450<\/li>\n<li>Peso do produto : 680 g<\/li>\n<li>Dimens\u00f5es : 15.24 x 2.31 x 22.86 cm<\/li>\n<\/ul><\/div>","protected":false},"excerpt":{"rendered":"<p>Domine a excel\u00eancia operacional e eleve sua estrat\u00e9gia de marketing omnichannel a um novo patamar. A edi\u00e7\u00e3o em ingl\u00eas por Gerardus Blokdyk, da The Art of Service, oferece instru\u00e7\u00f5es pr\u00e1ticas e modelos comprovados para alinhar canais, personalizar jornadas do cliente e medir resultados com precis\u00e3o, tudo reunido na The Operational Excellence Library: Mastering Omnichannel Marketing. Por apenas R$ 456,94, mergulhe nas p\u00e1ginas que transformam teoria em a\u00e7\u00f5es reais no dia a dia da sua empresa.<\/p>","protected":false},"featured_media":93910,"comment_status":"open","ping_status":"closed","template":"","meta":[],"product_cat":[1611,1595,1610],"product_tag":[2598,2600,2599],"class_list":{"0":"post-93910","1":"product","2":"type-product","3":"status-publish","4":"has-post-thumbnail","5":"product_brand-edicao-ingls-por-gerardus-blokdyk-the-art-of-service-autor","6":"product_cat-administracao-negocios-e-economia","7":"product_cat-livros","8":"product_cat-livros-internacionais","9":"product_tag-mastering-omnichannel-marketing-book","10":"product_tag-omnichannel-marketing-strategy-guide","11":"product_tag-operational-excellence-library","13":"first","14":"instock","15":"shipping-taxable","16":"purchasable","17":"product-type-simple"},"aioseo_notices":[],"_links":{"self":[{"href":"https:\/\/www.ecommerceupdate.com.br\/ku\/wp-json\/wp\/v2\/product\/93910","targetHints":{"allow":["GET"]}}],"collection":[{"href":"https:\/\/www.ecommerceupdate.com.br\/ku\/wp-json\/wp\/v2\/product"}],"about":[{"href":"https:\/\/www.ecommerceupdate.com.br\/ku\/wp-json\/wp\/v2\/types\/product"}],"replies":[{"embeddable":true,"href":"https:\/\/www.ecommerceupdate.com.br\/ku\/wp-json\/wp\/v2\/comments?post=93910"}],"wp:featuredmedia":[{"embeddable":true,"href":"https:\/\/www.ecommerceupdate.com.br\/ku\/wp-json\/wp\/v2\/product\/93910"}],"wp:attachment":[{"href":"https:\/\/www.ecommerceupdate.com.br\/ku\/wp-json\/wp\/v2\/media?parent=93910"}],"wp:term":[{"taxonomy":"product_cat","embeddable":true,"href":"https:\/\/www.ecommerceupdate.com.br\/ku\/wp-json\/wp\/v2\/product_cat?post=93910"},{"taxonomy":"product_tag","embeddable":true,"href":"https:\/\/www.ecommerceupdate.com.br\/ku\/wp-json\/wp\/v2\/product_tag?post=93910"}],"curies":[{"name":"wp","href":"https:\/\/api.w.org\/{rel}","templated":true}]}}