{"id":94502,"date":"2026-03-15T14:19:10","date_gmt":"2026-03-15T17:19:10","guid":{"rendered":"https:\/\/www.ecommerceupdate.com.br\/produto\/os-10-pecados-mortais-do-marketing-sintomas-e-solucoes\/"},"modified":"2026-05-03T11:59:08","modified_gmt":"2026-05-03T14:59:08","slug":"os-10-pecados-mortais-do-marketing-sintomas-e-solucoes","status":"publish","type":"product","link":"https:\/\/www.ecommerceupdate.com.br\/ku\/produto\/os-10-pecados-mortais-do-marketing-sintomas-e-solucoes\/","title":{"rendered":"Os 10 pecados mortais do marketing: Sintomas e solu\u00e7\u00f5es"},"content":{"rendered":"<div class=\"woocommerce-product-details\"><\/div>","protected":false},"excerpt":{"rendered":"<p>Conquiste resultados s\u00f3lidos ao entender e evitar os 10 pecados mortais do marketing, com solu\u00e7\u00f5es pr\u00e1ticas que transformam falhas em estrat\u00e9gias rent\u00e1veis. Esta edi\u00e7\u00e3o em Portugu\u00eas, de Philip Kotler (Autor) e com a tradu\u00e7\u00e3o de Ivo Korytowski, apresenta sintomas claros e solu\u00e7\u00f5es aplic\u00e1veis, por apenas R$ 25,91. Leia para descobrir como diagnosticar gargalos, reorientar campanhas e transformar seus resultados.<\/p>","protected":false},"featured_media":94502,"comment_status":"open","ping_status":"closed","template":"","meta":[],"product_cat":[1701,1700,1595],"product_tag":[2392,2393,2394],"class_list":{"0":"post-94502","1":"product","2":"type-product","3":"status-publish","4":"has-post-thumbnail","5":"product_brand-edicao-portugus-por-philip-kotler-autor-ivo-korytowski-tradutor","6":"product_cat-drama","7":"product_cat-literatura-e-ficcao","8":"product_cat-livros","9":"product_tag-livro-de-marketing-kotler-edicao-em-portugues","10":"product_tag-os-10-pecados-mortais-do-marketing","11":"product_tag-sintomas-e-solucoes-do-marketing-livro","13":"first","14":"instock","15":"shipping-taxable","16":"purchasable","17":"product-type-simple"},"aioseo_notices":[],"_links":{"self":[{"href":"https:\/\/www.ecommerceupdate.com.br\/ku\/wp-json\/wp\/v2\/product\/94502","targetHints":{"allow":["GET"]}}],"collection":[{"href":"https:\/\/www.ecommerceupdate.com.br\/ku\/wp-json\/wp\/v2\/product"}],"about":[{"href":"https:\/\/www.ecommerceupdate.com.br\/ku\/wp-json\/wp\/v2\/types\/product"}],"replies":[{"embeddable":true,"href":"https:\/\/www.ecommerceupdate.com.br\/ku\/wp-json\/wp\/v2\/comments?post=94502"}],"wp:featuredmedia":[{"embeddable":true,"href":"https:\/\/www.ecommerceupdate.com.br\/ku\/wp-json\/wp\/v2\/product\/94502"}],"wp:attachment":[{"href":"https:\/\/www.ecommerceupdate.com.br\/ku\/wp-json\/wp\/v2\/media?parent=94502"}],"wp:term":[{"taxonomy":"product_cat","embeddable":true,"href":"https:\/\/www.ecommerceupdate.com.br\/ku\/wp-json\/wp\/v2\/product_cat?post=94502"},{"taxonomy":"product_tag","embeddable":true,"href":"https:\/\/www.ecommerceupdate.com.br\/ku\/wp-json\/wp\/v2\/product_tag?post=94502"}],"curies":[{"name":"wp","href":"https:\/\/api.w.org\/{rel}","templated":true}]}}