{"id":404,"date":"2024-06-24T21:31:41","date_gmt":"2024-06-24T21:31:41","guid":{"rendered":"https:\/\/www.ecommerceupdate.com.br\/?page_id=404"},"modified":"2024-06-24T21:31:41","modified_gmt":"2024-06-24T21:31:41","slug":"politica-de-privacidade","status":"publish","type":"page","link":"https:\/\/www.ecommerceupdate.com.br\/lb\/politica-de-privacidade\/","title":{"rendered":"Privatsph\u00e4r Politik"},"content":{"rendered":"<p>E-Commerce Update sch\u00e4tzt Transparenz an de Schutz vun de pers\u00e9inlechen Donn\u00e9e\u00ebn vu senge Benotzer a Clienten. D\u00ebs Privatsph\u00e4r Politik erkl\u00e4ert w\u00e9i mir d'Informatioun sammelen, benotzen, sp\u00e4icheren a sch\u00fctzen d\u00e9i Dir eis liwwert wann Dir mat eise Servicer interag\u00e9iert, dor\u00ebnner eis Webs\u00e4it, Newslettere, Eventer an aner verbonne Aktivit\u00e9iten.<\/p>\n\n\n\n<ol class=\"wp-block-list\">\n<li><strong>Informatioun sammelen<\/strong>\n<ul class=\"wp-block-list\">\n<li>Mir sammelen pers\u00e9inlech Informatioune w\u00e9i Numm, E-Mail, Firma an Aarbechtstitel wann Dir Iech fir eisen Newsletter umellt, bei eisen Eventer deelh\u00ebllt oder soss mat eis interag\u00e9iert.<\/li>\n\n\n\n<li>Mir k\u00ebnnen och net-pers\u00e9inlech Informatioun sammelen, w\u00e9i demographesch Donn\u00e9e\u00ebn, Interessen a Virl\u00e9iften, fir statistesch Zwecker an eis Servicer ze verbesseren.<\/li>\n<\/ul>\n<\/li>\n\n\n\n<li><strong>Informatioun benotzen<\/strong>\n<ul class=\"wp-block-list\">\n<li>Mir benotzen d'Informatioun gesammelt fir Iech eisen Newsletter ze sch\u00e9cken, Iech iwwer neien Inhalt, Eventer a relevant Offeren z'inform\u00e9ieren an \u00c4r Erfahrung mam E-Commerce Update ze personalis\u00e9ieren.<\/li>\n\n\n\n<li>Mir deelen, verkafen oder lounen \u00c4r pers\u00e9inlech Informatioun net un Dr\u00ebttubidder ausser w\u00e9i n\u00e9ideg fir eis Servicer ze bidden (zum Beispill Marketing E-Mailen ze sch\u00e9cken) oder w\u00e9i vum Gesetz verlaangt.<\/li>\n<\/ul>\n<\/li>\n\n\n\n<li><strong>Lagerung a Schutz vun Informatioun<\/strong>\n<ul class=\"wp-block-list\">\n<li>\u00c4r Informatioun g\u00ebtt op s\u00e9chere Server gesp\u00e4ichert a gesch\u00fctzt duerch entspriechend S\u00e9cherheetsmoossnamen fir onerlaabten Zougang, M\u00ebssbrauch oder Offenbarung ze vermeiden.<\/li>\n\n\n\n<li>Mir behalen \u00c4r Informatioun n\u00ebmme sou laang w\u00e9i n\u00e9ideg fir d'Ziler ze erf\u00ebllen, d\u00e9i an d\u00ebser Politik beschriwwe ginn, ausser m\u00e9i Retention ass erfuerderlech oder erlaabt vum Gesetz.<\/li>\n<\/ul>\n<\/li>\n\n\n\n<li><strong>Cookien an \u00e4hnlech Technologien<\/strong>\n<ul class=\"wp-block-list\">\n<li>Mir benotzen Cookien an \u00e4hnlech Technologien fir \u00c4r Erfahrung op eiser Webs\u00e4it ze verbesseren, Traffic ze analys\u00e9ieren an Inhalt a Reklammen ze personalis\u00e9ieren.<\/li>\n\n\n\n<li>Dir k\u00ebnnt wielen Cookien an \u00c4re Browser-Astellungen auszeschalten, awer d\u00ebst kann d'Funktionalit\u00e9it vun eiser Webs\u00e4it beaflossen.<\/li>\n<\/ul>\n<\/li>\n\n\n\n<li><strong>Linken op Dr\u00ebtt Partei Webs\u00e4iten<\/strong>\n<ul class=\"wp-block-list\">\n<li>Eis Webs\u00e4it kann Linken op Dr\u00ebtt Partei Webs\u00e4iten enthalen d\u00e9i net vun eis bedriwwe ginn. Mir sinn net verantwortlech fir d'Privatsph\u00e4rpraktiken vun d\u00ebse Webs\u00e4iten a mir recommand\u00e9ieren Iech hir Privatsph\u00e4r Politik ze liesen ier Dir pers\u00e9inlech Informatioun liwwert.<\/li>\n<\/ul>\n<\/li>\n\n\n\n<li><strong>\u00c4nnerungen an der Privatsph\u00e4r Politik<\/strong>\n<ul class=\"wp-block-list\">\n<li>Mir behalen d'Recht d\u00ebs Politik zu all Moment z'\u00e4nneren.D'\u00c4nnerunge w\u00e4erten a Kraaft trieden soubal se op eiser Webs\u00e4it gepost ginn.<\/li>\n<\/ul>\n<\/li>\n\n\n\n<li><strong>\u00c4r Rechter an Optiounen<\/strong>\n<ul class=\"wp-block-list\">\n<li>Dir hutt d'Recht Zougang, korrig\u00e9ieren, aktualis\u00e9ieren oder d'L\u00e4schung vun \u00c4rer pers\u00e9inlecher Informatioun ze froen.Fir d\u00ebs Rechter ausze\u00fcben oder wann Dir Froen iwwer eis Privatsph\u00e4r Politik hutt, kontakt\u00e9iert eis w.e.g. per E-Mail\u00a0<a href=\"mailto:privacidade@ecommerceupdate.com.br\" target=\"_blank\" rel=\"noreferrer noopener\">privacidade@ecommerceupdate.com.br<\/a>.<\/li>\n<\/ul>\n<\/li>\n<\/ol>\n\n\n\n<p class=\"dropcapp\">Andeems Dir d'E-Commerce Update Servicer benotzt, st\u00ebmmt Dir d'Sammlung, d'Benotzung an d'Sp\u00e4ichere vun \u00c4rer pers\u00e9inlecher Informatioun w\u00e9i an d\u00ebser Privatsph\u00e4r Politik beschriwwen.<\/p>","protected":false},"excerpt":{"rendered":"<p>A E-Commerce Update preza pela transpar\u00eancia e pela prote\u00e7\u00e3o dos dados pessoais de seus usu\u00e1rios e clientes. Esta Pol\u00edtica de Privacidade explica como coletamos, usamos, armazenamos e protegemos as informa\u00e7\u00f5es que voc\u00ea nos fornece ao interagir com nossos servi\u00e7os, incluindo nosso site, newsletters, eventos e outras atividades relacionadas. Ao utilizar os servi\u00e7os da E-Commerce Update, [&hellip;]<\/p>\n","protected":false},"author":1,"featured_media":0,"parent":0,"menu_order":0,"comment_status":"closed","ping_status":"closed","template":"","meta":{"footnotes":""},"class_list":["post-404","page","type-page","status-publish"],"aioseo_notices":[],"_links":{"self":[{"href":"https:\/\/www.ecommerceupdate.com.br\/lb\/wp-json\/wp\/v2\/pages\/404","targetHints":{"allow":["GET"]}}],"collection":[{"href":"https:\/\/www.ecommerceupdate.com.br\/lb\/wp-json\/wp\/v2\/pages"}],"about":[{"href":"https:\/\/www.ecommerceupdate.com.br\/lb\/wp-json\/wp\/v2\/types\/page"}],"author":[{"embeddable":true,"href":"https:\/\/www.ecommerceupdate.com.br\/lb\/wp-json\/wp\/v2\/users\/1"}],"replies":[{"embeddable":true,"href":"https:\/\/www.ecommerceupdate.com.br\/lb\/wp-json\/wp\/v2\/comments?post=404"}],"version-history":[{"count":0,"href":"https:\/\/www.ecommerceupdate.com.br\/lb\/wp-json\/wp\/v2\/pages\/404\/revisions"}],"wp:attachment":[{"href":"https:\/\/www.ecommerceupdate.com.br\/lb\/wp-json\/wp\/v2\/media?parent=404"}],"curies":[{"name":"wp","href":"https:\/\/api.w.org\/{rel}","templated":true}]}}