{"id":91274,"date":"2026-02-05T07:17:48","date_gmt":"2026-02-05T10:17:48","guid":{"rendered":"https:\/\/www.ecommerceupdate.org\/produto\/marketplace-teoria-e-pratica\/"},"modified":"2026-03-20T23:39:35","modified_gmt":"2026-03-21T02:39:35","slug":"marketplace-teoria-e-pratica","status":"publish","type":"product","link":"https:\/\/www.ecommerceupdate.com.br\/lb\/produto\/marketplace-teoria-e-pratica\/","title":{"rendered":"Maartplaz: Theorie a Praxis"},"content":{"rendered":"<div class=\"woocommerce-product-details\">\n<h3>Produit Detailer<\/h3>\n<ul>\n<li>ASIN: B08YN21JDC<\/li>\n<li>Verlag: Soul Publisher<\/li>\n<li>Accessibilit\u00e9it: L\u00e9iert m\u00e9i<\/li>\n<li>Datum vun der Ver\u00ebffentlechung: 10. M\u00e4erz 2021<\/li>\n<li>Editioun: 1a<\/li>\n<li>Sprooch: Portugisesch<\/li>\n<li>Datei Gr\u00e9isst: 4,9 MB<\/li>\n<li>Schr\u00ebft Konfiguratioun : Aktiv\u00e9iert<\/li>\n<li>Vocabulaire Tipps : Net aktiv\u00e9iert<\/li>\n<li>Zuel vun de S\u00e4iten : 188 S\u00e4iten<\/li>\n<li>ISBN-13:978-6586178906<\/li>\n<li>S\u00e4it Flip: Aktiv\u00e9iert<\/li>\n<li>Top Verkeefer Ranking: Nr 144,760 am Kindle Store (Meet the Top 100 in Kindle Store Kategorie) Nr 59 am Online Commerce Nr 5,346 am Business &amp; Economics<\/li>\n<li>59 Am Online Commerce<\/li>\n<li>5.346 am Gesch\u00e4ft an der Economie<\/li>\n<li>Client Rezensiounen: 4,1 4,1 aus 5 St\u00e4ren (15)<\/li>\n<\/ul><\/div>","protected":false},"excerpt":{"rendered":"<p>Konfront\u00e9iert mat enger Welt voller Innovatiounen an engem Retailmaart deen nei Richtungen fir s\u00e4i Verkaf sicht, ass de Verkaf um Maart e ganz interessante Wee fir Dausende vu Firmen ginn.  <br \/>Profit\u00e9iert vun der Visibilit\u00e9it d\u00e9i grouss Portale fir d'Acquisitioun vun de Clienten hunn, an d\u00ebsen innovative Maart anzeginn huet seng Exploiten a Risiken. An d\u00ebsem Buch k\u00ebnnt Dir d'L\u00e9isung fir e puer vun hinnen fannen an en erfollegr\u00e4ichen Entrepreneur ginn.<\/p>","protected":false},"featured_media":91274,"comment_status":"open","ping_status":"closed","template":"","meta":[],"product_cat":[1611,1613,1595],"product_tag":[],"class_list":{"0":"post-91274","1":"product","2":"type-product","3":"status-publish","4":"has-post-thumbnail","6":"product_brand-por-alexandre-villar-autor-alexandre-vilar-autor-chris-donizete-editor-0-mais-formato-ebook-kindle","7":"product_cat-administracao-negocios-e-economia","8":"product_cat-industrias-e-profissoes","9":"product_cat-livros","11":"first","12":"instock","13":"shipping-taxable","14":"purchasable","15":"product-type-simple"},"aioseo_notices":[],"_links":{"self":[{"href":"https:\/\/www.ecommerceupdate.com.br\/lb\/wp-json\/wp\/v2\/product\/91274","targetHints":{"allow":["GET"]}}],"collection":[{"href":"https:\/\/www.ecommerceupdate.com.br\/lb\/wp-json\/wp\/v2\/product"}],"about":[{"href":"https:\/\/www.ecommerceupdate.com.br\/lb\/wp-json\/wp\/v2\/types\/product"}],"replies":[{"embeddable":true,"href":"https:\/\/www.ecommerceupdate.com.br\/lb\/wp-json\/wp\/v2\/comments?post=91274"}],"wp:featuredmedia":[{"embeddable":true,"href":"https:\/\/www.ecommerceupdate.com.br\/lb\/wp-json\/wp\/v2\/product\/91274"}],"wp:attachment":[{"href":"https:\/\/www.ecommerceupdate.com.br\/lb\/wp-json\/wp\/v2\/media?parent=91274"}],"wp:term":[{"taxonomy":"product_cat","embeddable":true,"href":"https:\/\/www.ecommerceupdate.com.br\/lb\/wp-json\/wp\/v2\/product_cat?post=91274"},{"taxonomy":"product_tag","embeddable":true,"href":"https:\/\/www.ecommerceupdate.com.br\/lb\/wp-json\/wp\/v2\/product_tag?post=91274"}],"curies":[{"name":"wp","href":"https:\/\/api.w.org\/{rel}","templated":true}]}}