{"id":91670,"date":"2026-02-07T15:25:52","date_gmt":"2026-02-07T18:25:52","guid":{"rendered":"https:\/\/www.ecommerceupdate.org\/produto\/marketing-digital-e-e-commerce-serie-universitaria\/"},"modified":"2026-03-13T15:24:13","modified_gmt":"2026-03-13T18:24:13","slug":"marketing-digital-e-e-commerce-serie-universitaria","status":"publish","type":"product","link":"https:\/\/www.ecommerceupdate.com.br\/lb\/produto\/marketing-digital-e-e-commerce-serie-universitaria\/","title":{"rendered":"Digital Marketing an E-Commerce (Universit\u00e9it Serie)"},"content":{"rendered":"<div class=\"woocommerce-product-details\">\n<h3>Produit Detailer<\/h3>\n<ul>\n<li>ASIN: B087N68N56<\/li>\n<li>Verlag: Editora Senac Sao Paulo<\/li>\n<li>Accessibilit\u00e9it: L\u00e9iert m\u00e9i<\/li>\n<li>Ver\u00ebffentlechungsdatum: 24. Abr\u00ebll 2020<\/li>\n<li>Sprooch: Portugisesch<\/li>\n<li>Datei Gr\u00e9isst: 5,3 MB<\/li>\n<li>Schr\u00ebft Konfiguratioun : Aktiv\u00e9iert<\/li>\n<li>Vocabulaire Tipps : Net aktiv\u00e9iert<\/li>\n<li>Zuel vun de S\u00e4iten : 316 S\u00e4iten<\/li>\n<li>ISBN-13:978-8539623112<\/li>\n<li>S\u00e4it Flip: Aktiv\u00e9iert<\/li>\n<li>Top Verkeefer Ranking: Nr 1,064,254 am Kindle Store (Meet the Top 100 in Kindle Store Kategorie) Nr 831 am Web Marketing Nr 2,842 am Marketing Nr 25,703 a Business &amp; Economics<\/li>\n<li>831 Am Web Marketing<\/li>\n<li>2.842 am Marketing<\/li>\n<li>25.703 am Gesch\u00e4ft an der Economie<\/li>\n<li>Client Rezensiounen: 3,8 3,8 aus 5 St\u00e4ren (3)<\/li>\n<\/ul><\/div>","protected":false},"excerpt":{"rendered":"<p>D'Universit\u00e9itsserie gouf vum Senac Sao Paulo entw\u00e9ckelt fir Professionnelen op den Aarbechtsmaart virzebereeden. D'Titele bedecken verschidde Ber\u00e4icher, rang\u00e9iert vun theoreteschen a praktesche W\u00ebssen passend fir berufflech Ufuerderungen bis ethesch a zolidd Ausbildung.<\/p>\n<p>Digital Marketing an E-Commerce br\u00e9ngt eng praktesch Approche fir Konzepter, d\u00e9i fir d'Gesch\u00e4ftswelt applicabel sinn, mat der Basis Technologie, Tools a modernt W\u00ebssen. Wann Dir mam digitale Marketing handelt, g\u00ebtt de Profi invit\u00e9iert iwwer Wee\u00ebr ze reflekt\u00e9ieren fir d\u00e9i grouss Massen ze beaflossen, d\u00e9i mam Internet verbonne sinn a sech g\u00e9int d\u00e9i wuessend Konkurrenz vu Reklammen, Offeren an Informatioun erausstinn, mat deenen d'Benotzer all Dag handelen. Wann Dir an d'Welt vum E-Commerce erak\u00ebnnt, ginn d'Konzepter vun de beschten Tools present\u00e9iert, d\u00e9i benotzt ginn, ofh\u00e4ngeg vum strategesche Zil vum Gesch\u00e4ft, souw\u00e9i all den Inhalt, deen de Lieser \u00ebnnerst\u00ebtzt fir eng Entrepreneursrees um Internet z'entdecken. D'Zil vun d\u00ebsem Buch ass aus de meescht Basiskonzepter iwwer digital Marketing an online fir dat modernt Gesch\u00e4ft ze present\u00e9ieren fir dat modernt modernt Gesch\u00e4ft fir dat modernt Gesch\u00e4ft ze erreechen.<\/p>","protected":false},"featured_media":91670,"comment_status":"open","ping_status":"closed","template":"","meta":[],"product_cat":[1611,1595,1618],"product_tag":[],"class_list":{"0":"post-91670","1":"product","2":"type-product","3":"status-publish","4":"has-post-thumbnail","6":"product_brand-por-filipe-belmont-autor-formato-ebook-kindle","7":"product_cat-administracao-negocios-e-economia","8":"product_cat-livros","9":"product_cat-marketing-e-vendas","11":"first","12":"instock","13":"shipping-taxable","14":"purchasable","15":"product-type-simple"},"aioseo_notices":[],"_links":{"self":[{"href":"https:\/\/www.ecommerceupdate.com.br\/lb\/wp-json\/wp\/v2\/product\/91670","targetHints":{"allow":["GET"]}}],"collection":[{"href":"https:\/\/www.ecommerceupdate.com.br\/lb\/wp-json\/wp\/v2\/product"}],"about":[{"href":"https:\/\/www.ecommerceupdate.com.br\/lb\/wp-json\/wp\/v2\/types\/product"}],"replies":[{"embeddable":true,"href":"https:\/\/www.ecommerceupdate.com.br\/lb\/wp-json\/wp\/v2\/comments?post=91670"}],"wp:featuredmedia":[{"embeddable":true,"href":"https:\/\/www.ecommerceupdate.com.br\/lb\/wp-json\/wp\/v2\/product\/91670"}],"wp:attachment":[{"href":"https:\/\/www.ecommerceupdate.com.br\/lb\/wp-json\/wp\/v2\/media?parent=91670"}],"wp:term":[{"taxonomy":"product_cat","embeddable":true,"href":"https:\/\/www.ecommerceupdate.com.br\/lb\/wp-json\/wp\/v2\/product_cat?post=91670"},{"taxonomy":"product_tag","embeddable":true,"href":"https:\/\/www.ecommerceupdate.com.br\/lb\/wp-json\/wp\/v2\/product_tag?post=91670"}],"curies":[{"name":"wp","href":"https:\/\/api.w.org\/{rel}","templated":true}]}}