{"id":91671,"date":"2026-02-07T15:26:01","date_gmt":"2026-02-07T18:26:01","guid":{"rendered":"https:\/\/www.ecommerceupdate.org\/produto\/marketing-nas-midias-sociais-um-guia-pratico\/"},"modified":"2026-03-13T15:24:22","modified_gmt":"2026-03-13T18:24:22","slug":"marketing-nas-midias-sociais-um-guia-pratico","status":"publish","type":"product","link":"https:\/\/www.ecommerceupdate.com.br\/lb\/produto\/marketing-nas-midias-sociais-um-guia-pratico\/","title":{"rendered":"Social Media Marketing: E praktesche Guide"},"content":{"rendered":"<div class=\"woocommerce-product-details\">\n<h3>Produit Detailer<\/h3>\n<ul>\n<li>ASIN: B08NTHDBVN<\/li>\n<li>Verlag: Opresnik Management Consulting<\/li>\n<li>Accessibilit\u00e9it: L\u00e9iert m\u00e9i<\/li>\n<li>Ver\u00ebffentlechungsdatum: 17. November 2020<\/li>\n<li>Editioun: 4a<\/li>\n<li>Sprooch: Portugisesch<\/li>\n<li>Datei Gr\u00e9isst: 11,7 MB<\/li>\n<li>\u00c9cran Lieser : Kompatibel<\/li>\n<li>Schr\u00ebft Konfiguratioun : Aktiv\u00e9iert<\/li>\n<li>Vocabulaire Tipps : Net aktiv\u00e9iert<\/li>\n<li>Zuel vun de S\u00e4iten : 248 S\u00e4iten<\/li>\n<li>S\u00e4it Flip: Aktiv\u00e9iert<\/li>\n<li>Top Verkeefer Ranking: Nr 157,519 am Kindle Store (Meet the Top 100 in Kindle Store Kategorie) Nr 199 am Web Marketing No 685 am Marketing Nr 5,861 a Business &amp; Economics<\/li>\n<li>199 Am Web Marketing<\/li>\n<li>685 Am Marketing<\/li>\n<li>5.861 am Gesch\u00e4ft an der Economie<\/li>\n<li>Client Bew\u00e4ertungen: 5,0 5,0 aus 5 St\u00e4ren (2)<\/li>\n<\/ul><\/div>","protected":false},"excerpt":{"rendered":"<p>Klass\u00e9iert \u00ebnnert de beschte Marketing Bicher an der Welt vun BookauthorityMarketing Kommunikatioun ass amgaang eng digital Revolutioun.D\u00e9i wuessend Popularit\u00e9it vu Blogs, Podcasting a sozialen Netzwierker erlaabt Clienten ronder\u00ebm d'Welt hir Meenung iwwer e Produkt oder Service un e potenzielle Publikum vu Milliarden ze verm\u00ebttelen. Traditionell Reklammen funktionn\u00e9ieren net sou gutt w\u00e9i an der Vergaangenheet. D\u00ebs v\u00e9iert Editioun komplett aktualis\u00e9iert an erweidert vun d\u00ebsem Guide, gewielt vun Bookauthority als ee vun de beschte Marketingbicher\/Reklammen op der Welt, f\u00e9iert d'Lieser duerch de Labyrinth vu Gemeinschaften, Plattformen a sozialen Medien Tools fir datt se besser k\u00ebnne entscheeden w\u00e9i eng Tools ze benotzen a w\u00e9i se se m\u00e9i effektiv benotzen.<br \/>\u2018de Global Council ass d'Buch dat Iech h\u00eblleft sozial Medien ze beherrschen, dat onverzichtbar Element an all Marketingprogramm.\u2019Ries, Chairman, Ries &amp; Ries &amp; D\u00ebse Guide bitt e festen a succinct Iwwerbl\u00e9ck iwwer de soziale Medien, praktesch Tipps d\u00e9i Vermarkter k\u00ebnnen asetzen hir sozial Medienstrategien an d\u00e9i Fuerscher k\u00ebnne benotze fir d'Ph\u00e4nomener besser ze verstoen d\u00e9i se stud\u00e9ieren am Kontext vun de soziale Medien vun der Welt. Violetta Wilk, Ph.D., Fuerscher a Dozent am Marketing, Edith Cowan University, Perth, Australien D'Auteuren Svend Hollensen ass och Associate Professor of Marketing op der University of Southern Hol.<\/p>","protected":false},"featured_media":91671,"comment_status":"open","ping_status":"closed","template":"","meta":[],"product_cat":[1611,1595,1618],"product_tag":[],"class_list":{"0":"post-91671","1":"product","2":"type-product","3":"status-publish","4":"has-post-thumbnail","6":"product_brand-por-marc-opresnik-autor-philip-kotler-autor-svend-hollensen-autor-0-mais-formato-ebook-kindle","7":"product_cat-administracao-negocios-e-economia","8":"product_cat-livros","9":"product_cat-marketing-e-vendas","11":"first","12":"instock","13":"shipping-taxable","14":"purchasable","15":"product-type-simple"},"aioseo_notices":[],"_links":{"self":[{"href":"https:\/\/www.ecommerceupdate.com.br\/lb\/wp-json\/wp\/v2\/product\/91671","targetHints":{"allow":["GET"]}}],"collection":[{"href":"https:\/\/www.ecommerceupdate.com.br\/lb\/wp-json\/wp\/v2\/product"}],"about":[{"href":"https:\/\/www.ecommerceupdate.com.br\/lb\/wp-json\/wp\/v2\/types\/product"}],"replies":[{"embeddable":true,"href":"https:\/\/www.ecommerceupdate.com.br\/lb\/wp-json\/wp\/v2\/comments?post=91671"}],"wp:featuredmedia":[{"embeddable":true,"href":"https:\/\/www.ecommerceupdate.com.br\/lb\/wp-json\/wp\/v2\/product\/91671"}],"wp:attachment":[{"href":"https:\/\/www.ecommerceupdate.com.br\/lb\/wp-json\/wp\/v2\/media?parent=91671"}],"wp:term":[{"taxonomy":"product_cat","embeddable":true,"href":"https:\/\/www.ecommerceupdate.com.br\/lb\/wp-json\/wp\/v2\/product_cat?post=91671"},{"taxonomy":"product_tag","embeddable":true,"href":"https:\/\/www.ecommerceupdate.com.br\/lb\/wp-json\/wp\/v2\/product_tag?post=91671"}],"curies":[{"name":"wp","href":"https:\/\/api.w.org\/{rel}","templated":true}]}}