{"id":91689,"date":"2026-02-07T21:29:21","date_gmt":"2026-02-08T00:29:21","guid":{"rendered":"https:\/\/www.ecommerceupdate.org\/produto\/chat-commerce-escale-seus-resultados-transformando-conversas-em-vendas\/"},"modified":"2026-03-13T15:25:55","modified_gmt":"2026-03-13T18:25:55","slug":"chat-commerce-escale-seus-resultados-transformando-conversas-em-vendas","status":"publish","type":"product","link":"https:\/\/www.ecommerceupdate.com.br\/lb\/produto\/chat-commerce-escale-seus-resultados-transformando-conversas-em-vendas\/","title":{"rendered":"Chat Commerce: Skala \u00c4r Resultater andeems Dir Gespr\u00e9icher a Verkaf \u00ebmgewandelt"},"content":{"rendered":"<div class=\"woocommerce-product-details\">\n<div id=\"aplus_feature_div\" class=\"celwidget\" data-feature-name=\"aplus\" data-csa-c-type=\"widget\" data-csa-c-content-id=\"aplus\" data-csa-c-slot-id=\"aplus_feature_div\" data-csa-c-asin=\"\" data-csa-c-is-in-initial-active-row=\"false\">\n<div id=\"aplus\" class=\"a-section a-spacing-large bucket\">\n<h3 class=\"\">Vum Verlag<\/h3>\n<div lang=\"pt_BR\">\n<div class=\"aplus-v2 desktop celwidget\">\n<div class=\"celwidget aplus-module 3p-module-b aplus-standard\">\n<div class=\"aplus-module-wrapper aplus-3p-fixed-width\"> <img decoding=\"async\" alt=\"Chat Commerce\" src=\"https:\/\/m.media-amazon.com\/images\/S\/aplus-media-library-service-media\/d3d278d5-8445-4a61-ac56-2b25195491b3.__CR0,0,970,600_PT0_SX970_V1___.jpg\" \/> <\/div>\n<\/p>\n<\/div>\n<div class=\"celwidget aplus-module module-12 aplus-standard\">\n<div class=\"aplus-module-wrapper apm-spacing apm-floatnone apm-fixed-width\">\n<div class=\"apm-sidemodule aplus-module-content\">\n<div class=\"apm-hero-image\"> <img decoding=\"async\" alt=\"Chat Commerce\" src=\"https:\/\/m.media-amazon.com\/images\/S\/aplus-media-library-service-media\/3855f953-7d5d-4dcf-83ca-9d0648be4209.__CR0,0,970,300_PT0_SX970_V1___.jpg\" \/> <\/div>\n<\/p>\n<\/div>\n<\/div>\n<\/div>\n<div class=\"celwidget aplus-module module-12 aplus-standard\">\n<div class=\"aplus-module-wrapper apm-spacing apm-floatnone apm-fixed-width\">\n<div class=\"apm-sidemodule aplus-module-content\">\n<div class=\"apm-hero-image\"> <img decoding=\"async\" alt=\"Chat Commerce\" src=\"https:\/\/m.media-amazon.com\/images\/S\/aplus-media-library-service-media\/96e162c3-c073-4e76-ab93-2411af3999ea.__CR0,0,970,300_PT0_SX970_V1___.jpg\" \/> <\/div>\n<\/p>\n<\/div>\n<\/div>\n<\/div>\n<div class=\"celwidget aplus-module module-12 aplus-standard\">\n<div class=\"aplus-module-wrapper apm-spacing apm-floatnone apm-fixed-width\">\n<div class=\"apm-sidemodule aplus-module-content\">\n<div class=\"apm-hero-image\"> <img decoding=\"async\" alt=\"Chat Commerce\" src=\"https:\/\/m.media-amazon.com\/images\/S\/aplus-media-library-service-media\/b99f3a1e-92a8-4d02-ab81-406f7ecd06d0.__CR0,0,970,300_PT0_SX970_V1___.jpg\" \/> <\/div>\n<\/p>\n<\/div>\n<\/div>\n<\/div>\n<\/div>\n<\/div>\n<\/div>\n<\/div>\n<h3>Produit Detailer<\/h3>\n<ul>\n<li>Verlag: Alta Books<\/li>\n<li>Datum vun der Ver\u00ebffentlechung: 15 Dezember 2025<\/li>\n<li>Editioun: 1a<\/li>\n<li>Sprooch: Portugisesch<\/li>\n<li>Zuel vun de S\u00e4iten : 236 S\u00e4iten<\/li>\n<li>ISBN-10:8550828882<\/li>\n<li>ISBN-13:978-8550828886<\/li>\n<li>Produit Gewiicht: 330g<\/li>\n<li>Dimensiounen: 15,7 x 1 x 23 cm<\/li>\n<li>Top Verkeefer Ranking: Nr 184,732 a Bicher (Meet the Top 100 in Books Kategorie) Nr 17 a Microsoft Nr 123 an Computer Software &amp; Technology No 139 an Workplace Culture<\/li>\n<li>17 An Microsoft<\/li>\n<li>123 An Software an Informatik an Technologie<\/li>\n<li>139 An der Kultur vum Aarbechtszenter<\/li>\n<\/ul><\/div>","protected":false},"excerpt":{"rendered":"<p>Online Verkaf geet an eng nei \u00c4ra, d\u00e9i am Gespr\u00e9ich gebuer g\u00ebtt. Er\u00ebnnert Dir Iech un de Glanz an den Ae vun engem gudde Verkeefer? Deen deen n\u00e4ischt dr\u00e9ckt, awer dee weess datt verkafen, d\u00e9if erof, en Akt vu Vertrauen ass. <br \/> D\u00ebs S\u00e9il ass ni gestuerwen, et huet just mat der Z\u00e4it Form ge\u00e4nnert. <br \/> Den \u00cbnnerscheed ass datt elo d'Technologie Marken d'Chance ginn huet fir op Skala ze lauschteren an ze reag\u00e9ieren, mat Proximit\u00e9it, Intelligenz a virun allem mat der Geschwindegkeet d\u00e9i d'Konsumenten w\u00ebllen. <br \/> Besonnesch am Digital ass d\u00ebs Transformatioun \u00ebmmer m\u00e9i s\u00e9ier ginn. <br \/> Am Chat Commerce, dat \u00e9ischt brasilianescht Buch iwwer d\u00ebst Thema, verroden den Tiago Vailati, en Entrepreneur, deen z\u00ebnter ville Joeren am Handel otemt, vum Buttekbuedem bis op H\u00e9ichtechnologie, d'Geheimnis fir d\u00ebs nei Realit\u00e9it ze beherrschen. <br \/> D\u00ebst Buch gouf gebuer fir e Guide ze sinn fir d\u00e9i, d\u00e9i d'Logik vum Chat verstoen <br \/> Commerce a setzt se an \u00c4rem Gesch\u00e4ft an d'Praxis.Fannt hei eraus: Firwat nei Generatiounen, d\u00e9i schonn d'Majorit\u00e9it vun de Konsumenten sinn, l\u00e9iwer den Dialog beim Kaf. <br \/> W\u00e9i d'CHAT Method \u00c4re Service an e Recettenmotor ka maachen, Kontext, Humanis\u00e9ierung, Aktiv\u00e9ierung an Technologie kombin\u00e9iert. <br \/> Wat erfollegr\u00e4ich Marken maachen fir m\u00e9i ze verbannen a verkafen, de Concours hannerloossen. <br \/> Bereet Iech vir, all Gespr\u00e9ich an eng richteg Verkafsm\u00e9iglechkeet ze maachen, an all Interaktioun op en neie Wee fir mat \u00c4rem Client ze verbannen, well um Enn vum Dag Marken d\u00e9i d\u00ebst als \u00e9ischt verstinn net n\u00ebmme m\u00e9i verkafen, mee d'Spill \u00e4nneren.<\/p>","protected":false},"featured_media":91689,"comment_status":"open","ping_status":"closed","template":"","meta":[],"product_cat":[1611,1621,1595],"product_tag":[],"class_list":{"0":"post-91689","1":"product","2":"type-product","3":"status-publish","4":"has-post-thumbnail","6":"product_brand-por-tiago-vailati-autor","7":"product_cat-administracao-negocios-e-economia","8":"product_cat-gestao-e-lideranca","9":"product_cat-livros","11":"first","12":"instock","13":"sale","14":"shipping-taxable","15":"purchasable","16":"product-type-simple"},"aioseo_notices":[],"_links":{"self":[{"href":"https:\/\/www.ecommerceupdate.com.br\/lb\/wp-json\/wp\/v2\/product\/91689","targetHints":{"allow":["GET"]}}],"collection":[{"href":"https:\/\/www.ecommerceupdate.com.br\/lb\/wp-json\/wp\/v2\/product"}],"about":[{"href":"https:\/\/www.ecommerceupdate.com.br\/lb\/wp-json\/wp\/v2\/types\/product"}],"replies":[{"embeddable":true,"href":"https:\/\/www.ecommerceupdate.com.br\/lb\/wp-json\/wp\/v2\/comments?post=91689"}],"wp:featuredmedia":[{"embeddable":true,"href":"https:\/\/www.ecommerceupdate.com.br\/lb\/wp-json\/wp\/v2\/product\/91689"}],"wp:attachment":[{"href":"https:\/\/www.ecommerceupdate.com.br\/lb\/wp-json\/wp\/v2\/media?parent=91689"}],"wp:term":[{"taxonomy":"product_cat","embeddable":true,"href":"https:\/\/www.ecommerceupdate.com.br\/lb\/wp-json\/wp\/v2\/product_cat?post=91689"},{"taxonomy":"product_tag","embeddable":true,"href":"https:\/\/www.ecommerceupdate.com.br\/lb\/wp-json\/wp\/v2\/product_tag?post=91689"}],"curies":[{"name":"wp","href":"https:\/\/api.w.org\/{rel}","templated":true}]}}