{"id":93561,"date":"2026-03-04T20:18:42","date_gmt":"2026-03-04T23:18:42","guid":{"rendered":"https:\/\/www.ecommerceupdate.com.br\/produto\/como-ter-um-e-commerce-de-sucesso-na-shopee\/"},"modified":"2026-03-13T15:36:23","modified_gmt":"2026-03-13T18:36:23","slug":"como-ter-um-e-commerce-de-sucesso-na-shopee","status":"publish","type":"product","link":"https:\/\/www.ecommerceupdate.com.br\/lb\/produto\/como-ter-um-e-commerce-de-sucesso-na-shopee\/","title":{"rendered":"W\u00e9i Dir en erfollegr\u00e4ichen eCommerce bei Shopee hutt"},"content":{"rendered":"<div class=\"woocommerce-product-details\">\n<h3>Produit Detailer<\/h3>\n<ul>\n<li>ASIN: B0CR65S4P4<\/li>\n<li>Accessibilit\u00e9it: L\u00e9iert m\u00e9i<\/li>\n<li>Datum vun der Ver\u00ebffentlechung: 28 Dezember 2023<\/li>\n<li>Sprooch: Portugisesch<\/li>\n<li>Datei Gr\u00e9isst: 3,3 MB<\/li>\n<li>\u00c9cran Lieser : Kompatibel<\/li>\n<li>Schr\u00ebft Konfiguratioun : Aktiv\u00e9iert<\/li>\n<li>Vocabulaire Tipps : Net aktiv\u00e9iert<\/li>\n<li>Zuel vun de S\u00e4iten : 53 S\u00e4iten<\/li>\n<li>S\u00e4it Flip: Aktiv\u00e9iert<\/li>\n<li>Liesalter: 14 18 Joer<\/li>\n<li>Top Verkeefer Ranking: Nr 76,521 am Kindle Store (Meet the Top 100 in Kindle Store Kategorie) Nr 42 bei der Ouverture vun engem Business No 54 am Ecommerce No 102 am Web Marketing<\/li>\n<li>42 An der Ouverture vun engem Gesch\u00e4ft<\/li>\n<li>54 Am Elektronesche Commerce<\/li>\n<li>102 Am Web Marketing<\/li>\n<li>Client Rezensiounen: 4,1 4,1 aus 5 St\u00e4ren (3)<\/li>\n<\/ul><\/div>","protected":false},"excerpt":{"rendered":"<p>Entdeckt de Wee zum Erfolleg am E-Commerce mat \u201cHow to have a success e-commerce at Shopee\u201d, en onverzichtbare Guide fir d\u00e9i, d\u00e9i hire Raum bei Shopee w\u00ebllen eroberen, eng vun de gr\u00e9issten E-Commerce Plattformen op der Welt. Mat 54 S\u00e4iten voller prakteschen Abl\u00e9ck a bew\u00e4hrte Strategien, ass d\u00ebst Ebook \u00c4ren Ticket fir d\u00e9i faszin\u00e9ierend a lukrativ Welt vum Online Commerce. guid\u00e9iert vun der Expertise vum Guilherme Ribeiro, engem jonken Entrepreneur an digitale Maartw\u00ebssenschaftler, l\u00e9iert Dir:<span>Wielt de richtege Nischmaart fir \u00c4ren E-Commerce.<\/span>Wielt de richtege Nischmaart fir \u00c4ren E-Commerce.<span>Entw\u00e9ckelt eng staark an attraktiv Mark.<\/span>Entw\u00e9ckelt eng staark an attraktiv Mark.<span>Erstellt L\u00ebschte vu Produkter d\u00e9i verkafen.<\/span>Erstellt L\u00ebschte vu Produkter d\u00e9i verkafen.<span>Implement\u00e9iere vun digitale Marketing a SEO Strategien fir Visibilit\u00e9it ze erh\u00e9ijen an z'erreechen.<\/span>Implement\u00e9iere vun digitale Marketing a SEO Strategien fir Visibilit\u00e9it ze erh\u00e9ijen an z'erreechen.<span>Effektiv Logistik a Clientsservice verwalten fir Clientloyalit\u00e9it ze bauen.<\/span>Effektiv Logistik a Clientsservice verwalten fir Clientloyalit\u00e9it ze bauen.D\u00ebst Ebook ass net n\u00ebmmen en Handbuch, mee en digitale Mentor deen real Fallstudien ubitt, praktesch Tipps a Rotschl\u00e9i d\u00e9i Dir direkt uf\u00e4nke k\u00ebnnt.Ob Dir sidd en Uf\u00e4nger Entrepreneur oder en erfuerene Verkeefer sicht \u00c4r Online Pr\u00e4senz auszebauen, \u201cW\u00e9i een en erfollegr\u00e4ichen E-Commerce bei Shopee huet\u201d ass d\u00e9i perfekt Wiel fir \u00c4ert Gesch\u00e4ft ze st\u00e4erken. Elo bei Amazon verf\u00fcgbar.Dauert \u00c4r Gesch\u00e4ftsvisioun an d'Realit\u00e9it!<\/p>","protected":false},"featured_media":93561,"comment_status":"open","ping_status":"closed","template":"","meta":[],"product_cat":[1611,1613,1595],"product_tag":[],"class_list":{"0":"post-93561","1":"product","2":"type-product","3":"status-publish","4":"has-post-thumbnail","6":"product_brand-por-guilherme-ribeiro-autor-formato-ebook-kindle","7":"product_cat-administracao-negocios-e-economia","8":"product_cat-industrias-e-profissoes","9":"product_cat-livros","11":"first","12":"instock","13":"shipping-taxable","14":"purchasable","15":"product-type-simple"},"aioseo_notices":[],"_links":{"self":[{"href":"https:\/\/www.ecommerceupdate.com.br\/lb\/wp-json\/wp\/v2\/product\/93561","targetHints":{"allow":["GET"]}}],"collection":[{"href":"https:\/\/www.ecommerceupdate.com.br\/lb\/wp-json\/wp\/v2\/product"}],"about":[{"href":"https:\/\/www.ecommerceupdate.com.br\/lb\/wp-json\/wp\/v2\/types\/product"}],"replies":[{"embeddable":true,"href":"https:\/\/www.ecommerceupdate.com.br\/lb\/wp-json\/wp\/v2\/comments?post=93561"}],"wp:featuredmedia":[{"embeddable":true,"href":"https:\/\/www.ecommerceupdate.com.br\/lb\/wp-json\/wp\/v2\/product\/93561"}],"wp:attachment":[{"href":"https:\/\/www.ecommerceupdate.com.br\/lb\/wp-json\/wp\/v2\/media?parent=93561"}],"wp:term":[{"taxonomy":"product_cat","embeddable":true,"href":"https:\/\/www.ecommerceupdate.com.br\/lb\/wp-json\/wp\/v2\/product_cat?post=93561"},{"taxonomy":"product_tag","embeddable":true,"href":"https:\/\/www.ecommerceupdate.com.br\/lb\/wp-json\/wp\/v2\/product_tag?post=93561"}],"curies":[{"name":"wp","href":"https:\/\/api.w.org\/{rel}","templated":true}]}}