{"id":93857,"date":"2026-03-05T21:55:38","date_gmt":"2026-03-06T00:55:38","guid":{"rendered":"https:\/\/www.ecommerceupdate.com.br\/produto\/marketing-de-varejo\/"},"modified":"2026-04-13T23:21:05","modified_gmt":"2026-04-14T02:21:05","slug":"marketing-de-varejo","status":"publish","type":"product","link":"https:\/\/www.ecommerceupdate.com.br\/lb\/produto\/marketing-de-varejo\/","title":{"rendered":"Retail Marketing"},"content":{"rendered":"<div class=\"woocommerce-product-details\">\n<h3>Produit Detailer<\/h3>\n<ul>\n<li>Verlag: Atlas<\/li>\n<li>Ver\u00ebffentlechungsdatum: 17. November 2006<\/li>\n<li>Editioun: 4a<\/li>\n<li>Sprooch: Portugisesch<\/li>\n<li>Zuel vun de S\u00e4iten : 376 S\u00e4iten<\/li>\n<li>ISBN-10:8522445524<\/li>\n<li>ISBN-13:978-8522445523<\/li>\n<li>Produit Gewiicht: 640g<\/li>\n<li>Dimensiounen: 23,8 x 17 x 2 cm<\/li>\n<li>Top Verkeefer Ranking: Nr 578,843 a Bicher (Meet the Top 100 in Books Kategorie) Nr 2,011 am Marketing Nr 10,292 am Management a Leadership No 39,195 a Feierdeeg a Fester Kanner a Kanner<\/li>\n<li>2.011 am Marketing<\/li>\n<li>10.292 am Management a Leadership<\/li>\n<li>39.195 Feierdeeg a Fester Kanner a Kanner a Jugend<\/li>\n<li>Client Rezensiounen: 5.0 5.0 aus 5 St\u00e4ren (1)<\/li>\n<\/ul><\/div>","protected":false},"excerpt":{"rendered":"<p>Am Ber\u00e4ich vun de Servicer g\u00ebtt et d'Retail Aktivit\u00e9it, d\u00e9i Besch\u00e4ftegung fir vill vun der brasilianescher Bev\u00eblkerung gener\u00e9iert. Trotz senger Wichtegkeet fir d'Wirtschaft an d'Gesellschaft ginn et w\u00e9ineg Bicher spezialis\u00e9iert am Thema. Fir d\u00ebs L\u00fcck an der brasilianescher Maartliteratur ze f\u00ebllen, huet den Auteur ausl\u00e4nnesch an national Wierker recherch\u00e9iert, d\u00e9i zu senger Erfahrung als Retail Marketing Enseignant b\u00e4igef\u00fc\u00fcgt hunn, d'Virbereedung vun engem prakteschen an aktuelle Buch geliwwert hunn, ugepasst un de brasilianesche Bedierfnesser. Geschriwwen an objektiver an einfacher Sprooch, erlaabt d'Aarbecht de Lieser Marketingtechniken a senger Gesch\u00e4ftsfirma z'appliz\u00e9ieren, egal ob grouss, m\u00ebttel, kleng oder mikro, an hir eege Debatt iwwer d\u00e9i konstant Themen a wirtschaftlech Permeat zum Thema erf\u00ebllen.<\/p>","protected":false},"featured_media":93857,"comment_status":"open","ping_status":"closed","template":"","meta":{"_aipt_faq_data":""},"product_cat":[1611,1595,1618],"product_tag":[],"class_list":{"0":"post-93857","1":"product","2":"type-product","3":"status-publish","4":"has-post-thumbnail","6":"product_brand-edicao-portugus-por-alexandre-l-las-casas-autor","7":"product_cat-administracao-negocios-e-economia","8":"product_cat-livros","9":"product_cat-marketing-e-vendas","11":"first","12":"instock","13":"shipping-taxable","14":"purchasable","15":"product-type-simple"},"aioseo_notices":[],"_links":{"self":[{"href":"https:\/\/www.ecommerceupdate.com.br\/lb\/wp-json\/wp\/v2\/product\/93857","targetHints":{"allow":["GET"]}}],"collection":[{"href":"https:\/\/www.ecommerceupdate.com.br\/lb\/wp-json\/wp\/v2\/product"}],"about":[{"href":"https:\/\/www.ecommerceupdate.com.br\/lb\/wp-json\/wp\/v2\/types\/product"}],"replies":[{"embeddable":true,"href":"https:\/\/www.ecommerceupdate.com.br\/lb\/wp-json\/wp\/v2\/comments?post=93857"}],"wp:featuredmedia":[{"embeddable":true,"href":"https:\/\/www.ecommerceupdate.com.br\/lb\/wp-json\/wp\/v2\/product\/93857"}],"wp:attachment":[{"href":"https:\/\/www.ecommerceupdate.com.br\/lb\/wp-json\/wp\/v2\/media?parent=93857"}],"wp:term":[{"taxonomy":"product_cat","embeddable":true,"href":"https:\/\/www.ecommerceupdate.com.br\/lb\/wp-json\/wp\/v2\/product_cat?post=93857"},{"taxonomy":"product_tag","embeddable":true,"href":"https:\/\/www.ecommerceupdate.com.br\/lb\/wp-json\/wp\/v2\/product_tag?post=93857"}],"curies":[{"name":"wp","href":"https:\/\/api.w.org\/{rel}","templated":true}]}}