{"id":93859,"date":"2026-03-05T21:56:04","date_gmt":"2026-03-06T00:56:04","guid":{"rendered":"https:\/\/www.ecommerceupdate.com.br\/produto\/crm-no-varejo-do-seu-ze-a-era-das-ias\/"},"modified":"2026-03-13T15:47:00","modified_gmt":"2026-03-13T18:47:00","slug":"crm-no-varejo-do-seu-ze-a-era-das-ias","status":"publish","type":"product","link":"https:\/\/www.ecommerceupdate.com.br\/lb\/produto\/crm-no-varejo-do-seu-ze-a-era-das-ias\/","title":{"rendered":"CRM am Retail: Vun \u00c4rem Ze bis zur \u00c4ra vun AIs"},"content":{"rendered":"<div class=\"woocommerce-product-details\">\n<h3>Produit Detailer<\/h3>\n<ul>\n<li>ASIN: B0FNXBXWRL<\/li>\n<li>Verlag: Dialektesch Verlag<\/li>\n<li>Accessibilit\u00e9it: L\u00e9iert m\u00e9i<\/li>\n<li>Datum vun der Ver\u00ebffentlechung: 27. August 2025<\/li>\n<li>Sprooch: Portugisesch<\/li>\n<li>Datei Gr\u00e9isst: 4,2 MB<\/li>\n<li>\u00c9cran Lieser : Kompatibel<\/li>\n<li>Schr\u00ebft Konfiguratioun : Aktiv\u00e9iert<\/li>\n<li>Vocabulaire Tipps : Net aktiv\u00e9iert<\/li>\n<li>Zuel vun de S\u00e4iten : 171 S\u00e4iten<\/li>\n<li>ISBN-13:978-6527076681<\/li>\n<li>S\u00e4it Flip: Aktiv\u00e9iert<\/li>\n<li>Top Verkeefer Ranking: Nr 124,976 am Kindle Store (Meet the Top 100 in Kindle Store Kategorie) Nr 73 am Clientsservice Nr 522 am Marketing Nr 4,464 a Business &amp; Economics<\/li>\n<li>73 Am Client Service<\/li>\n<li>522 Am Marketing<\/li>\n<li>4.464 am Gesch\u00e4ft an der Economie<\/li>\n<li>Client Bew\u00e4ertungen: 5,0 5,0 aus 5 St\u00e4ren (2)<\/li>\n<\/ul><\/div>","protected":false},"excerpt":{"rendered":"<p>\u201cCRM am Retail: Vun \u00c4rem Ze bis zur ERA vun\u201d AIs ass eng praktesch, strategesch an engag\u00e9iert Liesung w\u00e9i ee wierklech Clientsbez\u00e9iungen opbaue kann; am digitalen, am Gesch\u00e4ft an op all Touchpoint.<\/p>\n<p>Mat engem zolitte Fundament an zoug\u00e4nglecher Sprooch kombin\u00e9iert d'Buch Theorie, real Beispiller a praktesch Kaderen fir ze weisen datt CRM w\u00e4it iwwer e Tool geet: et ass Kultur, et ass Prozess an et si Leit.<\/p>\n<p>Vun Noperschaft Commerce Booklet bis k\u00ebnschtlech Intelligenz Uwendungen, d\u00ebst Buch verfollegt d'Evolutioun vun Retail Relatiounen, verroden w\u00e9i Daten, Technologie an aktiv Nolauschteren kombin\u00e9ieren konsequent Ofsaz ze gener\u00e9ieren, Loyalit\u00e9it a Mark W\u00e4ert.<\/p>\n<p>Geschriwwen vun deenen, d\u00e9i praktesch Erfahrung am Thema hunn, bitt den Inhalt S\u00e9cherheet fir d\u00e9i, d\u00e9i hir CRM Strategien struktur\u00e9ieren oder verbesseren.<\/p>\n<p>Kee Moud a keng Komplikatiounen, et ass e Must-Lies fir d\u00e9i, d\u00e9i den neie Retail kloer w\u00ebllen verstoen, verantwortlech appliz\u00e9ieren an real Resultater ernimmen.<\/p>\n<p>Gutt gemaachte CRM automatis\u00e9iert net n\u00ebmmen Prozesser.Et freet, konvert\u00e9iert a baut Bez\u00e9iungen d\u00e9i daueren.<\/p>","protected":false},"featured_media":93859,"comment_status":"open","ping_status":"closed","template":"","meta":[],"product_cat":[1611,1613,1595],"product_tag":[],"class_list":{"0":"post-93859","1":"product","2":"type-product","3":"status-publish","4":"has-post-thumbnail","6":"product_brand-por-jholy-a-mello-autor-formato-ebook-kindle","7":"product_cat-administracao-negocios-e-economia","8":"product_cat-industrias-e-profissoes","9":"product_cat-livros","11":"first","12":"instock","13":"shipping-taxable","14":"purchasable","15":"product-type-simple"},"aioseo_notices":[],"_links":{"self":[{"href":"https:\/\/www.ecommerceupdate.com.br\/lb\/wp-json\/wp\/v2\/product\/93859","targetHints":{"allow":["GET"]}}],"collection":[{"href":"https:\/\/www.ecommerceupdate.com.br\/lb\/wp-json\/wp\/v2\/product"}],"about":[{"href":"https:\/\/www.ecommerceupdate.com.br\/lb\/wp-json\/wp\/v2\/types\/product"}],"replies":[{"embeddable":true,"href":"https:\/\/www.ecommerceupdate.com.br\/lb\/wp-json\/wp\/v2\/comments?post=93859"}],"wp:featuredmedia":[{"embeddable":true,"href":"https:\/\/www.ecommerceupdate.com.br\/lb\/wp-json\/wp\/v2\/product\/93859"}],"wp:attachment":[{"href":"https:\/\/www.ecommerceupdate.com.br\/lb\/wp-json\/wp\/v2\/media?parent=93859"}],"wp:term":[{"taxonomy":"product_cat","embeddable":true,"href":"https:\/\/www.ecommerceupdate.com.br\/lb\/wp-json\/wp\/v2\/product_cat?post=93859"},{"taxonomy":"product_tag","embeddable":true,"href":"https:\/\/www.ecommerceupdate.com.br\/lb\/wp-json\/wp\/v2\/product_tag?post=93859"}],"curies":[{"name":"wp","href":"https:\/\/api.w.org\/{rel}","templated":true}]}}