{"id":94288,"date":"2026-03-11T13:14:44","date_gmt":"2026-03-11T16:14:44","guid":{"rendered":"https:\/\/www.ecommerceupdate.com.br\/produto\/gestao-de-midias-sociais\/"},"modified":"2026-03-13T15:56:08","modified_gmt":"2026-03-13T18:56:08","slug":"gestao-de-midias-sociais","status":"publish","type":"product","link":"https:\/\/www.ecommerceupdate.com.br\/lb\/produto\/gestao-de-midias-sociais\/","title":{"rendered":"Sozial Medien Gestioun"},"content":{"rendered":"<div class=\"woocommerce-product-details\">\n<h3>Produit Detailer<\/h3>\n<ul>\n<li>Verlag: InterSaberes<\/li>\n<li>Ver\u00ebffentlechungsdatum: 1. Oktober 2017<\/li>\n<li>Editioun: 1a<\/li>\n<li>Sprooch: Portugisesch<\/li>\n<li>Zuel vun de S\u00e4iten : 284 S\u00e4iten<\/li>\n<li>ISBN-10:8559725261<\/li>\n<li>ISBN-13:978-8559725261<\/li>\n<li>Produit Gewiicht: 320g<\/li>\n<li>Dimensiounen: 21 x 14,2 x 1,6 cm<\/li>\n<li>Top Verkeefer Ranking: Nr 90,944 a Bicher (Meet the Top 100 in Books Kategorie) Nr 1,847 a Soziologie Referenzbicher<\/li>\n<li>1.847 a Referenzbicher iwwer Soziologie<\/li>\n<li>Client Rezensiounen: 3,6 3,6 vu 5 St\u00e4ren (10)<\/li>\n<\/ul><\/div>","protected":false},"excerpt":{"rendered":"<p>Zous\u00e4tzlech fir d'Entstoe vun neien Trends extrem opmierksam ze halen, muss de Fachmann, dee mat de soziale Medien schafft, sech s\u00e9ier un d\u00e9i konstant \u00c4nnerungen an den Ufuerderungen an Interessen vun hirem Zilpublikum upassen. Fir ze h\u00ebllefen d\u00e9i wesentlech Attributer z'identifiz\u00e9ieren an z'entw\u00e9ckelen fir ze schaffen mat der Gestioun vun de soziale Medien, an d\u00ebsem Wierk w\u00e4erte mir d'Haapttheorien a Konzepter entdecken, d\u00e9i Studien an d\u00ebsem Ber\u00e4ich \u00ebnnerstr\u00e4ichen an op eng konkret an ugewandt Man\u00e9ier alles weisen, wat Dir w\u00ebsse musst fir e soziale Medienmanagementplang z'entw\u00e9ckelen.<\/p>","protected":false},"featured_media":94288,"comment_status":"open","ping_status":"closed","template":"","meta":[],"product_cat":[1638,1595,1637],"product_tag":[],"class_list":{"0":"post-94288","1":"product","2":"type-product","3":"status-publish","4":"has-post-thumbnail","6":"product_brand-edicao-portugus-por-camila-gino-almeida-costa-autor","7":"product_cat-ciencias-sociais","8":"product_cat-livros","9":"product_cat-politica-filosofia-e-ciencias-sociais","11":"first","12":"instock","13":"sale","14":"shipping-taxable","15":"purchasable","16":"product-type-simple"},"aioseo_notices":[],"_links":{"self":[{"href":"https:\/\/www.ecommerceupdate.com.br\/lb\/wp-json\/wp\/v2\/product\/94288","targetHints":{"allow":["GET"]}}],"collection":[{"href":"https:\/\/www.ecommerceupdate.com.br\/lb\/wp-json\/wp\/v2\/product"}],"about":[{"href":"https:\/\/www.ecommerceupdate.com.br\/lb\/wp-json\/wp\/v2\/types\/product"}],"replies":[{"embeddable":true,"href":"https:\/\/www.ecommerceupdate.com.br\/lb\/wp-json\/wp\/v2\/comments?post=94288"}],"wp:featuredmedia":[{"embeddable":true,"href":"https:\/\/www.ecommerceupdate.com.br\/lb\/wp-json\/wp\/v2\/product\/94288"}],"wp:attachment":[{"href":"https:\/\/www.ecommerceupdate.com.br\/lb\/wp-json\/wp\/v2\/media?parent=94288"}],"wp:term":[{"taxonomy":"product_cat","embeddable":true,"href":"https:\/\/www.ecommerceupdate.com.br\/lb\/wp-json\/wp\/v2\/product_cat?post=94288"},{"taxonomy":"product_tag","embeddable":true,"href":"https:\/\/www.ecommerceupdate.com.br\/lb\/wp-json\/wp\/v2\/product_tag?post=94288"}],"curies":[{"name":"wp","href":"https:\/\/api.w.org\/{rel}","templated":true}]}}