{"id":94365,"date":"2026-03-12T13:42:56","date_gmt":"2026-03-12T16:42:56","guid":{"rendered":"https:\/\/www.ecommerceupdate.com.br\/produto\/e-commerce-implantacao-com-sucesso-200-dicas-exclusivas\/"},"modified":"2026-03-13T15:58:35","modified_gmt":"2026-03-13T18:58:35","slug":"e-commerce-implantacao-com-sucesso-200-dicas-exclusivas","status":"publish","type":"product","link":"https:\/\/www.ecommerceupdate.com.br\/lb\/produto\/e-commerce-implantacao-com-sucesso-200-dicas-exclusivas\/","title":{"rendered":"E-Commerce Erfolleg \u00cbmsetzung: 200 Exklusiv Tipps"},"content":{"rendered":"<div class=\"woocommerce-product-details\"><\/div>","protected":false},"excerpt":{"rendered":"<p>D\u00ebst E-Buch riicht sech un Iech, d\u00e9i w\u00eblles en erfollegr\u00e4ichen Entrepreneur am E-Commerce ze sinn.<br \/>Nodeems Dir d\u00ebse kuerze Resum\u00e9 gelies hutt, gitt s\u00e9cher op \u201cRead more\u201d ze klicken fir de Resum\u00e9 vum E-Book ze kennen.<br \/>Et gi m\u00e9i w\u00e9i 200 Tipps d\u00e9i verbonne sinn no de Schr\u00ebtt, d\u00e9i an der Schafung vum Gesch\u00e4ft musse verfollegen.<br \/>D'Tipps ginn op eng praktesch an direkt Man\u00e9ier beschriwwen, ouni Theorien, d\u00e9i den zuk\u00fcnftege Entrepreneur direkt opginn beim Liesen vun den \u00e9ischte S\u00e4iten.<\/p>\n<p>W\u00e4rend vill Secteuren vun der Wirtschaft eescht vun der Covid-19 Kris beaflosst goufen, hunn anerer endlech positiv Transformatiounen als Konsequenz vun der Pandemie gemaach. D\u00ebst ass de Fall vum E-Commerce, deen am Joer 2020 s\u00e4i bescht Joer a Brasilien hat, mam Wuesstum vun 73,88% am Verkafsvolumen. Laut enger \u00cbmfro vum \u201cThe Global Payments Report 2021\u201d, iwwer d\u00e9i n\u00e4chst 202025 Joer, stellt d\u00ebst eng Erh\u00e9ijung vun den 2025 Joer duer.<br \/>E virtuelle Buttek ze hunn ass net synonym mat garant\u00e9ierte Verkaf. M\u00e9i w\u00e9i jee musst Dir virun allem un de Konsument denken an op eng integr\u00e9iert Man\u00e9ier a Planung, Technologie, Verkafsintelligenz, Logistik a Bezuelungen invest\u00e9ieren, sou datt d'Gesch\u00e4ft weider geet.<br \/>Wann Dir et f\u00e4erdeg br\u00e9ngt, musst Dir e Schr\u00ebtt viraus vun de Konkurrenten sinn andeems Dir differenz\u00e9iert Produkter a Servicer ubitt, d\u00e9i vu Clienten gew\u00ebnscht sinn.<br \/>Wann d'Entscheedung ass en erfollegr\u00e4ichen Entrepreneur ze ginn, da kuckt d\u00e9i onverzichtbar Tipps fir \u00c4ren E-Commerce, d\u00e9i mir prob\u00e9ieren se ze beschreiwen no de Schr\u00ebtt fir \u00c4ren E-Commerce \u00ebmzesetzen.<br \/>Gesinn Resum\u00e9:<br \/>Af\u00e9ierung<br \/>Planung<br \/>E-commerce Modeller<br \/>Niche Maart &amp; Produkter<br \/>Zil Publikum a Persona<br \/>Webs\u00e4it \/Blog \/ Mobile<br \/>Dominanz<br \/>Plattform<br \/>Gesetzgebung<br \/>Finanz\u00e9ieren<br \/>Fournisseuren<br \/>E-commerce Consultatioun<br \/>Professionnelen fir E-Commerce<br \/>E-commerce Deployment<br \/>Verkaf Planung<br \/>Logistik<br \/>Bezuelen<br \/>After-Sale<br \/>Marketing<br \/>Digital Marketing<br \/>Inhalt Marketing<br \/>Relatioun Marketing<br \/>Maartplaz<br \/>Affili\u00e9iert<br \/>Dropshipping<br \/>Finale Consid\u00e9ratiounen<u>.<\/u><\/p>","protected":false},"featured_media":94365,"comment_status":"open","ping_status":"closed","template":"","meta":[],"product_cat":[1611,1613,1595],"product_tag":[],"class_list":{"0":"post-94365","1":"product","2":"type-product","3":"status-publish","4":"has-post-thumbnail","6":"product_brand-por-jos-raimundo-borges-autor-formato-ebook-kindle","7":"product_cat-administracao-negocios-e-economia","8":"product_cat-industrias-e-profissoes","9":"product_cat-livros","11":"first","12":"instock","13":"shipping-taxable","14":"purchasable","15":"product-type-simple"},"aioseo_notices":[],"_links":{"self":[{"href":"https:\/\/www.ecommerceupdate.com.br\/lb\/wp-json\/wp\/v2\/product\/94365","targetHints":{"allow":["GET"]}}],"collection":[{"href":"https:\/\/www.ecommerceupdate.com.br\/lb\/wp-json\/wp\/v2\/product"}],"about":[{"href":"https:\/\/www.ecommerceupdate.com.br\/lb\/wp-json\/wp\/v2\/types\/product"}],"replies":[{"embeddable":true,"href":"https:\/\/www.ecommerceupdate.com.br\/lb\/wp-json\/wp\/v2\/comments?post=94365"}],"wp:featuredmedia":[{"embeddable":true,"href":"https:\/\/www.ecommerceupdate.com.br\/lb\/wp-json\/wp\/v2\/product\/94365"}],"wp:attachment":[{"href":"https:\/\/www.ecommerceupdate.com.br\/lb\/wp-json\/wp\/v2\/media?parent=94365"}],"wp:term":[{"taxonomy":"product_cat","embeddable":true,"href":"https:\/\/www.ecommerceupdate.com.br\/lb\/wp-json\/wp\/v2\/product_cat?post=94365"},{"taxonomy":"product_tag","embeddable":true,"href":"https:\/\/www.ecommerceupdate.com.br\/lb\/wp-json\/wp\/v2\/product_tag?post=94365"}],"curies":[{"name":"wp","href":"https:\/\/api.w.org\/{rel}","templated":true}]}}