{"id":94371,"date":"2026-03-12T13:46:47","date_gmt":"2026-03-12T16:46:47","guid":{"rendered":"https:\/\/www.ecommerceupdate.com.br\/produto\/manual-do-ecommerce-para-lojas-fisicas\/"},"modified":"2026-05-03T12:14:23","modified_gmt":"2026-05-03T15:14:23","slug":"manual-do-ecommerce-para-lojas-fisicas","status":"publish","type":"product","link":"https:\/\/www.ecommerceupdate.com.br\/lb\/produto\/manual-do-ecommerce-para-lojas-fisicas\/","title":{"rendered":"Ecommerce Handbuch fir kierperlech Gesch\u00e4fter"},"content":{"rendered":"<div class=\"woocommerce-product-details\">\n<h3>Produit Detailer<\/h3>\n<ul>\n<li>ASIN: B0DNBQV438<\/li>\n<li>Accessibilit\u00e9it: L\u00e9iert m\u00e9i<\/li>\n<li>Datum vun der Ver\u00ebffentlechung: 31 Januar 2025<\/li>\n<li>Editioun: 1a<\/li>\n<li>Sprooch: Portugisesch<\/li>\n<li>Datei Gr\u00e9isst: 2,8 MB<\/li>\n<li>\u00c9cran Lieser : Kompatibel<\/li>\n<li>Schr\u00ebft Konfiguratioun : Aktiv\u00e9iert<\/li>\n<li>Vocabulaire Tipps : Net aktiv\u00e9iert<\/li>\n<li>Zuel vun de S\u00e4iten : 154 S\u00e4iten<\/li>\n<li>S\u00e4it Flip: Aktiv\u00e9iert<\/li>\n<li>Top Verkeefer Ranking: Nr 390,394 am Kindle Store (Meet the Top 100 in Kindle Store Kategorie) Nr 5,111 am Informatik, Internet an digitale Medien Nr 14,583 a Business an Economie<\/li>\n<li>5.111 am Informatik, Internet an digitale Medien<\/li>\n<li>14.583 am Gesch\u00e4ft an der Economie<\/li>\n<\/ul><\/div>","protected":false},"excerpt":{"rendered":"<p>Boost \u00c4re Verkaf andeems Dir de kierperleche Buttek mat Ecommerce integr\u00e9iert, mat engem praktesche Guide deen pers\u00e9inlech Clienten an Online Shoppers m\u00e9cht. Kindle Format verf\u00fcgbar fir s\u00e9ier a bezuelbar Liesen, wat Iech erlaabt d'Strategien vum Handbuch op all Apparat z'appliz\u00e9ieren. Geschriwwen vum Emerson Duarte a Pr\u00e4is bei just R$ 39.90, verspr\u00e9cht d\u00ebst Buch de Verk\u00e9ier an Einnahmen ze maachen an Iech prett ze loossen m\u00e9i ze verkafen.<\/p>","protected":false},"featured_media":0,"comment_status":"open","ping_status":"closed","template":"","meta":[],"product_cat":[1611,1608,1607],"product_tag":[2470,2472,2471],"class_list":{"0":"post-94371","1":"product","2":"type-product","3":"status-publish","4":"product_brand-por-emerson-duarte-autor-formato-ebook-kindle","5":"product_cat-administracao-negocios-e-economia","6":"product_cat-ebooks-kindle","7":"product_cat-loja-kindle","8":"product_tag-ebook-kindle-ecommerce-lojas-fisicas-passo-a-passo","9":"product_tag-emerson-duarte-ecommerce-livro-digital-lojas-fisicas","10":"product_tag-manual-ecommerce-lojas-fisicas-estrategias-de-venda","12":"first","13":"instock","14":"shipping-taxable","15":"purchasable","16":"product-type-simple"},"aioseo_notices":[],"_links":{"self":[{"href":"https:\/\/www.ecommerceupdate.com.br\/lb\/wp-json\/wp\/v2\/product\/94371","targetHints":{"allow":["GET"]}}],"collection":[{"href":"https:\/\/www.ecommerceupdate.com.br\/lb\/wp-json\/wp\/v2\/product"}],"about":[{"href":"https:\/\/www.ecommerceupdate.com.br\/lb\/wp-json\/wp\/v2\/types\/product"}],"replies":[{"embeddable":true,"href":"https:\/\/www.ecommerceupdate.com.br\/lb\/wp-json\/wp\/v2\/comments?post=94371"}],"wp:attachment":[{"href":"https:\/\/www.ecommerceupdate.com.br\/lb\/wp-json\/wp\/v2\/media?parent=94371"}],"wp:term":[{"taxonomy":"product_cat","embeddable":true,"href":"https:\/\/www.ecommerceupdate.com.br\/lb\/wp-json\/wp\/v2\/product_cat?post=94371"},{"taxonomy":"product_tag","embeddable":true,"href":"https:\/\/www.ecommerceupdate.com.br\/lb\/wp-json\/wp\/v2\/product_tag?post=94371"}],"curies":[{"name":"wp","href":"https:\/\/api.w.org\/{rel}","templated":true}]}}