{"id":94499,"date":"2026-03-15T14:17:35","date_gmt":"2026-03-15T17:17:35","guid":{"rendered":"https:\/\/www.ecommerceupdate.com.br\/produto\/o-novo-radar-dos-negocios-aprenda-a-lucrar-com-as-estrategias-chinesas-que-estao-dominando-o-mercado-brasileiro\/"},"modified":"2026-05-03T12:00:08","modified_gmt":"2026-05-03T15:00:08","slug":"o-novo-radar-dos-negocios-aprenda-a-lucrar-com-as-estrategias-chinesas-que-estao-dominando-o-mercado-brasileiro","status":"publish","type":"product","link":"https:\/\/www.ecommerceupdate.com.br\/lb\/produto\/o-novo-radar-dos-negocios-aprenda-a-lucrar-com-as-estrategias-chinesas-que-estao-dominando-o-mercado-brasileiro\/","title":{"rendered":"Den neie Gesch\u00e4ftsradar: L\u00e9iert w\u00e9i Dir vun de chinesesche Strategien profit\u00e9iert, d\u00e9i de brasilianesche Maart domin\u00e9ieren"},"content":{"rendered":"<div class=\"woocommerce-product-details\"><\/div>","protected":false},"excerpt":{"rendered":"<p>Entdeckt w\u00e9i Dir profit\u00e9iere vun de chinesesche Strategien, d\u00e9i de brasilianesche Maart domin\u00e9ieren, l\u00e9iert bewisen Taktiken anzesetzen fir d'Rentabilit\u00e9it vunn \u00c4rem Gesch\u00e4ft ze erh\u00e9ijen. D'Buch, geschriwwen vum Fabio Neto, bitt eng praktesch an handhabbar Visioun, mat kloere Beispiller w\u00e9i een global Approche zum nationale Kontext adapt\u00e9iert.Fir n\u00ebmmen R$ 51.20, taucht Iech an Inhalt deen Theorie mat der Praxis verb\u00ebnnt an erw\u00e4cht den Impuls fir \u00c4r Wuesstumspl\u00e4ng ze f\u00f6rderen.<\/p>","protected":false},"featured_media":94499,"comment_status":"open","ping_status":"closed","template":"","meta":[],"product_cat":[1611,1629,1595],"product_tag":[2402,2401,2400],"class_list":{"0":"post-94499","1":"product","2":"type-product","3":"status-publish","4":"has-post-thumbnail","5":"product_brand-por-fabio-neto-autor","6":"product_cat-administracao-negocios-e-economia","7":"product_cat-desenvolvimento-de-negocios-e-empreendedorismo","8":"product_cat-livros","9":"product_tag-empreendedorismo-brasil-com-estrategias-chinesas","10":"product_tag-estrategias-chinesas-para-lucrar-no-mercado-brasileiro","11":"product_tag-livro-de-negocios-estrategias-chinesas-brasil","13":"first","14":"instock","15":"shipping-taxable","16":"purchasable","17":"product-type-simple"},"aioseo_notices":[],"_links":{"self":[{"href":"https:\/\/www.ecommerceupdate.com.br\/lb\/wp-json\/wp\/v2\/product\/94499","targetHints":{"allow":["GET"]}}],"collection":[{"href":"https:\/\/www.ecommerceupdate.com.br\/lb\/wp-json\/wp\/v2\/product"}],"about":[{"href":"https:\/\/www.ecommerceupdate.com.br\/lb\/wp-json\/wp\/v2\/types\/product"}],"replies":[{"embeddable":true,"href":"https:\/\/www.ecommerceupdate.com.br\/lb\/wp-json\/wp\/v2\/comments?post=94499"}],"wp:featuredmedia":[{"embeddable":true,"href":"https:\/\/www.ecommerceupdate.com.br\/lb\/wp-json\/wp\/v2\/product\/94499"}],"wp:attachment":[{"href":"https:\/\/www.ecommerceupdate.com.br\/lb\/wp-json\/wp\/v2\/media?parent=94499"}],"wp:term":[{"taxonomy":"product_cat","embeddable":true,"href":"https:\/\/www.ecommerceupdate.com.br\/lb\/wp-json\/wp\/v2\/product_cat?post=94499"},{"taxonomy":"product_tag","embeddable":true,"href":"https:\/\/www.ecommerceupdate.com.br\/lb\/wp-json\/wp\/v2\/product_tag?post=94499"}],"curies":[{"name":"wp","href":"https:\/\/api.w.org\/{rel}","templated":true}]}}