{"id":400,"date":"2024-06-24T21:21:22","date_gmt":"2024-06-24T21:21:22","guid":{"rendered":"https:\/\/www.ecommerceupdate.com.br\/?page_id=400"},"modified":"2025-02-24T10:17:53","modified_gmt":"2025-02-24T13:17:53","slug":"sobre","status":"publish","type":"page","link":"https:\/\/www.ecommerceupdate.com.br\/lt\/sobre\/","title":{"rendered":"ant vir\u0161aus"},"content":{"rendered":"<p>E-Commerce Update yra referencin\u0117 \u012fmon\u0117 Brazilijos rinkoje, kuri specializuojasi gaminant ir platinant auk\u0161tos kokyb\u0117s turin\u012f apie elektronin\u0117s prekybos sektori\u0173. Siekdama skatinti elektronin\u0117s prekybos augim\u0105 ir raid\u0105 \u0161alyje, \u012fmon\u0117 yra skirta spr\u0119sti pa\u010dias \u012fvairiausias temas, susijusias su \u0161iuo segmentu, tiek nacionaliniu, tiek tarptautiniu mastu.<\/p>\n\n\n\n<p>Per nuodugnius straipsnius, rinkos analiz\u0119, interviu su ekspertais ir pagrindini\u0173 \u012fvyki\u0173 bei tendencij\u0173 apr\u0117pt\u012f E-Commerce Update si\u016blo savo skaitytojams turting\u0105, atnaujint\u0105 ir aktual\u0173 turin\u012f.\u012fmon\u0117 siekia ne tik informuoti, bet ir \u0161viesti bei \u012fkv\u0117pti profesionalus, verslininkus ir elektronin\u0117s prekybos entuziastus, prisid\u0117dama prie tvirtesn\u0117s ir novatori\u0161kesn\u0117s elektronin\u0117s prekybos ekosistemos k\u016brimo Brazilijoje ir visame pasaulyje.<\/p>\n\n\n\n<p>E-Commerce Update i\u0161siskiria redakcine kokybe ir visapusi\u0161ku po\u017ei\u016briu \u012f su elektronine prekyba susijusias temas Nuo skaitmenin\u0117s rinkodaros strategij\u0173, logistikos, mok\u0117jimo b\u016bd\u0173 ir vartotoj\u0173 patirties iki technologini\u0173 naujovi\u0173, s\u0117km\u0117s istorij\u0173 ir pramon\u0117s i\u0161\u0161\u016bki\u0173, \u012fmon\u0117 siekia apr\u0117pti visus aspektus, b\u016btinus s\u0117kmei elektronin\u0117je prekyboje.<\/p>\n\n\n\n<p>Konsoliduojant save kaip patikim\u0105 ir \u012fkvepiant\u012f turinio apie elektronin\u0119 prekyb\u0105 \u0161altin\u012f, E-Commerce Update vis da\u017eniau tampa atskaitos ta\u0161ku profesionalams ir \u012fmon\u0117ms, siekian\u010dioms i\u0161likti atnaujintoms, tobulinti savo strategijas ir pasinaudoti \u0161ios nuolat besiple\u010dian\u010dios rinkos teikiamomis galimyb\u0117mis. savo \u012fsipareigojimu skatinti elektronin\u0119 prekyb\u0105 Brazilijoje ir visame pasaulyje, \u012fmon\u0117 atlieka pagrindin\u012f vaidmen\u012f kuriant perspektyvi\u0105 sektoriaus ateit\u012f.<\/p>","protected":false},"excerpt":{"rendered":"<p>A E-Commerce Update \u00e9 uma empresa de refer\u00eancia no mercado brasileiro, especializada em produzir e disseminar conte\u00fado de alta qualidade sobre o setor de com\u00e9rcio eletr\u00f4nico. Com o objetivo de fomentar o crescimento e a evolu\u00e7\u00e3o do e-commerce no pa\u00eds, a empresa se dedica a abordar os mais variados temas relacionados a esse segmento, tanto [&hellip;]<\/p>\n","protected":false},"author":1,"featured_media":0,"parent":0,"menu_order":0,"comment_status":"closed","ping_status":"closed","template":"","meta":{"footnotes":""},"class_list":["post-400","page","type-page","status-publish"],"aioseo_notices":[],"_links":{"self":[{"href":"https:\/\/www.ecommerceupdate.com.br\/lt\/wp-json\/wp\/v2\/pages\/400","targetHints":{"allow":["GET"]}}],"collection":[{"href":"https:\/\/www.ecommerceupdate.com.br\/lt\/wp-json\/wp\/v2\/pages"}],"about":[{"href":"https:\/\/www.ecommerceupdate.com.br\/lt\/wp-json\/wp\/v2\/types\/page"}],"author":[{"embeddable":true,"href":"https:\/\/www.ecommerceupdate.com.br\/lt\/wp-json\/wp\/v2\/users\/1"}],"replies":[{"embeddable":true,"href":"https:\/\/www.ecommerceupdate.com.br\/lt\/wp-json\/wp\/v2\/comments?post=400"}],"version-history":[{"count":0,"href":"https:\/\/www.ecommerceupdate.com.br\/lt\/wp-json\/wp\/v2\/pages\/400\/revisions"}],"wp:attachment":[{"href":"https:\/\/www.ecommerceupdate.com.br\/lt\/wp-json\/wp\/v2\/media?parent=400"}],"curies":[{"name":"wp","href":"https:\/\/api.w.org\/{rel}","templated":true}]}}