{"id":93229,"date":"2026-03-01T09:32:53","date_gmt":"2026-03-01T12:32:53","guid":{"rendered":"https:\/\/www.ecommerceupdate.com.br\/produto\/empreendendo-no-e-commerce\/"},"modified":"2026-03-13T15:27:54","modified_gmt":"2026-03-13T18:27:54","slug":"empreendendo-no-e-commerce","status":"publish","type":"product","link":"https:\/\/www.ecommerceupdate.com.br\/lt\/produto\/empreendendo-no-e-commerce\/","title":{"rendered":"\u012esipareigojimas elektronin\u0117s prekybos srityje"},"content":{"rendered":"<div class=\"woocommerce-product-details\">\n<h3>Prek\u0117s detal\u0117s<\/h3>\n<ul>\n<li>ASIN: B0F92B2HMQ<\/li>\n<li>Leid\u0117jas: Ariane Vianna<\/li>\n<li>Prieinamumas: Su\u017einokite daugiau<\/li>\n<li>Paskelbimo data: 2025 m. gegu\u017e\u0117s 17 d<\/li>\n<li>Kalba: portugal\u0173<\/li>\n<li>Failo dydis: 326 KB<\/li>\n<li>Ekrano skaitytuvas: Suderinamas<\/li>\n<li>\u0160rifto konfig\u016bracija: \u012fjungta<\/li>\n<li>\u017dodyno patarimai: ne\u012fjungta<\/li>\n<li>Puslapi\u0173 skai\u010dius: 44 puslapiai<\/li>\n<li>ISBN-13:978-6501462141<\/li>\n<li>Puslapio apvertimas: \u012fjungta<\/li>\n<li>Skaitymo am\u017eius: 12 18 met\u0173<\/li>\n<li>Perkamiausi\u0173 asmen\u0173 reitingas: Nr. 203 063 Kindle Store (Susipa\u017einkite su 100 geriausi\u0173 Kindle Store kategorijoje) Nr. 23 Kindle standartiniuose \u017eodynuose Nr. 100 eBooks on Dailies Nr. 544 laiko valdyme<\/li>\n<li>23 Kindle standartiniuose \u017eodynuose<\/li>\n<li>100 EBooks on Diary<\/li>\n<li>544 Laiko valdyme<\/li>\n<li>Klient\u0173 atsiliepimai: 5,0 5,0 i\u0161 5 \u017evaig\u017edu\u010di\u0173 (11)<\/li>\n<\/ul><\/div>","protected":false},"excerpt":{"rendered":"<p>Prakti\u0161kas, \u017emogi\u0161kas ir \u012fkvepiantis vadovas tiems, kurie nori sukurti internetin\u012f versl\u0105 net ir netur\u0117dami patirties \u0160ioje knygoje Ariane Vianna dalijasi savo tikra trajektorija tiesioginiais patarimais, praktiniais pratimais ir prieinamomis strategijomis, kad prad\u0117t\u0173 nuo nulio, parduot\u0173 su tikslu ir masteliu savo elektronin\u0119 prekyb\u0105 s\u0105moningai 'visa tai suderinant asmenin\u012f gyvenim\u0105, vaikus ir svajones. i\u0161moksite pasirinkti produktus, teisingai \u012frengti savo parduotuv\u0119, kain\u0105, pritraukti pirmuosius klientus, organizuoti savo rutin\u0105 ir i\u0161laikyti motyvacij\u0105 net sunkiomis dienomis. tai idealus vadovas tiems, kurie nori imtis su siela ir veiksmais. skirtas moterims verslinink\u0117ms, motinoms, norin\u010dioms finansin\u0117s nepriklausomyb\u0117s ir visiems, kurie nori virsti pilnatve. nereikia prad\u0117ti.<\/p>","protected":false},"featured_media":93229,"comment_status":"open","ping_status":"closed","template":"","meta":[],"product_cat":[1627,1608,1607],"product_tag":[],"class_list":{"0":"post-93229","1":"product","2":"type-product","3":"status-publish","4":"has-post-thumbnail","6":"product_brand-por-ariane-vianna-autor-formato-ebook-kindle","7":"product_cat-autoajuda","8":"product_cat-ebooks-kindle","9":"product_cat-loja-kindle","11":"first","12":"instock","13":"shipping-taxable","14":"purchasable","15":"product-type-simple"},"aioseo_notices":[],"_links":{"self":[{"href":"https:\/\/www.ecommerceupdate.com.br\/lt\/wp-json\/wp\/v2\/product\/93229","targetHints":{"allow":["GET"]}}],"collection":[{"href":"https:\/\/www.ecommerceupdate.com.br\/lt\/wp-json\/wp\/v2\/product"}],"about":[{"href":"https:\/\/www.ecommerceupdate.com.br\/lt\/wp-json\/wp\/v2\/types\/product"}],"replies":[{"embeddable":true,"href":"https:\/\/www.ecommerceupdate.com.br\/lt\/wp-json\/wp\/v2\/comments?post=93229"}],"wp:featuredmedia":[{"embeddable":true,"href":"https:\/\/www.ecommerceupdate.com.br\/lt\/wp-json\/wp\/v2\/product\/93229"}],"wp:attachment":[{"href":"https:\/\/www.ecommerceupdate.com.br\/lt\/wp-json\/wp\/v2\/media?parent=93229"}],"wp:term":[{"taxonomy":"product_cat","embeddable":true,"href":"https:\/\/www.ecommerceupdate.com.br\/lt\/wp-json\/wp\/v2\/product_cat?post=93229"},{"taxonomy":"product_tag","embeddable":true,"href":"https:\/\/www.ecommerceupdate.com.br\/lt\/wp-json\/wp\/v2\/product_tag?post=93229"}],"curies":[{"name":"wp","href":"https:\/\/api.w.org\/{rel}","templated":true}]}}