{"id":93372,"date":"2026-03-03T23:00:48","date_gmt":"2026-03-04T02:00:48","guid":{"rendered":"https:\/\/www.ecommerceupdate.com.br\/produto\/marketplace-teoria-e-pratica-2\/"},"modified":"2026-03-13T15:28:34","modified_gmt":"2026-03-13T18:28:34","slug":"marketplace-teoria-e-pratica-2","status":"publish","type":"product","link":"https:\/\/www.ecommerceupdate.com.br\/lt\/produto\/marketplace-teoria-e-pratica-2\/","title":{"rendered":"Prekyviet\u0117: teorija ir praktika"},"content":{"rendered":"<div class=\"woocommerce-product-details\">\n<h3>Prek\u0117s detal\u0117s<\/h3>\n<ul>\n<li>ASIN: B0BY5DPNLS<\/li>\n<li>Leid\u0117jas: Alexandre Villar\/Soul Publisher<\/li>\n<li>Prieinamumas: Su\u017einokite daugiau<\/li>\n<li>Paskelbimo data: 2023 m. kovo 10 d<\/li>\n<li>Leidimas: 2-asis<\/li>\n<li>Kalba: portugal\u0173<\/li>\n<li>Failo dydis: 2,1 MB<\/li>\n<li>Ekrano skaitytuvas: Suderinamas<\/li>\n<li>\u0160rifto konfig\u016bracija: \u012fjungta<\/li>\n<li>\u017dodyno patarimai: ne\u012fjungta<\/li>\n<li>Puslapi\u0173 skai\u010dius: 282 puslapiai<\/li>\n<li>ISBN-13:978-6586178906<\/li>\n<li>Puslapio apvertimas: \u012fjungta<\/li>\n<li>Skaitymo am\u017eius: 13 18 met\u0173<\/li>\n<li>Perkamiausi\u0173 asmen\u0173 reitingas: Nr. 278 659 Kindle Store (Susipa\u017einkite su 100 geriausi\u0173 Kindle Store kategorijoje) Nr. 124 Klient\u0173 aptarnavimo srityje Nr. 294 Web Marketing Nr. 1 720 rinkodaros ir pardavimo srityje<\/li>\n<li>124 Klient\u0173 aptarnavimo srityje<\/li>\n<li>294 \u017diniatinklio rinkodaroje<\/li>\n<li>1 720 \u012f Rinkodara ir pardavimai<\/li>\n<\/ul><\/div>","protected":false},"excerpt":{"rendered":"<p>Susid\u016br\u0119 su naujovi\u0173 kupinu pasauliu ir ma\u017emenin\u0117s prekybos rinka, ie\u0161kan\u010dia nauj\u0173 savo pardavimo kryp\u010di\u0173, pardavimas rinkoje tapo labai \u012fdomiu keliu t\u016bkstan\u010diams \u012fmoni\u0173 Pasinaudojus matomumu, kur\u012f turi dideli portalai klient\u0173 \u012fsigijimui, \u012f\u0117jimas \u012f \u0161i\u0105 novatori\u0161k\u0105 rink\u0105 turi savo i\u0161naudojim\u0173 ir rizik\u0173 Suprasdami kiekvien\u0105 rinkos detal\u0119 ir jos sunkumus, j\u016bs\u0173 darbas bus daug lengvesnis \u0160ioje knygoje galite rasti sprendim\u0105 kelioms i\u0161 j\u0173 ir tapti s\u0117kmingu verslininku.<\/p>","protected":false},"featured_media":93372,"comment_status":"open","ping_status":"closed","template":"","meta":[],"product_cat":[1611,1613,1595],"product_tag":[],"class_list":{"0":"post-93372","1":"product","2":"type-product","3":"status-publish","4":"has-post-thumbnail","6":"product_brand-por-alexandre-villar-autor-formato-ebook-kindle","7":"product_cat-administracao-negocios-e-economia","8":"product_cat-industrias-e-profissoes","9":"product_cat-livros","11":"first","12":"instock","13":"shipping-taxable","14":"purchasable","15":"product-type-simple"},"aioseo_notices":[],"_links":{"self":[{"href":"https:\/\/www.ecommerceupdate.com.br\/lt\/wp-json\/wp\/v2\/product\/93372","targetHints":{"allow":["GET"]}}],"collection":[{"href":"https:\/\/www.ecommerceupdate.com.br\/lt\/wp-json\/wp\/v2\/product"}],"about":[{"href":"https:\/\/www.ecommerceupdate.com.br\/lt\/wp-json\/wp\/v2\/types\/product"}],"replies":[{"embeddable":true,"href":"https:\/\/www.ecommerceupdate.com.br\/lt\/wp-json\/wp\/v2\/comments?post=93372"}],"wp:featuredmedia":[{"embeddable":true,"href":"https:\/\/www.ecommerceupdate.com.br\/lt\/wp-json\/wp\/v2\/product\/93372"}],"wp:attachment":[{"href":"https:\/\/www.ecommerceupdate.com.br\/lt\/wp-json\/wp\/v2\/media?parent=93372"}],"wp:term":[{"taxonomy":"product_cat","embeddable":true,"href":"https:\/\/www.ecommerceupdate.com.br\/lt\/wp-json\/wp\/v2\/product_cat?post=93372"},{"taxonomy":"product_tag","embeddable":true,"href":"https:\/\/www.ecommerceupdate.com.br\/lt\/wp-json\/wp\/v2\/product_tag?post=93372"}],"curies":[{"name":"wp","href":"https:\/\/api.w.org\/{rel}","templated":true}]}}