{"id":93423,"date":"2026-03-04T08:53:32","date_gmt":"2026-03-04T11:53:32","guid":{"rendered":"https:\/\/www.ecommerceupdate.com.br\/produto\/startup-manual-do-empreendedor\/"},"modified":"2026-03-13T15:32:03","modified_gmt":"2026-03-13T18:32:03","slug":"startup-manual-do-empreendedor","status":"publish","type":"product","link":"https:\/\/www.ecommerceupdate.com.br\/lt\/produto\/startup-manual-do-empreendedor\/","title":{"rendered":"Paleidimas: Verslininko vadovas"},"content":{"rendered":"<div class=\"woocommerce-product-details\">\n<h3>Prek\u0117s detal\u0117s<\/h3>\n<ul>\n<li>Leid\u0117jas: Alta Books<\/li>\n<li>Paskelbimo data: 2014 m. vasario 4 d<\/li>\n<li>Leidimas: 1a<\/li>\n<li>Kalba: portugal\u0173<\/li>\n<li>Puslapi\u0173 skai\u010dius: 572 puslapiai<\/li>\n<li>ISBN-10:8576087820<\/li>\n<li>ISBN-13:978-8576087823<\/li>\n<li>Produkto svoris: 600g<\/li>\n<li>I\u0161matavimai: 16 x 2 x 23 cm<\/li>\n<li>Perkamiausi\u0173 asmen\u0173 reitingas: 14 649 knyg\u0173 s\u0105ra\u0161e (Susipa\u017einkite su 100 geriausi\u0173 knyg\u0173 kategorijoje) Nr. 62 \u012fmon\u0117je Nr. 174 Europos literat\u016broje ir gro\u017ein\u0117je literat\u016broje<\/li>\n<li>62 \u012emon\u0117je<\/li>\n<li>174 Europos literat\u016broje ir gro\u017ein\u0117je literat\u016broje<\/li>\n<li>Klient\u0173 atsiliepimai: 4,7 4,7 i\u0161 5 \u017evaig\u017edu\u010di\u0173 (287)<\/li>\n<\/ul><\/div>","protected":false},"excerpt":{"rendered":"<p>Kasmet milijardai doleri\u0173 investuojami \u012f \u012fmones visame pasaulyje, kurios yra ankstyvoje vystymosi stadijoje. <br \/> Tikimasi, kad \u0161ie pinigai gr\u012f\u0161 novatori\u0161k\u0173 versl\u0173, rinkos dalies, produkt\u0173, kurie gerina m\u016bs\u0173 kasdienyb\u0119, darbo viet\u0173 ir, akivaizdu, daug pelno grynaisiais ir didesn\u0119 vert\u0119 akcininkui, Ta\u010diau realyb\u0117 yra i\u0161kreipta! Patys investuotojai \u017eino, kad procesas n\u0117ra linijinis ir kad, pasak Nacionalin\u0117s rizikos kapitalo asociacijos, i\u0161 100 \u012fmoni\u0173, kurios gauna investicijas, 40 tiesiog suyra; 40 generuoja vidutin\u0119 gr\u0105\u017e\u0105; ir tik 20 tampa s\u0117km\u0117s atvejais. <br \/> Ar tai viena i\u0161 t\u0173 nekintam\u0173 gamtos taisykli\u0173? <br \/> \u0160i knyga gali \u012frodyti prie\u0161ingai! Gera id\u0117ja be vykdymo niekam niekur neduoda, kaip ir abipusis yra tiesa. <br \/> Id\u0117jos kyla kasdien, ta\u010diau jos n\u0117ra tos, kurios veda \u012f s\u0117km\u0119 ar nes\u0117km\u0119. <br \/> Pirmas dalykas, kur\u012f reikia apsvarstyti, yra tai, ar jis patenkina real\u0173 kliento poreik\u012f, ar tai asmuo, ar \u012fmon\u0117, ir ar tas pats klientas nori mok\u0117ti u\u017e si\u016blom\u0105 sprendim\u0105. Autori\u0173, Steve'o Blanko ir Bobo Dorfo darbas \u012fvertina b\u016btent \u0161i\u0105 maksim\u0105: id\u0117j\u0173 susid\u016brimas ir j\u0173 s\u0105saja su rinka daro jas gyvybingas.<br \/> Didelio potencialo \u012fmon\u0117s yra suprantamos i\u0161 i\u0161or\u0117s, tai yra per geriausi\u0105 mokymosi proces\u0105 su savo potencialiais klientais, prie\u0161 statant ir mastel\u012f \u012emon\u0117s nepasiseka, nes turi blog\u0105 produkt\u0105. jiems nepavyksta, nes jie neturi klient\u0173, norin\u010di\u0173 mok\u0117ti u\u017e si\u016blomus sprendimus ir d\u0117l perspektyvaus verslo modelio tr\u016bkumo.Startup: Entrepreneur's Manual yra b\u016btent tai, k\u0105 jis sako: \u017eingsnis po \u017eingsnio, i\u0161samus vadovas, kuris nukreipia startuolius jud\u0117ti teisinga kryptimi. <br \/> Ji nukreipia verslininkus per klient\u0173 tobulinimo proces\u0105, d\u0117l kurio jie palieka biur\u0105 ir i\u0161eina \u012f gatves, kur klientai turi kurti laim\u0117jusius produktus, kuriuos pirks klientai.<\/p>","protected":false},"featured_media":93423,"comment_status":"open","ping_status":"closed","template":"","meta":[],"product_cat":[1701,1700,1595],"product_tag":[],"class_list":{"0":"post-93423","1":"product","2":"type-product","3":"status-publish","4":"has-post-thumbnail","6":"product_brand-por-bob-dorf-autor-steve-blank-autor","7":"product_cat-drama","8":"product_cat-literatura-e-ficcao","9":"product_cat-livros","11":"first","12":"instock","13":"sale","14":"shipping-taxable","15":"purchasable","16":"product-type-simple"},"aioseo_notices":[],"_links":{"self":[{"href":"https:\/\/www.ecommerceupdate.com.br\/lt\/wp-json\/wp\/v2\/product\/93423","targetHints":{"allow":["GET"]}}],"collection":[{"href":"https:\/\/www.ecommerceupdate.com.br\/lt\/wp-json\/wp\/v2\/product"}],"about":[{"href":"https:\/\/www.ecommerceupdate.com.br\/lt\/wp-json\/wp\/v2\/types\/product"}],"replies":[{"embeddable":true,"href":"https:\/\/www.ecommerceupdate.com.br\/lt\/wp-json\/wp\/v2\/comments?post=93423"}],"wp:featuredmedia":[{"embeddable":true,"href":"https:\/\/www.ecommerceupdate.com.br\/lt\/wp-json\/wp\/v2\/product\/93423"}],"wp:attachment":[{"href":"https:\/\/www.ecommerceupdate.com.br\/lt\/wp-json\/wp\/v2\/media?parent=93423"}],"wp:term":[{"taxonomy":"product_cat","embeddable":true,"href":"https:\/\/www.ecommerceupdate.com.br\/lt\/wp-json\/wp\/v2\/product_cat?post=93423"},{"taxonomy":"product_tag","embeddable":true,"href":"https:\/\/www.ecommerceupdate.com.br\/lt\/wp-json\/wp\/v2\/product_tag?post=93423"}],"curies":[{"name":"wp","href":"https:\/\/api.w.org\/{rel}","templated":true}]}}