{"id":93556,"date":"2026-03-04T20:17:57","date_gmt":"2026-03-04T23:17:57","guid":{"rendered":"https:\/\/www.ecommerceupdate.com.br\/produto\/dropshipping-2026-from-beginner-to-pro-with-smart-ai-strategies-step-by-step-guide-to-launch-scale-a-profitable-store-using-smart-ai-tools\/"},"modified":"2026-05-09T11:57:05","modified_gmt":"2026-05-09T14:57:05","slug":"dropshipping-2026-from-beginner-to-pro-with-smart-ai-strategies-step-by-step-guide-to-launch-scale-a-profitable-store-using-smart-ai-tools","status":"publish","type":"product","link":"https:\/\/www.ecommerceupdate.com.br\/lt\/produto\/dropshipping-2026-from-beginner-to-pro-with-smart-ai-strategies-step-by-step-guide-to-launch-scale-a-profitable-store-using-smart-ai-tools\/","title":{"rendered":"Dropshipping 2026 Nuo pradedan\u010di\u0173j\u0173 iki profesionali\u0173 su i\u0161maniosiomis AI strategijomis: \u017eingsnis po \u017eingsnio vadovas, kaip paleisti ir i\u0161pl\u0117sti pelning\u0105 parduotuv\u0119 naudojant i\u0161maniuosius AI \u012frankius"},"content":{"rendered":"<div class=\"woocommerce-product-details\"><\/div>","protected":false},"excerpt":{"rendered":"<p>Paleiskite, automatizuokite ir padidinkite savo Dropshipping Empire 2026 m. Net jei niekada anks\u010diau nepardav\u0117te internete! Ar esate pasireng\u0119s sukurti pelning\u0105, atei\u010diai patikim\u0105 elektronin\u0117s prekybos versl\u0105 be atsarg\u0173, i\u0161ankstini\u0173 i\u0161laid\u0173 ar technini\u0173 galv\u0173? Dropshipping vystosi, o AI kei\u010dia \u017eaidim\u0105.2026 m. s\u0117km\u0117s draugai tiems, kurie naudojasi i\u0161manumu, duomenimis pagr\u012fstomis pajamomis, kad sukurt\u0173 na\u0161um\u0105, ir dirbtinio intelekto vadovaujama lyderyst\u0117, kad u\u017emegzt\u0173 santykius per santykius.<span>\u2705 Kaip \u012f <\/span><span class=\"a-text-bold\">raskite laim\u0117jusi\u0173 produkt\u0173 2026 m<\/span><span> naudojant AI varomus tyrimo \u012frankius (be sp\u0117lioni\u0173!)<\/span>\u2705 Kaip rasti laim\u0117jusius produktus 2026 m., Naudojant dirbtinio intelekto varomus tyrimo \u012frankius (be sp\u0117lioni\u0173!)<span>\u2705 \u017dingsnis po \u017eingsnio j\u016bs\u0173 s\u0105ranka <\/span><span class=\"a-text-bold\">Shopify parduotuv\u0117 optimizuota konversijoms<\/span>\u017eingsnis po \u017eingsnio j\u016bs\u0173 Shopify parduotuv\u0117s s\u0105ranka optimizuota konversijoms<span>\u2705 Kaip \u012f <\/span><span class=\"a-text-bold\">automatinis u\u017esakym\u0173 vykdymas, klient\u0173 aptarnavimas ir skelbimai<\/span><span> su nemokamais ir prieinamais AI \u012frankiais<\/span>kaip automatizuoti u\u017esakym\u0173 vykdym\u0105, klient\u0173 aptarnavim\u0105 ir skelbimus naudojant nemokamus ir prieinamus AI \u012frankius<span>\u2705 Paslaptys \u012f <\/span><span class=\"a-text-bold\">pelningai mastelio keitimas<\/span><span> vengdami \u012fprast\u0173 pradedan\u010di\u0173j\u0173 sp\u0105st\u0173<\/span>paslaptys, kaip pelningai didinti mastel\u012f, vengiant \u012fprast\u0173 pradedan\u010di\u0173j\u0173 sp\u0105st\u0173<span>realaus pasaulio atvej\u0173 tyrimai <\/span><span class=\"a-text-bold\">Tendencij\u0173 prognoz\u0117s 2026 m<\/span><span> kad neatsilikt\u0173 nuo kreiv\u0117s<\/span>realaus pasaulio atvej\u0173 tyrimai ir 2026 m. tendencij\u0173 prognoz\u0117s i\u0161liks prie\u0161 kreiv\u0119<span>\u2705 Nulin\u0117s rizikos strategijos \u012f <\/span><span class=\"a-text-bold\">greito bandymo produktai<\/span><span> ir dvigubai ma\u017eiau, k\u0105 parduoda<\/span>\u2705 Nulin\u0117s rizikos strategijos, skirtos greitai i\u0161bandyti produktus ir padvigubinti parduodam\u0105 kiek\u012f Nesvarbu, ar esate visi\u0161kas naujokas, ar patyr\u0119s pardav\u0117jas, norintis atnaujinti \u017eaidim\u0105, \u0161i knyga suteikia jums tiksl\u0173 plan\u0105, kaip sukurti tvar\u0173, automatizuot\u0105 tiesioginio pristatymo versl\u0105 AI eroje. 2026 m. j\u016bs\u0173 elektronin\u0117s prekybos s\u0117km\u0117 prasideda \u010dia nereikia patirties.<\/p>","protected":false},"featured_media":93556,"comment_status":"open","ping_status":"closed","template":"","meta":[],"product_cat":[1611,1595,1610],"product_tag":[],"class_list":{"0":"post-93556","1":"product","2":"type-product","3":"status-publish","4":"has-post-thumbnail","5":"product_brand-edicao-ingls-por-ayman-nada-autor","6":"product_cat-administracao-negocios-e-economia","7":"product_cat-livros","8":"product_cat-livros-internacionais","10":"first","11":"instock","12":"shipping-taxable","13":"purchasable","14":"product-type-simple"},"aioseo_notices":[],"_links":{"self":[{"href":"https:\/\/www.ecommerceupdate.com.br\/lt\/wp-json\/wp\/v2\/product\/93556","targetHints":{"allow":["GET"]}}],"collection":[{"href":"https:\/\/www.ecommerceupdate.com.br\/lt\/wp-json\/wp\/v2\/product"}],"about":[{"href":"https:\/\/www.ecommerceupdate.com.br\/lt\/wp-json\/wp\/v2\/types\/product"}],"replies":[{"embeddable":true,"href":"https:\/\/www.ecommerceupdate.com.br\/lt\/wp-json\/wp\/v2\/comments?post=93556"}],"wp:featuredmedia":[{"embeddable":true,"href":"https:\/\/www.ecommerceupdate.com.br\/lt\/wp-json\/wp\/v2\/product\/93556"}],"wp:attachment":[{"href":"https:\/\/www.ecommerceupdate.com.br\/lt\/wp-json\/wp\/v2\/media?parent=93556"}],"wp:term":[{"taxonomy":"product_cat","embeddable":true,"href":"https:\/\/www.ecommerceupdate.com.br\/lt\/wp-json\/wp\/v2\/product_cat?post=93556"},{"taxonomy":"product_tag","embeddable":true,"href":"https:\/\/www.ecommerceupdate.com.br\/lt\/wp-json\/wp\/v2\/product_tag?post=93556"}],"curies":[{"name":"wp","href":"https:\/\/api.w.org\/{rel}","templated":true}]}}