{"id":93593,"date":"2026-03-05T09:10:58","date_gmt":"2026-03-05T12:10:58","guid":{"rendered":"https:\/\/www.ecommerceupdate.com.br\/produto\/crafting-your-online-marketplace-a-practical-guide-to-building-launching-and-scaling-a-profitable-multi-vendor-platform-english-edition\/"},"modified":"2026-03-13T15:38:58","modified_gmt":"2026-03-13T18:38:58","slug":"crafting-your-online-marketplace-a-practical-guide-to-building-launching-and-scaling-a-profitable-multi-vendor-platform-english-edition","status":"publish","type":"product","link":"https:\/\/www.ecommerceupdate.com.br\/lt\/produto\/crafting-your-online-marketplace-a-practical-guide-to-building-launching-and-scaling-a-profitable-multi-vendor-platform-english-edition\/","title":{"rendered":"Internetin\u0117s prekyviet\u0117s k\u016brimas: praktinis pelningos keli\u0173 pardav\u0117j\u0173 platformos k\u016brimo, paleidimo ir mastelio keitimo vadovas (leidimas angl\u0173 kalba)"},"content":{"rendered":"<div class=\"woocommerce-product-details\">\n<h3>Prek\u0117s detal\u0117s<\/h3>\n<ul>\n<li>ASIN: B0GFX7GH9G<\/li>\n<li>Leid\u0117jas: Douw Steyn<\/li>\n<li>Prieinamumas: Su\u017einokite daugiau<\/li>\n<li>Paskelbimo data: 2026 m. sausio 9 d<\/li>\n<li>Kalba: angl\u0173<\/li>\n<li>Failo dydis: 2,0 MB<\/li>\n<li>Ekrano skaitytuvas: Suderinamas<\/li>\n<li>\u0160rifto konfig\u016bracija: \u012fjungta<\/li>\n<li>Rentgeno spinduliuot\u0117: ne\u012fjungta<\/li>\n<li>\u017dodyno patarimai: \u012fjungta<\/li>\n<li>Puslapi\u0173 skai\u010dius: 234 puslapiai<\/li>\n<li>Puslapio apvertimas: \u012fjungta<\/li>\n<\/ul><\/div>","protected":false},"excerpt":{"rendered":"<p>Internetin\u0117s prekyviet\u0117s k\u016brimas yra \u017eingsnis po \u017eingsnio, realaus pasaulio vadovas verslininkams, norintiems sukurti kei\u010diamo dyd\u017eio, patikimas ir pelningas internetines prekyvietes, nepasimesdami techniniame \u017eargone ar teorijoje. Nesvarbu, ar paleid\u017eiate ni\u0161in\u0119 produkt\u0173 rink\u0105, paslaug\u0105 sistemoje, ar keli\u0173 pardav\u0117j\u0173 ekosistem\u0105, \u0161i knyga pad\u0117s jums priimti kiekvien\u0105 svarb\u0173 sprendim\u0105: nuo tinkamos rinkos pasirinkimo, teisin\u0117s sistemos, santykio su augimu ir santyki\u0173 per strategij\u0105<\/p>\n<p><span>Pasirinkite tinkam\u0105 prekyviet\u0117s model\u012f (B2C, C2C, B2B, paslaugos, nuoma)<\/span><\/p>\n<p>Pasirinkite tinkam\u0105 prekyviet\u0117s model\u012f (B2C, C2C, B2B, paslaugos, nuoma)<\/p>\n<p><span>Patvirtinkite pelning\u0105 ni\u0161\u0105 prie\u0161 investuodami laik\u0105 ar pinigus<\/span><\/p>\n<p>Patvirtinkite pelning\u0105 ni\u0161\u0105 prie\u0161 investuodami laik\u0105 ar pinigus<\/p>\n<p><span>Sukurkite turgaviet\u0117s architekt\u016br\u0105, kuri masteli<\/span><\/p>\n<p>Sukurkite turgaviet\u0117s architekt\u016br\u0105, kuri masteli<\/p>\n<p><span>Pritraukti ir i\u0161laikyti kokybi\u0161kus pardav\u0117jus ir lojalius pirk\u0117jus<\/span><\/p>\n<p>Pritraukti ir i\u0161laikyti kokybi\u0161kus pardav\u0117jus ir lojalius pirk\u0117jus<\/p>\n<p><span>Sukurkite pasitik\u0117jim\u0105 per patikrinim\u0105, per\u017ei\u016bras ir atitikt\u012f<\/span><\/p>\n<p>Sukurkite pasitik\u0117jim\u0105 per patikrinim\u0105, per\u017ei\u016bras ir atitikt\u012f<\/p>\n<p><span>Teisingai valdykite mok\u0117jimus, i\u0161mokas, PVM ir gr\u0105\u017einimus<\/span><\/p>\n<p>Teisingai valdykite mok\u0117jimus, i\u0161mokas, PVM ir gr\u0105\u017einimus<\/p>\n<p><span>Tvarkykite logistikos, vykdymo ir pristatymo i\u0161\u0161\u016bkius<\/span><\/p>\n<p>Tvarkykite logistikos, vykdymo ir pristatymo i\u0161\u0161\u016bkius<\/p>\n<p><span>Supraskite rinkos ekonomik\u0105, imkite tarifus, CAC, LTV ir churn<\/span><\/p>\n<p>Supraskite rinkos ekonomik\u0105, imkite tarifus, CAC, LTV ir churn<\/p>\n<p><span>Venkite \u012fprast\u0173 mi\u0161ini\u0173, d\u0117l kuri\u0173 rinkos \u017elunga<\/span><\/p>\n<p>Venkite \u012fprast\u0173 mi\u0161ini\u0173, d\u0117l kuri\u0173 rinkos \u017elunga<\/p>\n<p><span>Paleiskite dr\u0105siai naudodami ai\u0161k\u0173, strukt\u016brizuot\u0105 plan\u0105<\/span><\/p>\n<p>Paleiskite dr\u0105siai, naudodami ai\u0161k\u0173, strukt\u016brizuot\u0105 plan\u0105 \u0160i knyga idealiai tinka:<\/p>\n<p><span>Siekianti turgaviet\u0117<\/span><\/p>\n<p>Siekianti turgaviet\u0117<\/p>\n<p><span>Verslininkai, persikeliantys u\u017e vienos internetin\u0117s parduotuv\u0117s rib\u0173<\/span><\/p>\n<p>Verslininkai, persikeliantys u\u017e vienos internetin\u0117s parduotuv\u0117s rib\u0173<\/p>\n<p><span>Verslo savininkai, tyrin\u0117jantys platforminius modelius<\/span><\/p>\n<p>Verslo savininkai, tyrin\u0117jantys platforminius modelius<\/p>\n<p><span>Piet\u0173 afrikie\u010diai kuria skaitmenin\u012f versl\u0105 besivystan\u010diose rinkose<\/span><\/p>\n<p>Piet\u0173 Afrikos gyventojai, kuriantys skaitmenines \u012fmones besivystan\u010diose rinkoseJei norite ai\u0161kumo, strukt\u016bros ir patikrinto plano, kuris n\u0117ra a\u017eiota\u017eas. Internetin\u0117s rinkos k\u016brimas suteikia jums \u012f\u017evalgos ir \u012franki\u0173, leid\u017eian\u010di\u0173 sukurti ka\u017ek\u0105 prasmingo, kei\u010diamo dyd\u017eio ir tvaraus.<\/p>","protected":false},"featured_media":93593,"comment_status":"open","ping_status":"closed","template":"","meta":[],"product_cat":[1608,1628,1607],"product_tag":[],"class_list":{"0":"post-93593","1":"product","2":"type-product","3":"status-publish","4":"has-post-thumbnail","6":"product_brand-edicao-ingls-por-douw-steyn-autor-formato-ebook-kindle","7":"product_cat-ebooks-kindle","8":"product_cat-ingles-e-outras-linguas","9":"product_cat-loja-kindle","11":"first","12":"instock","13":"shipping-taxable","14":"purchasable","15":"product-type-simple"},"aioseo_notices":[],"_links":{"self":[{"href":"https:\/\/www.ecommerceupdate.com.br\/lt\/wp-json\/wp\/v2\/product\/93593","targetHints":{"allow":["GET"]}}],"collection":[{"href":"https:\/\/www.ecommerceupdate.com.br\/lt\/wp-json\/wp\/v2\/product"}],"about":[{"href":"https:\/\/www.ecommerceupdate.com.br\/lt\/wp-json\/wp\/v2\/types\/product"}],"replies":[{"embeddable":true,"href":"https:\/\/www.ecommerceupdate.com.br\/lt\/wp-json\/wp\/v2\/comments?post=93593"}],"wp:featuredmedia":[{"embeddable":true,"href":"https:\/\/www.ecommerceupdate.com.br\/lt\/wp-json\/wp\/v2\/product\/93593"}],"wp:attachment":[{"href":"https:\/\/www.ecommerceupdate.com.br\/lt\/wp-json\/wp\/v2\/media?parent=93593"}],"wp:term":[{"taxonomy":"product_cat","embeddable":true,"href":"https:\/\/www.ecommerceupdate.com.br\/lt\/wp-json\/wp\/v2\/product_cat?post=93593"},{"taxonomy":"product_tag","embeddable":true,"href":"https:\/\/www.ecommerceupdate.com.br\/lt\/wp-json\/wp\/v2\/product_tag?post=93593"}],"curies":[{"name":"wp","href":"https:\/\/api.w.org\/{rel}","templated":true}]}}