{"id":93852,"date":"2026-03-05T21:52:23","date_gmt":"2026-03-06T00:52:23","guid":{"rendered":"https:\/\/www.ecommerceupdate.com.br\/produto\/inteligencia-artificial-no-varejo\/"},"modified":"2026-03-13T15:45:51","modified_gmt":"2026-03-13T18:45:51","slug":"inteligencia-artificial-no-varejo","status":"publish","type":"product","link":"https:\/\/www.ecommerceupdate.com.br\/lt\/produto\/inteligencia-artificial-no-varejo\/","title":{"rendered":"Dirbtinis intelektas ma\u017emenin\u0117je prekyboje"},"content":{"rendered":"<div class=\"woocommerce-product-details\">\n<div id=\"aplus_feature_div\" class=\"celwidget\" data-feature-name=\"aplus\" data-csa-c-type=\"widget\" data-csa-c-content-id=\"aplus\" data-csa-c-slot-id=\"aplus_feature_div\" data-csa-c-asin=\"\" data-csa-c-is-in-initial-active-row=\"false\">\n<div id=\"aplus\" class=\"a-section a-spacing-large bucket\">\n<h3 class=\"\">I\u0161 leid\u0117jo<\/h3>\n<div lang=\"pt_BR\">\n<div class=\"aplus-v2 desktop celwidget\">\n<div class=\"celwidget aplus-module module-11 aplus-standard\">\n<div class=\"aplus-module-wrapper apm-spacing apm-floatnone apm-fixed-width\">\n<div class=\"apm-sidemodule aplus-module-content\">\n<div class=\"apm-hero-image\"> <img decoding=\"async\" alt=\"XGDRG\" src=\"https:\/\/m.media-amazon.com\/images\/S\/aplus-media-library-service-media\/081a47f9-e2f0-488b-b95a-092c08b657f5.__CR0,6,3074,951_PT0_SX970_V1___.png\" \/> <\/div>\n<\/p>\n<\/div>\n<\/div>\n<\/div>\n<div class=\"celwidget aplus-module module-2 aplus-standard\">\n<div class=\"aplus-module-wrapper apm-floatnone apm-fixed-width\">\n<div class=\"apm-sidemodule apm-spacing\">\n<div class=\"apm-sidemodule-imageleft\"> <img decoding=\"async\" alt=\"TRHT\" src=\"https:\/\/m.media-amazon.com\/images\/S\/aplus-media-library-service-media\/428832d2-17ea-448b-a1a4-de491100e331.__CR0,0,390,390_PT0_SX300_V1___.png\" \/> <\/div>\n<div class=\"apm-sidemodule-textright\">\n<h3 class=\"a-spacing-mini\"> Dirbtinis intelektas ma\u017emenin\u0117je prekyboje <\/h3>\n<p> Knygoje \u201cDirbtinis intelektas ma\u017emenin\u0117je prekyboje\u201d Eduardo Terra pateikia i\u0161sami\u0105 transformacij\u0173, kurias dirbtinis intelektas (AI) skatina \u0161iuolaikin\u0117je ma\u017emenin\u0117s prekybos aplinkoje, analiz\u0119. Nuo logistikos iki klient\u0173 aptarnavimo autorius tiria, kaip dirbtinis intelektas kei\u010dia veikl\u0105, individualizuoja patirt\u012f ir vairavimo efektyvumas visais pramon\u0117s aspektais. <\/p>\n<p> Daugiausia d\u0117mesio skiriant dirbtinio intelekto technologijoms, knygoje pateikiama i\u0161sami \u0161i\u0173 \u012franki\u0173 praktinio pritaikymo ap\u017evalga, parodanti, kaip jie naudojami siekiant optimizuoti pagrindinius procesus ir padidinti saugum\u0105. <\/p>\n<\/p>\n<\/div>\n<\/div>\n<\/div>\n<\/div>\n<div class=\"celwidget aplus-module module-9 aplus-standard\">\n<div class=\"aplus-module-wrapper apm-fixed-width apm-spacing\">\n<div class=\"apm-flex\">\n<div class=\"apm-flex-item-third-width\">\n<p class=\"apm-text-center\"> <img decoding=\"async\" alt=\"FHRTH\" src=\"https:\/\/m.media-amazon.com\/images\/S\/aplus-media-library-service-media\/19dbf0d7-60fa-4851-b265-fb58967b2e53.__CR0,0,1076,1076_PT0_SX300_V1___.png\" \/> <\/p>\n<p> visas pasaulis gyvena su problema &amp; tai ne \u0161iandien Viena vertus, did\u0117ja paklausa kvalifikuot\u0173 specialist\u0173 Kita vertus, \u0161vietimo sistema rengia studentus remiantis veikla, kuri tur\u0117jo paklaus\u0105 praeityje Tikriausiai, j\u016bs liudytojas \u0161i\u0105 situacij\u0105 per mokykl\u0105 ir kolegijoje, kaip jaunesnysis profesionalas ir v\u0117liau kaip verslo vadovas: rinka reikalauja kvalifikacij\u0105, kad akademija negali pasi\u016blyti vien tod\u0117l, kad ji nebuvo pasirengusi jai. <\/p>\n<\/p>\n<\/div>\n<div class=\"apm-flex-item-third-width\">\n<p class=\"apm-text-center\"> <img decoding=\"async\" alt=\"SEGR\" src=\"https:\/\/m.media-amazon.com\/images\/S\/aplus-media-library-service-media\/d153700d-2edb-40ce-9a94-dad524a830de.__CR0,0,1076,1076_PT0_SX300_V1___.png\" \/> <\/p>\n<p> Dirbtinis u\u017e\u0117m\u0117 erdv\u0119 \u017emonijos protuose ir svajon\u0117se nuo Senov\u0117s Graikijos, nors technologijos, reikalingos jos gyvybingumui, vyst\u0117si tik per pastaruosius 60 met\u0173. Vis d\u0117lto evoliucija nebuvo linijin\u0117: pradiniai l\u016bkes\u010diai buvo su\u017elugdyti, tada perkelti, buvo sukurti nauji veiksm\u0173 laukai ir palaipsniui buvo formuojama did\u017eiul\u0117 mozaika, leid\u017eianti AI pritaikyti <\/p>\n<\/p>\n<\/div>\n<div class=\"apm-flex-item-third-width\">\n<p class=\"apm-text-center\"> <img decoding=\"async\" alt=\"sgdf\" src=\"https:\/\/m.media-amazon.com\/images\/S\/aplus-media-library-service-media\/b92d2433-fee6-4463-a63d-b0f2fa47968a.__CR0,0,1076,1076_PT0_SX300_V1___.png\" \/> <\/p>\n<p> Ma\u017emenin\u0117 prekyba 2020-aisiais labai skiriasi nuo ankstesni\u0173 de\u0161imtme\u010di\u0173 'sektoriaus skaitmenizacija, kuri jau \u017eeng\u0117 \u012f priek\u012f keliuose segmentuose, neabejotinai buvo nulemta pandemijos, kuri privert\u0117 daugyb\u0119 \u012fmoni\u0173 priimti \u012frankius ir procesus, kurie buvo ne\u012fsivaizduojami tik prie\u0161 kelis m\u0117nesius \u0160iandien galime pasakyti, nebijodami padaryti klaid\u0173, kad vartotojams nereikia eiti \u012f parduotuves 'jie tai padarys tik tuo atveju, jei pardavimo vieta pasi\u016blys tai, ko jiems reikia. ir tai, ko jiems reikia, n\u0117ra daugiau produkt\u0173 Be to, mes turime daug artimesn\u012f vartotoj\u0105 ir i\u0161manome skaitmeninius ma\u017emenin\u0117s prekybos kanalus Diskusija apie tai, kaip fizin\u0117 parduotuv\u0117 tur\u0117t\u0173 b\u016bti po pandemijos, yra plati, ta\u010diau galime atkreipti d\u0117mes\u012f \u012f kai kuriuos \u0161ios kelion\u0117s aspektus. <\/p>\n<\/p>\n<\/div>\n<\/div>\n<\/div>\n<\/div>\n<div class=\"celwidget aplus-module module-2 aplus-standard\">\n<div class=\"aplus-module-wrapper apm-floatnone apm-fixed-width\">\n<div class=\"apm-sidemodule apm-spacing\">\n<div class=\"apm-sidemodule-imageleft\"> <img decoding=\"async\" alt=\"EFR\" src=\"https:\/\/m.media-amazon.com\/images\/S\/aplus-media-library-service-media\/8e4e5ce8-bd26-4e6f-9839-e7c177fbd7a3.__CR0,7,551,551_PT0_SX300_V1___.png\" \/> <\/div>\n<div class=\"apm-sidemodule-textright\">\n<h3 class=\"a-spacing-mini\"> Eduardo Terra <\/h3>\n<p> Jis yra Brazilijos ma\u017emenin\u0117s prekybos ir vartotoj\u0173 draugijos (SBVC) prezidentas ir keli\u0173 ma\u017emenin\u0117s prekybos ir paslaug\u0173 \u012fmoni\u0173 direktori\u0173 tarybos narys. jis yra BTR-Varese ir HiPartners rizikos kapitalo partneris. dirba antrosios pakopos ir MBA kurs\u0173 profesoriumi, skaito paskaitas nacionaliniuose ir tarptautiniuose ma\u017emenin\u0117s prekybos renginiuose ir yra keli\u0173 knyg\u0173 ir straipsni\u0173 apie ma\u017emenin\u0119 ir vartotoj\u0173 rink\u0105 autorius. <\/p>\n<\/p>\n<\/div>\n<\/div>\n<\/div>\n<\/div>\n<\/div>\n<\/div>\n<\/div>\n<\/div>\n<h3>Prek\u0117s detal\u0117s<\/h3>\n<ul>\n<li>Leid\u0117jas: Literare Books International<\/li>\n<li>Paskelbimo data: 2024 m. baland\u017eio 16 d<\/li>\n<li>Leidimas: 1a<\/li>\n<li>Kalba: portugal\u0173<\/li>\n<li>Puslapi\u0173 skai\u010dius: 168 puslapiai<\/li>\n<li>ISBN-10:6559227960<\/li>\n<li>ISBN-13:978-6559227969<\/li>\n<li>Produkto svoris: 220g<\/li>\n<li>Skaitymo am\u017eius: 12 met\u0173 ir daugiau<\/li>\n<li>I\u0161matavimai: 14 x 0,5 x 21 cm<\/li>\n<li>Perkamiausi\u0173 asmen\u0173 reitingas: 160 542 knyg\u0173 (Susipa\u017einkite su 100 geriausi\u0173 knyg\u0173 kategorijoje) Nr. 1 434 lyderyst\u0117s valdymo srityje<\/li>\n<li>1,434 \u012f Lyderyst\u0117 valdymas<\/li>\n<li>Klient\u0173 atsiliepimai: 4,0 4,0 i\u0161 5 \u017evaig\u017edu\u010di\u0173 (21)<\/li>\n<\/ul><\/div>","protected":false},"excerpt":{"rendered":"<p>Knygoje \u201cDirbtinis intelektas ma\u017emenin\u0117je prekyboje\u201d Eduardo Terra pateikia i\u0161sami\u0105 transformacij\u0173, kurias dirbtinis intelektas (DI) skatina \u0161iuolaikin\u0117je ma\u017emenin\u0117s prekybos aplinkoje, analiz\u0119. Nuo logistikos iki klient\u0173 aptarnavimo autorius tiria, kaip dirbtinis intelektas pertvarko operacijas, individualizuoja patirt\u012f ir vairavimo efektyvumas visais pramon\u0117s aspektais. D\u0117mesys dirbtinio intelekto technologijoms, knygoje pateikiama i\u0161sami \u0161i\u0173 \u012franki\u0173 praktinio pritaikymo ap\u017evalga, parodant, kaip jie naudojami siekiant optimizuoti pagrindinius procesus ir padidinti saug\u0105. Viso darbo metu autorius ne tik aptaria AI teikiamas galimybes, bet ir pabr\u0117\u017eia problemas bei atsakomyb\u0119, susijusi\u0105 su \u0161io vertingo \u0161altinio pritaikymu, nes ma\u017emenininkai gali nar\u0161yti.<\/p>","protected":false},"featured_media":0,"comment_status":"open","ping_status":"closed","template":"","meta":[],"product_cat":[1611,1621,1595],"product_tag":[],"class_list":{"0":"post-93852","1":"product","2":"type-product","3":"status-publish","5":"product_brand-por-eduardo-terra-autor","6":"product_cat-administracao-negocios-e-economia","7":"product_cat-gestao-e-lideranca","8":"product_cat-livros","10":"first","11":"instock","12":"sale","13":"shipping-taxable","14":"purchasable","15":"product-type-simple"},"aioseo_notices":[],"_links":{"self":[{"href":"https:\/\/www.ecommerceupdate.com.br\/lt\/wp-json\/wp\/v2\/product\/93852","targetHints":{"allow":["GET"]}}],"collection":[{"href":"https:\/\/www.ecommerceupdate.com.br\/lt\/wp-json\/wp\/v2\/product"}],"about":[{"href":"https:\/\/www.ecommerceupdate.com.br\/lt\/wp-json\/wp\/v2\/types\/product"}],"replies":[{"embeddable":true,"href":"https:\/\/www.ecommerceupdate.com.br\/lt\/wp-json\/wp\/v2\/comments?post=93852"}],"wp:attachment":[{"href":"https:\/\/www.ecommerceupdate.com.br\/lt\/wp-json\/wp\/v2\/media?parent=93852"}],"wp:term":[{"taxonomy":"product_cat","embeddable":true,"href":"https:\/\/www.ecommerceupdate.com.br\/lt\/wp-json\/wp\/v2\/product_cat?post=93852"},{"taxonomy":"product_tag","embeddable":true,"href":"https:\/\/www.ecommerceupdate.com.br\/lt\/wp-json\/wp\/v2\/product_tag?post=93852"}],"curies":[{"name":"wp","href":"https:\/\/api.w.org\/{rel}","templated":true}]}}