{"id":93880,"date":"2026-03-06T03:30:35","date_gmt":"2026-03-06T06:30:35","guid":{"rendered":"https:\/\/www.ecommerceupdate.com.br\/produto\/guia-completo-como-comecar-a-vender-na-amazon\/"},"modified":"2026-03-13T15:48:32","modified_gmt":"2026-03-13T18:48:32","slug":"guia-completo-como-comecar-a-vender-na-amazon","status":"publish","type":"product","link":"https:\/\/www.ecommerceupdate.com.br\/lt\/produto\/guia-completo-como-comecar-a-vender-na-amazon\/","title":{"rendered":"Pilnas vadovas Kaip prad\u0117ti pardavin\u0117ti Amazon"},"content":{"rendered":"<div class=\"woocommerce-product-details\">\n<h3>Prek\u0117s detal\u0117s<\/h3>\n<ul>\n<li>ASIN: B0DZZC7M54<\/li>\n<li>Prieinamumas: Su\u017einokite daugiau<\/li>\n<li>Paskelbimo data: 2025 m. kovo 10 d<\/li>\n<li>Leidimas: 1a<\/li>\n<li>Kalba: portugal\u0173<\/li>\n<li>Failo dydis: 825 KB<\/li>\n<li>\u0160rifto konfig\u016bracija: ne\u012fjungta<\/li>\n<li>\u017dodyno patarimai: ne\u012fjungta<\/li>\n<li>Formatas: Spausdinti kopij\u0105<\/li>\n<li>Puslapio apvertimas: ne\u012fjungtas<\/li>\n<li>Skaitymo am\u017eius: 17 18 met\u0173<\/li>\n<li>Perkamiausi\u0173 asmen\u0173 reitingas: Nr. 424 161 Kindle Store (Susipa\u017einkite su Top 100 Kindle Store kategorijoje) Nr. 15 624 versle ir ekonomikoje<\/li>\n<li>15 624 \u012f Verslas ir ekonomika<\/li>\n<li>Klient\u0173 atsiliepimai: 5,0 5,0 i\u0161 5 \u017evaig\u017edu\u010di\u0173 (1)<\/li>\n<\/ul><\/div>","protected":false},"excerpt":{"rendered":"<p>Pardavimas Amazon yra vienas i\u0161 pelningiausi\u0173 b\u016bd\u0173 prad\u0117ti versl\u0105 internete, leid\u017eiantis bet kam prad\u0117ti versl\u0105 su ma\u017eomis investicijomis ir dideliu augimo potencialu. Rinkos vieta si\u016blo tvirt\u0105 strukt\u016br\u0105, pasaulin\u012f pasiekiamum\u0105 ir milijonus kasdieni\u0173 aktyvi\u0173 klient\u0173.<\/p>\n<p>Su \u0161ia elektronine knyga kiekvienas gali paversti Amazon kei\u010diamo dyd\u017eio ir tvariu pajam\u0173 \u0161altiniu, dominuodamas rinkoje ir siekdamas finansin\u0117s laisv\u0117s<\/p>","protected":false},"featured_media":93880,"comment_status":"open","ping_status":"closed","template":"","meta":[],"product_cat":[1611,1608,1607],"product_tag":[],"class_list":{"0":"post-93880","1":"product","2":"type-product","3":"status-publish","4":"has-post-thumbnail","6":"product_brand-por-allan-paixo-autor-formato-ebook-kindle","7":"product_cat-administracao-negocios-e-economia","8":"product_cat-ebooks-kindle","9":"product_cat-loja-kindle","11":"first","12":"instock","13":"shipping-taxable","14":"purchasable","15":"product-type-simple"},"aioseo_notices":[],"_links":{"self":[{"href":"https:\/\/www.ecommerceupdate.com.br\/lt\/wp-json\/wp\/v2\/product\/93880","targetHints":{"allow":["GET"]}}],"collection":[{"href":"https:\/\/www.ecommerceupdate.com.br\/lt\/wp-json\/wp\/v2\/product"}],"about":[{"href":"https:\/\/www.ecommerceupdate.com.br\/lt\/wp-json\/wp\/v2\/types\/product"}],"replies":[{"embeddable":true,"href":"https:\/\/www.ecommerceupdate.com.br\/lt\/wp-json\/wp\/v2\/comments?post=93880"}],"wp:featuredmedia":[{"embeddable":true,"href":"https:\/\/www.ecommerceupdate.com.br\/lt\/wp-json\/wp\/v2\/product\/93880"}],"wp:attachment":[{"href":"https:\/\/www.ecommerceupdate.com.br\/lt\/wp-json\/wp\/v2\/media?parent=93880"}],"wp:term":[{"taxonomy":"product_cat","embeddable":true,"href":"https:\/\/www.ecommerceupdate.com.br\/lt\/wp-json\/wp\/v2\/product_cat?post=93880"},{"taxonomy":"product_tag","embeddable":true,"href":"https:\/\/www.ecommerceupdate.com.br\/lt\/wp-json\/wp\/v2\/product_tag?post=93880"}],"curies":[{"name":"wp","href":"https:\/\/api.w.org\/{rel}","templated":true}]}}