{"id":94403,"date":"2026-03-13T08:58:16","date_gmt":"2026-03-13T11:58:16","guid":{"rendered":"https:\/\/www.ecommerceupdate.com.br\/produto\/pelicula-para-kindle-11a-geracao-2024-e-2022-rs23cv-e-c2v2l3-6-polegadas-antirreflexo-fosca-fd-acessorios\/"},"modified":"2026-03-13T16:00:49","modified_gmt":"2026-03-13T19:00:49","slug":"pelicula-para-kindle-11a-geracao-2024-e-2022-rs23cv-e-c2v2l3-6-polegadas-antirreflexo-fosca-fd-acessorios","status":"publish","type":"product","link":"https:\/\/www.ecommerceupdate.com.br\/lt\/produto\/pelicula-para-kindle-11a-geracao-2024-e-2022-rs23cv-e-c2v2l3-6-polegadas-antirreflexo-fosca-fd-acessorios\/","title":{"rendered":"Pl\u0117vel\u0117 11-osios kartos 2024 ir 2022 (RS23CV ir C2V2L3) 6 \u2033 coli\u0173 &amp; Anti-refleksijos &amp; Fosca 11-osios kartos (RS23CV ir C2V2L3) Priedai"},"content":{"rendered":"<div class=\"woocommerce-product-details\">\n<div id=\"aplus_feature_div\" class=\"celwidget pd_rd_w-nkJHv pd_rd_r-MYVC35J8QT3QKX7WXCHX pd_rd_wg-hg5Ip\" data-feature-name=\"aplus\" data-csa-c-type=\"widget\" data-csa-c-content-id=\"aplus\" data-csa-c-slot-id=\"aplus_feature_div\" data-csa-c-asin=\"\" data-csa-c-is-in-initial-active-row=\"false\">\n<div id=\"aplus\" class=\"a-section a-spacing-large bucket\">\n<h3 class=\"\">Produkto apra\u0161ymas<\/h3>\n<div lang=\"pt_BR\">\n<div class=\"aplus-v2 desktop celwidget\">\n<div class=\"celwidget aplus-module module-11 aplus-standard\">\n<div class=\"aplus-module-wrapper apm-spacing apm-floatnone apm-fixed-width\">\n<div class=\"apm-sidemodule aplus-module-content\">\n<div class=\"apm-hero-image\"> <img decoding=\"async\" alt=\"Filmas 11-osios kartos 2024 ir 2022 m. (RS23CV ir C2V2L3) 6 coli\u0173\" src=\"https:\/\/m.media-amazon.com\/images\/S\/aplus-media-library-service-media\/9174da4b-8ed6-4700-9ab5-2a43fbd58ac8.__CR0,0,970,300_PT0_SX970_V1___.png\" \/> <\/div>\n<\/p>\n<\/div>\n<\/div>\n<\/div>\n<div class=\"celwidget aplus-module module-9 aplus-standard\">\n<div class=\"aplus-module-wrapper apm-fixed-width apm-spacing\">\n<div class=\"apm-flex\">\n<div class=\"apm-flex-item-third-width\">\n<p class=\"apm-text-center\"> <img decoding=\"async\" alt=\"Filmas 11-osios kartos 2024 ir 2022 m. (RS23CV ir C2V2L3) 6 coli\u0173\" src=\"https:\/\/m.media-amazon.com\/images\/S\/aplus-media-library-service-media\/84810b18-ab85-4c32-8c24-890c7ac01820.__CR0,0,300,300_PT0_SX300_V1___.png\" \/> <\/p>\n<p> Tikslus suderinamumas ir pl\u0117vel\u0117, sukurta i\u0161skirtinai 2024 ir 2022 m. 11 kartos kindle (RS23CV ir C2V2L3) 6, su tikslia i\u0161pjova ir dideliu jautrumu lietimui. <\/p>\n<\/p>\n<\/div>\n<div class=\"apm-flex-item-third-width\">\n<p class=\"apm-text-center\"> <img decoding=\"async\" alt=\"Filmas 11-osios kartos 2024 ir 2022 m. (RS23CV ir C2V2L3) 6 coli\u0173\" src=\"https:\/\/m.media-amazon.com\/images\/S\/aplus-media-library-service-media\/c456b680-be5b-40a6-96f9-9d215b8604aa.__CR0,0,300,300_PT0_SX300_V1___.png\" \/> <\/p>\n<p> Su tikslia i\u0161pjova ir i\u0161skirtiniu suderinamumu 2024 ir 2022 m. Kindle 11th Generation, jis i\u0161laiko visi\u0161k\u0105 jautrum\u0105 lietimui ir lengv\u0105 pritaikym\u0105, be burbuliuk\u0173 ir ilgai patvarus. <\/p>\n<\/p>\n<\/div>\n<div class=\"apm-flex-item-third-width\">\n<p class=\"apm-text-center\"> <img decoding=\"async\" alt=\"Filmas 11-osios kartos 2024 ir 2022 m. (RS23CV ir C2V2L3) 6 coli\u0173\" src=\"https:\/\/m.media-amazon.com\/images\/S\/aplus-media-library-service-media\/9cac08b8-af64-4261-bac4-aecf0a62ab80.__CR0,0,300,300_PT0_SX300_V1___.png\" \/> <\/p>\n<p> Auk\u0161\u010diausios kokyb\u0117s apsauga - Apsaugo ekran\u0105 nuo \u012fbr\u0117\u017eim\u0173, \u012fbr\u0117\u017eim\u0173, dulki\u0173 ir pir\u0161t\u0173 \u017eymi\u0173, visada saugodamas Kindle. <\/p>\n<\/p>\n<\/div>\n<\/div>\n<\/div>\n<\/div>\n<div class=\"celwidget aplus-module module-11 aplus-standard\">\n<div class=\"aplus-module-wrapper apm-spacing apm-floatnone apm-fixed-width\">\n<div class=\"apm-sidemodule aplus-module-content\">\n<div class=\"apm-hero-image\"> <img decoding=\"async\" alt=\"Filmas 11-osios kartos 2024 ir 2022 m. (RS23CV ir C2V2L3) 6 coli\u0173\" src=\"https:\/\/m.media-amazon.com\/images\/S\/aplus-media-library-service-media\/34ea5cea-6e13-43b5-982e-8a3aaecbc7b6.__CR0,0,970,300_PT0_SX970_V1___.png\" \/> <\/div>\n<\/p>\n<\/div>\n<\/div>\n<\/div>\n<div class=\"celwidget aplus-module module-9 aplus-standard\">\n<div class=\"aplus-module-wrapper apm-fixed-width apm-spacing\">\n<div class=\"apm-flex\">\n<div class=\"apm-flex-item-third-width\">\n<p class=\"apm-text-center\"> <img decoding=\"async\" alt=\"Filmas 11-osios kartos 2024 ir 2022 m. (RS23CV ir C2V2L3) 6 coli\u0173\" src=\"https:\/\/m.media-amazon.com\/images\/S\/aplus-media-library-service-media\/c448a400-658e-4581-9747-d88725fbff7d.__CR0,0,300,300_PT0_SX300_V1___.png\" \/> <\/p>\n<p> Antirefleksinis poveikis (Matt apdaila, kuri suma\u017eina \u0161viesos atspind\u017eius, suteikia patog\u0173 skaitym\u0105 viduje ir lauke. <\/p>\n<\/p>\n<\/div>\n<div class=\"apm-flex-item-third-width\">\n<p class=\"apm-text-center\"> <img decoding=\"async\" alt=\"Filmas 11-osios kartos 2024 ir 2022 m. (RS23CV ir C2V2L3) 6 coli\u0173\" src=\"https:\/\/m.media-amazon.com\/images\/S\/aplus-media-library-service-media\/c5b68d48-3552-41b7-b477-c472405adaad.__CR0,0,300,300_PT0_SX300_V1___.png\" \/> <\/p>\n<p> Nat\u016brali skaitymo patirtis \u00b4Matt pavir\u0161ius imituojantis popieriaus tekst\u016br\u0105 neprarandant ekrano ry\u0161kumo. <\/p>\n<\/p>\n<\/div>\n<div class=\"apm-flex-item-third-width\">\n<p class=\"apm-text-center\"> <img decoding=\"async\" alt=\"Filmas 11-osios kartos 2024 ir 2022 m. (RS23CV ir C2V2L3) 6 coli\u0173\" src=\"https:\/\/m.media-amazon.com\/images\/S\/aplus-media-library-service-media\/1d2d4225-fa61-46e6-87a7-642c31373753.__CR0,0,300,300_PT0_SX300_V1___.png\" \/> <\/p>\n<p> Lengvas ir be burbul\u0173 pritaikymas ir prakti\u0161kas montavimas, tvirtas sukibimas ir ilgaam\u017ei\u0161kumas, nepakenkiant Kindle ekrano kokybei. <\/p>\n<\/p>\n<\/div>\n<\/div>\n<\/div>\n<\/div>\n<div class=\"celwidget aplus-module module-11 aplus-standard\">\n<div class=\"aplus-module-wrapper apm-spacing apm-floatnone apm-fixed-width\">\n<div class=\"apm-sidemodule aplus-module-content\">\n<div class=\"apm-hero-image\"> <img decoding=\"async\" alt=\"FD priedai\" src=\"https:\/\/m.media-amazon.com\/images\/S\/aplus-media-library-service-media\/74dfe871-fb82-4777-9546-afa5588f71f7.__CR0,0,970,300_PT0_SX970_V1___.png\" \/> <\/div>\n<\/p>\n<\/div>\n<\/div>\n<\/div>\n<\/div>\n<\/div>\n<\/div>\n<\/div>\n<table id=\"productDetails_techSpec_section_1\" class=\"a-keyvalue prodDetTable\">\n<tr>\n<th class=\"a-color-secondary a-size-base prodDetSectionEntry\"> Sertifikavimas <\/th>\n<td class=\"a-size-base prodDetAttrValue\"> Netaikoma <\/td>\n<\/tr>\n<tr>\n<th class=\"a-color-secondary a-size-base prodDetSectionEntry\"> Specialios charakteristikos <\/th>\n<td class=\"a-size-base prodDetAttrValue\"> Antirefleksinis, pavir\u0161iaus kietumas 9 H <\/td>\n<\/tr>\n<tr>\n<th class=\"a-color-secondary a-size-base prodDetSectionEntry\"> Vertikalus ekrano dydis <\/th>\n<td class=\"a-size-base prodDetAttrValue\"> 6 coli\u0173 <\/td>\n<\/tr>\n<tr>\n<th class=\"a-color-secondary a-size-base prodDetSectionEntry\"> Spalva <\/th>\n<td class=\"a-size-base prodDetAttrValue\"> 11-osios kartos 2024 ir 2022 m <\/td>\n<\/tr>\n<tr>\n<th class=\"a-color-secondary a-size-base prodDetSectionEntry\"> Sudedamosios dalys <\/th>\n<td class=\"a-size-base prodDetAttrValue\"> Pl\u0117vel\u0117s\/montavimo rinkinys <\/td>\n<\/tr>\n<tr>\n<th class=\"a-color-secondary a-size-base prodDetSectionEntry\"> Vienet\u0173 skai\u010dius <\/th>\n<td class=\"a-size-base prodDetAttrValue\"> 1 <\/td>\n<\/tr>\n<tr>\n<th class=\"a-color-secondary a-size-base prodDetSectionEntry\"> Med\u017eiaga <\/th>\n<td class=\"a-size-base prodDetAttrValue\"> Keramika <\/td>\n<\/tr>\n<tr>\n<th class=\"a-color-secondary a-size-base prodDetSectionEntry\"> Suderinami modeliai <\/th>\n<td class=\"a-size-base prodDetAttrValue\"> 11-oji 2022 kartos r\u016b\u0161is (C2V2L3), 11-oji 2024 kartos r\u016b\u0161is (RS23CV) <\/td>\n<\/tr>\n<tr>\n<th class=\"a-color-secondary a-size-base prodDetSectionEntry\"> Produkto svoris <\/th>\n<td class=\"a-size-base prodDetAttrValue\"> 40 G <\/td>\n<\/tr>\n<tr>\n<th class=\"a-color-secondary a-size-base prodDetSectionEntry\"> Produkto matmenys <\/th>\n<td class=\"a-size-base prodDetAttrValue\"> 13 X 8 x 1,27 cm; 40g <\/td>\n<\/tr>\n<tr>\n<th class=\"a-color-secondary a-size-base prodDetSectionEntry\"> Mark\u0117 <\/th>\n<td class=\"a-size-base prodDetAttrValue\"> FD priedai <\/td>\n<\/tr>\n<tr>\n<th class=\"a-color-secondary a-size-base prodDetSectionEntry\"> Ar veikia akumuliatorius ar akumuliatorius? <\/th>\n<td class=\"a-size-base prodDetAttrValue\"> Ne <\/td>\n<\/tr>\n<\/table><\/div>","protected":false},"excerpt":{"rendered":"<ul>\n<li> Sveiki, mes esame FD PriedaiSiekiame savo klientams pristatyti geriausios kokyb\u0117s produktus.  <\/li>\n<li> Tikslus suderinamumas ir pl\u0117vel\u0117, sukurta i\u0161skirtinai 2024 ir 2022 m. 11 kartos kindle (RS23CV ir C2V2L3) 6, su tikslia i\u0161pjova ir dideliu jautrumu lietimui.  <\/li>\n<li> Auk\u0161\u010diausios kokyb\u0117s apsauga - Apsaugo ekran\u0105 nuo \u012fbr\u0117\u017eim\u0173, \u012fbr\u0117\u017eim\u0173, dulki\u0173 ir pir\u0161t\u0173 \u017eymi\u0173, visada saugodamas Kindle.  <\/li>\n<li> Antirefleksinis poveikis (Matt apdaila, kuri suma\u017eina \u0161viesos atspind\u017eius, suteikia patog\u0173 skaitym\u0105 viduje ir lauke.  <\/li>\n<li> Nat\u016brali skaitymo patirtis \u00b4Matt pavir\u0161ius imituojantis popieriaus tekst\u016br\u0105 neprarandant ekrano ry\u0161kumo.  <\/li>\n<li> Lengvas ir be burbul\u0173 pritaikymas ir prakti\u0161kas montavimas, tvirtas sukibimas ir ilgaam\u017ei\u0161kumas, nepakenkiant Kindle ekrano kokybei.  <\/li>\n<\/ul>","protected":false},"featured_media":94403,"comment_status":"open","ping_status":"closed","template":"","meta":[],"product_cat":[1901,1900],"product_tag":[],"class_list":{"0":"post-94403","1":"product","2":"type-product","3":"status-publish","4":"has-post-thumbnail","6":"product_brand-visite-a-loja-fd-acessrios","7":"product_cat-e-readers-e-acessorios","8":"product_cat-eletronicos-e-tecnologia","10":"first","11":"instock","12":"sale","13":"shipping-taxable","14":"purchasable","15":"product-type-simple"},"aioseo_notices":[],"_links":{"self":[{"href":"https:\/\/www.ecommerceupdate.com.br\/lt\/wp-json\/wp\/v2\/product\/94403","targetHints":{"allow":["GET"]}}],"collection":[{"href":"https:\/\/www.ecommerceupdate.com.br\/lt\/wp-json\/wp\/v2\/product"}],"about":[{"href":"https:\/\/www.ecommerceupdate.com.br\/lt\/wp-json\/wp\/v2\/types\/product"}],"replies":[{"embeddable":true,"href":"https:\/\/www.ecommerceupdate.com.br\/lt\/wp-json\/wp\/v2\/comments?post=94403"}],"wp:featuredmedia":[{"embeddable":true,"href":"https:\/\/www.ecommerceupdate.com.br\/lt\/wp-json\/wp\/v2\/product\/94403"}],"wp:attachment":[{"href":"https:\/\/www.ecommerceupdate.com.br\/lt\/wp-json\/wp\/v2\/media?parent=94403"}],"wp:term":[{"taxonomy":"product_cat","embeddable":true,"href":"https:\/\/www.ecommerceupdate.com.br\/lt\/wp-json\/wp\/v2\/product_cat?post=94403"},{"taxonomy":"product_tag","embeddable":true,"href":"https:\/\/www.ecommerceupdate.com.br\/lt\/wp-json\/wp\/v2\/product_tag?post=94403"}],"curies":[{"name":"wp","href":"https:\/\/api.w.org\/{rel}","templated":true}]}}