{"id":91660,"date":"2026-02-07T12:37:33","date_gmt":"2026-02-07T15:37:33","guid":{"rendered":"https:\/\/www.ecommerceupdate.org\/produto\/logistica-de-e-commerce\/"},"modified":"2026-03-13T15:23:37","modified_gmt":"2026-03-13T18:23:37","slug":"logistica-de-e-commerce","status":"publish","type":"product","link":"https:\/\/www.ecommerceupdate.com.br\/lv\/produto\/logistica-de-e-commerce\/","title":{"rendered":"E-komercija Lo\u0123istika"},"content":{"rendered":"<div class=\"woocommerce-product-details\"><\/div>","protected":false},"excerpt":{"rendered":"<p>Cien\u012bjamais (a) students (a), E-komercija ir p\u0101rveidojusi veidu, k\u0101 cilv\u0113ki attiecas uz uz\u0146\u0113mumiem Ja pirms vi\u0146iem vajadz\u0113ja p\u0101riet uz iest\u0101di, lai veiktu pirkumu, \u0161odien ikviens ar viedt\u0101lruni ar interneta piek\u013cuvi var, ar vis\u0101m \u0113rt\u012bb\u0101m, veikt pirkumu un izsekot statusu j\u016bsu tie\u0161saistes pas\u016bt\u012bjumu No vienas puses, pat\u0113r\u0113t\u0101jam ir liel\u0101ka vara un \u0113rt\u012bbas attiec\u012bb\u0101s ar uz\u0146\u0113mumu; no otras puses, iestr\u0101d\u0101ts biznesa ikdienas dz\u012bv\u0113 milz\u012bgs izaicin\u0101jums p\u0101rvald\u012bb\u0101 visu pieg\u0101des \u0137\u0113des Es ceru, ka produkts tiek pieg\u0101d\u0101ts ar \u0101tr\u0101ko kan\u0101lu, \u012bs\u0101kaj\u0101 laik\u0101, \u012bstaj\u0101 viet\u0101 un saska\u0146\u0101 ar klienta piepras\u012bjumu \u0160is darbs ir \u013coti daudz izpratnes, \u0146emot v\u0113r\u0101 biznesu, \u0146emot v\u0113r\u0101 tirgu un \u0146emot v\u0113r\u0101 lab\u0101ko praksi, tirg\u016b, svar\u012bg\u0101kos tirgus aspektus, tirgu, tirgu, svar\u012bg\u0101ko, svar\u012bg\u0101ko, svar\u012bg\u0101ko, svar\u012bg\u0101ko, svar\u012bg\u0101ko, svar\u012bg\u0101ko, svar\u012bg\u0101ko, vissvar\u012bg\u0101ko.<\/p>","protected":false},"featured_media":91660,"comment_status":"open","ping_status":"closed","template":"","meta":[],"product_cat":[1653,1595],"product_tag":[],"class_list":{"0":"post-91660","1":"product","2":"type-product","3":"status-publish","4":"has-post-thumbnail","6":"product_brand-por-elson-hazelski-teixeira-autor","7":"product_cat-educacao-referencia-e-didaticos","8":"product_cat-livros","10":"first","11":"instock","12":"shipping-taxable","13":"purchasable","14":"product-type-simple"},"aioseo_notices":[],"_links":{"self":[{"href":"https:\/\/www.ecommerceupdate.com.br\/lv\/wp-json\/wp\/v2\/product\/91660","targetHints":{"allow":["GET"]}}],"collection":[{"href":"https:\/\/www.ecommerceupdate.com.br\/lv\/wp-json\/wp\/v2\/product"}],"about":[{"href":"https:\/\/www.ecommerceupdate.com.br\/lv\/wp-json\/wp\/v2\/types\/product"}],"replies":[{"embeddable":true,"href":"https:\/\/www.ecommerceupdate.com.br\/lv\/wp-json\/wp\/v2\/comments?post=91660"}],"wp:featuredmedia":[{"embeddable":true,"href":"https:\/\/www.ecommerceupdate.com.br\/lv\/wp-json\/wp\/v2\/product\/91660"}],"wp:attachment":[{"href":"https:\/\/www.ecommerceupdate.com.br\/lv\/wp-json\/wp\/v2\/media?parent=91660"}],"wp:term":[{"taxonomy":"product_cat","embeddable":true,"href":"https:\/\/www.ecommerceupdate.com.br\/lv\/wp-json\/wp\/v2\/product_cat?post=91660"},{"taxonomy":"product_tag","embeddable":true,"href":"https:\/\/www.ecommerceupdate.com.br\/lv\/wp-json\/wp\/v2\/product_tag?post=91660"}],"curies":[{"name":"wp","href":"https:\/\/api.w.org\/{rel}","templated":true}]}}