{"id":93540,"date":"2026-03-04T20:14:28","date_gmt":"2026-03-04T23:14:28","guid":{"rendered":"https:\/\/www.ecommerceupdate.com.br\/produto\/aspectos-juridicos-do-e-commerce-2o-edicao\/"},"modified":"2026-03-13T15:32:54","modified_gmt":"2026-03-13T18:32:54","slug":"aspectos-juridicos-do-e-commerce-2o-edicao","status":"publish","type":"product","link":"https:\/\/www.ecommerceupdate.com.br\/lv\/produto\/aspectos-juridicos-do-e-commerce-2o-edicao\/","title":{"rendered":"E-komercijas juridiskie aspekti 2. izdevums"},"content":{"rendered":"<div class=\"woocommerce-product-details\">\n<div id=\"aplus_feature_div\" class=\"celwidget\" data-feature-name=\"aplus\" data-csa-c-type=\"widget\" data-csa-c-content-id=\"aplus\" data-csa-c-slot-id=\"aplus_feature_div\" data-csa-c-asin=\"\" data-csa-c-is-in-initial-active-row=\"false\">\n<div id=\"aplus\" class=\"a-section a-spacing-large bucket\">\n<h3 class=\"\">No izdev\u0113ja<\/h3>\n<div lang=\"pt_BR\">\n<div class=\"aplus-v2 desktop celwidget\">\n<div class=\"celwidget aplus-module 3p-module-b aplus-standard\">\n<div class=\"aplus-module-wrapper aplus-3p-fixed-width\"> <img decoding=\"async\" alt=\"RT\" src=\"https:\/\/m.media-amazon.com\/images\/S\/aplus-media-library-service-media\/2e3910f4-c76a-4531-856f-1bd196e0f4c6.__CR58,0,1164,720_PT0_SX970_V1___.png\" \/> <\/div>\n<\/p>\n<\/div>\n<div class=\"celwidget aplus-module 3p-module-b aplus-standard\">\n<div class=\"aplus-module-wrapper aplus-3p-fixed-width\"> <img decoding=\"async\" alt=\"RT\" src=\"https:\/\/m.media-amazon.com\/images\/S\/aplus-media-library-service-media\/c5fc3e9f-3ba2-4354-8300-989bf32708ab.__CR58,0,1164,720_PT0_SX970_V1___.png\" \/> <\/div>\n<\/p>\n<\/div>\n<div class=\"celwidget aplus-module 3p-module-b aplus-standard\">\n<div class=\"aplus-module-wrapper aplus-3p-fixed-width\"> <img decoding=\"async\" alt=\"RT\" src=\"https:\/\/m.media-amazon.com\/images\/S\/aplus-media-library-service-media\/d20d4d5e-3ef5-48b1-a0c6-eaf6df0a2862.__CR58,0,1164,720_PT0_SX970_V1___.png\" \/> <\/div>\n<\/p>\n<\/div>\n<div class=\"celwidget aplus-module 3p-module-b aplus-standard\">\n<div class=\"aplus-module-wrapper aplus-3p-fixed-width\"> <img decoding=\"async\" alt=\"RT\" src=\"https:\/\/m.media-amazon.com\/images\/S\/aplus-media-library-service-media\/9af8c258-5aaa-4019-b318-ec15b48995d1.__CR58,0,1164,720_PT0_SX970_V1___.png\" \/> <\/div>\n<\/p>\n<\/div>\n<\/div>\n<\/div>\n<\/div>\n<\/div>\n<h3>Produkta inform\u0101cija<\/h3>\n<ul>\n<li>Izdevniec\u012bba: Revista dos Tribunais<\/li>\n<li>Public\u0113\u0161anas datums: 2022. gada 1. j\u016blijs<\/li>\n<li>Izdevums: Standarta izdevums<\/li>\n<li>Lapu skaits : 388 lapas<\/li>\n<li>ISBN-10:6556147443<\/li>\n<li>ISBN-13:978-6556147444<\/li>\n<li>Produkta svars: 480g<\/li>\n<li>Izm\u0113ri: 2 x 16 x 23 cm<\/li>\n<li>Visvair\u0101k p\u0101rdoto pre\u010du reitings: 428 120. vieta gr\u0101mat\u0101s (Satiecies ar 100 lab\u0101kajiem gr\u0101matu kategorij\u0101) 18 314. vieta profesion\u0101laj\u0101s un tehniskaj\u0101s ties\u012bb\u0101s<\/li>\n<li>18 314 profesion\u0101laj\u0101s un tehniskaj\u0101s ties\u012bb\u0101s<\/li>\n<li>Klientu atsauksmes: 5,0 5,0 no 5 zvaigzn\u0113m (1)<\/li>\n<\/ul><\/div>","protected":false},"excerpt":{"rendered":"<p>darb\u0101 ir 23 ekspertu ieguld\u012bjums, kas ar rakstu starpniec\u012bbu piev\u0113r\u0161as da\u017e\u0101diem e-komercijas juridiskajiem aspektiem T\u0113mas tika struktur\u0113tas sistem\u0101tisk\u0101 veid\u0101, s\u0101kot no e-komercijas v\u0113sturisk\u0101s evol\u016bcijas, izmantojot uz\u0146\u0113mumu un nodok\u013cu pl\u0101no\u0161anu, t\u012bmek\u013ca viet\u0146u izstr\u0101di, dom\u0113na nosaukumu, z\u012bmolu, programmat\u016bru, att\u0113lu izmanto\u0161anu un dzi\u013c\u0101 un aktu\u0101l\u0101 veid\u0101 atkl\u0101j personas datu apstr\u0101di, vietnes lieto\u0161anas noteikumus un nosac\u012bjumus, maks\u0101\u0161anas l\u012bdzek\u013cu l\u012bgumu sl\u0113g\u0161anu, konkurences un darbasp\u0113ka aspektus, digit\u0101lo ietekm\u0113t\u0101ju algo\u0161anu, komerci\u0101las akcijas, elektroniskas kr\u0101p\u0161anas, cita starp\u0101 Gr\u0101mat\u0101 apl\u016bkoti ar\u012b e-komercijas prevent\u012bvie jaut\u0101jumi, kas ietver attiec\u012bbas ar pieg\u0101d\u0101t\u0101jiem un klientiem gan ties\u012bbu izmanto\u0161an\u0101, gan interneta lieto\u0161an\u0101.<\/p>","protected":false},"featured_media":0,"comment_status":"open","ping_status":"closed","template":"","meta":[],"product_cat":[1609,1595],"product_tag":[],"class_list":{"0":"post-93540","1":"product","2":"type-product","3":"status-publish","5":"product_brand-por-ndia-andreotti-tchumantel-hackerott-autor","6":"product_cat-direito","7":"product_cat-livros","9":"first","10":"instock","11":"sale","12":"shipping-taxable","13":"purchasable","14":"product-type-simple"},"aioseo_notices":[],"_links":{"self":[{"href":"https:\/\/www.ecommerceupdate.com.br\/lv\/wp-json\/wp\/v2\/product\/93540","targetHints":{"allow":["GET"]}}],"collection":[{"href":"https:\/\/www.ecommerceupdate.com.br\/lv\/wp-json\/wp\/v2\/product"}],"about":[{"href":"https:\/\/www.ecommerceupdate.com.br\/lv\/wp-json\/wp\/v2\/types\/product"}],"replies":[{"embeddable":true,"href":"https:\/\/www.ecommerceupdate.com.br\/lv\/wp-json\/wp\/v2\/comments?post=93540"}],"wp:attachment":[{"href":"https:\/\/www.ecommerceupdate.com.br\/lv\/wp-json\/wp\/v2\/media?parent=93540"}],"wp:term":[{"taxonomy":"product_cat","embeddable":true,"href":"https:\/\/www.ecommerceupdate.com.br\/lv\/wp-json\/wp\/v2\/product_cat?post=93540"},{"taxonomy":"product_tag","embeddable":true,"href":"https:\/\/www.ecommerceupdate.com.br\/lv\/wp-json\/wp\/v2\/product_tag?post=93540"}],"curies":[{"name":"wp","href":"https:\/\/api.w.org\/{rel}","templated":true}]}}