{"id":93554,"date":"2026-03-04T20:17:15","date_gmt":"2026-03-04T23:17:15","guid":{"rendered":"https:\/\/www.ecommerceupdate.com.br\/produto\/universo-do-e-commerce\/"},"modified":"2026-03-13T15:35:11","modified_gmt":"2026-03-13T18:35:11","slug":"universo-do-e-commerce","status":"publish","type":"product","link":"https:\/\/www.ecommerceupdate.com.br\/lv\/produto\/universo-do-e-commerce\/","title":{"rendered":"E-komercijas Visums"},"content":{"rendered":"<div class=\"woocommerce-product-details\">\n<h3>Produkta inform\u0101cija<\/h3>\n<ul>\n<li>ASIN: B09QC5C789<\/li>\n<li>Pieejam\u012bba: Uzziniet vair\u0101k<\/li>\n<li>Public\u0113\u0161anas datums: 2022. gada 11. janv\u0101ris<\/li>\n<li>Izdevums: 1a<\/li>\n<li>Valoda: portug\u0101\u013cu<\/li>\n<li>Faila izm\u0113rs: 1.9 MB<\/li>\n<li>Ekr\u0101na las\u012bt\u0101js: Sader\u012bgs<\/li>\n<li>Fonta konfigur\u0101cija: iesp\u0113jota<\/li>\n<li>V\u0101rdu kr\u0101juma padomi: nav iesp\u0113jots<\/li>\n<li>Lapu skaits : 205 lpp<\/li>\n<li>Lapas mai\u0146a: iesp\u0113jota<\/li>\n<li>Las\u012b\u0161anas vecums: 16 18 gadi<\/li>\n<li>Visvair\u0101k p\u0101rdoto pre\u010du reitings: Nr. 152 211 Kindle veikal\u0101 (Iepaz\u012bstieties ar 100 lab\u0101kajiem Kindle veikala kategorij\u0101) Nr. 138 p\u0113tniec\u012bb\u0101 un izgl\u012bt\u012bb\u0101 Nr. 340 profesion\u0101laj\u0101 un tehniskaj\u0101 att\u012bst\u012bb\u0101 Nr. 3 494 izgl\u012bt\u012bb\u0101 (Kindle veikals)<\/li>\n<li>138 P\u0113tniec\u012bb\u0101 un izgl\u012bt\u012bb\u0101<\/li>\n<li>340 Profesion\u0101l\u0101 un tehnisk\u0101 att\u012bst\u012bba<\/li>\n<li>3494 izgl\u012bt\u012bb\u0101 (Kindle veikals)<\/li>\n<li>Klientu atsauksmes: 4,3 4,3 no 5 zvaigzn\u0113m (20)<\/li>\n<\/ul><\/div>","protected":false},"excerpt":{"rendered":"<p>E-komercijas Visums tika rakst\u012bts tiem, kuri interes\u0113jas par e-komerciju vai kuri jau darbojas ar digit\u0101lajiem kan\u0101liem un v\u0113las uzzin\u0101t jaunas tehnikas un koncepcijas.\u0160ai gr\u0101matai ir j\u0101p\u0101rraida zin\u0101\u0161anas t\u0101d\u0101 veid\u0101, kas darbojas k\u0101 ce\u013cvedis, lai pied\u0101v\u0101tu makro skats uz visu, kas saist\u012bts ar e-komerciju.Nograujo\u0161as t\u0113mas, kas saist\u012btas ar biznesa mode\u013ciem un oper\u0101cij\u0101m, m\u0101rketinga punktiem, servisu un lo\u0123istiku, k\u0101 ar\u012b t\u0113mas, kas saist\u012btas ar tehnolo\u0123ij\u0101m, sist\u0113m\u0101m un integr\u0101cij\u0101m, inform\u0101cijas pieejam\u012bbu un dro\u0161\u012bbu Pieredz\u0113ju\u0161\u0101kiem las\u012bt\u0101jiem \u0161\u012b gr\u0101mata var kalpot k\u0101 konsult\u0101ciju kan\u0101ls, kur katra noda\u013ca var risin\u0101t konkr\u0113tus un ar t\u0101s darb\u012bbu saist\u012btus jaut\u0101jumus. Las\u012bt\u0101ji, kuri s\u0101k ce\u013cojumu \u0161aj\u0101 pasaul\u0113, var pozit\u012bvi izmantot E-komercijas priek\u0161roc\u012bbas, jo Visuma s\u0101kums, var izmantot profesion\u0101lo izaugsmi \u0161aj\u0101 noda\u013c\u0101, tik daudz vair\u0101k.<\/p>","protected":false},"featured_media":0,"comment_status":"open","ping_status":"closed","template":"","meta":[],"product_cat":[1653,1730,1595],"product_tag":[],"class_list":{"0":"post-93554","1":"product","2":"type-product","3":"status-publish","5":"product_brand-por-fellipe-guimares-autor-formato-ebook-kindle","6":"product_cat-educacao-referencia-e-didaticos","7":"product_cat-escolas-e-ensino","8":"product_cat-livros","10":"first","11":"instock","12":"shipping-taxable","13":"purchasable","14":"product-type-simple"},"aioseo_notices":[],"_links":{"self":[{"href":"https:\/\/www.ecommerceupdate.com.br\/lv\/wp-json\/wp\/v2\/product\/93554","targetHints":{"allow":["GET"]}}],"collection":[{"href":"https:\/\/www.ecommerceupdate.com.br\/lv\/wp-json\/wp\/v2\/product"}],"about":[{"href":"https:\/\/www.ecommerceupdate.com.br\/lv\/wp-json\/wp\/v2\/types\/product"}],"replies":[{"embeddable":true,"href":"https:\/\/www.ecommerceupdate.com.br\/lv\/wp-json\/wp\/v2\/comments?post=93554"}],"wp:attachment":[{"href":"https:\/\/www.ecommerceupdate.com.br\/lv\/wp-json\/wp\/v2\/media?parent=93554"}],"wp:term":[{"taxonomy":"product_cat","embeddable":true,"href":"https:\/\/www.ecommerceupdate.com.br\/lv\/wp-json\/wp\/v2\/product_cat?post=93554"},{"taxonomy":"product_tag","embeddable":true,"href":"https:\/\/www.ecommerceupdate.com.br\/lv\/wp-json\/wp\/v2\/product_tag?post=93554"}],"curies":[{"name":"wp","href":"https:\/\/api.w.org\/{rel}","templated":true}]}}