{"id":93565,"date":"2026-03-04T20:20:07","date_gmt":"2026-03-04T23:20:07","guid":{"rendered":"https:\/\/www.ecommerceupdate.com.br\/produto\/supevisao-de-e-commerce-desafios-e-solucoes-na-logistica-moderna\/"},"modified":"2026-05-13T10:22:18","modified_gmt":"2026-05-13T13:22:18","slug":"supevisao-de-e-commerce-desafios-e-solucoes-na-logistica-moderna","status":"publish","type":"product","link":"https:\/\/www.ecommerceupdate.com.br\/lv\/produto\/supevisao-de-e-commerce-desafios-e-solucoes-na-logistica-moderna\/","title":{"rendered":"E-komercijas apspie\u0161ana: izaicin\u0101jumi un risin\u0101jumi m\u016bsdienu lo\u0123istik\u0101"},"content":{"rendered":"<div class=\"woocommerce-product-details\">\n<h3>Produkta inform\u0101cija<\/h3>\n<ul>\n<li>ASIN: B0CVMRG5DM<\/li>\n<li>Pieejam\u012bba: Uzziniet vair\u0101k<\/li>\n<li>Public\u0113\u0161anas datums: 2024. gada 13. febru\u0101ris<\/li>\n<li>Izdevums: 1a<\/li>\n<li>Valoda: portug\u0101\u013cu<\/li>\n<li>Faila izm\u0113rs: 4.8 MB<\/li>\n<li>Ekr\u0101na las\u012bt\u0101js: Sader\u012bgs<\/li>\n<li>Fonta konfigur\u0101cija: iesp\u0113jota<\/li>\n<li>V\u0101rdu kr\u0101juma padomi: nav iesp\u0113jots<\/li>\n<li>Lapu skaits : 54 lapas<\/li>\n<li>Lapas mai\u0146a: iesp\u0113jota<\/li>\n<li>Visvair\u0101k p\u0101rdoto pre\u010du reitings: Nr. 327 046 Kindle veikal\u0101 (Iepaz\u012bstieties ar 100 lab\u0101kajiem Kindle veikala kategorij\u0101) Nr. 484 Office prasmju Nr. 1004 motiv\u0101cijas Nr. 2788 l\u012bderu vad\u012bb\u0101<\/li>\n<li>484 Biroja prasm\u0113s<\/li>\n<li>1004 Motiv\u0101cijas<\/li>\n<li>2788 l\u012bder\u012bbas vad\u012bb\u0101<\/li>\n<li>Klientu atsauksmes: 4,0 4,0 no 5 zvaigzn\u0113m (2)<\/li>\n<\/ul><\/div>","protected":false},"excerpt":{"rendered":"<p>\u201cP\u0101rl\u016bkojiet lo\u0123istikas sare\u017e\u0123\u012bt\u012bbu e-komercij\u0101, izmantojot \u2018E-komercijas uzraudz\u012bbu: izaicin\u0101jumi un risin\u0101jumi m\u016bsdienu lo\u0123istik\u0101\u2019.\u201dW Neatkar\u012bgi no t\u0101, vai esat e-komercijas vad\u012bt\u0101js, lo\u0123istikas vad\u012bt\u0101js vai k\u0101ds, kas ir iegrimis tie\u0161saistes tirdzniec\u012bbas dinamiskaj\u0101 pasaul\u0113, \u0161\u012b gr\u0101mata ir j\u016bsu b\u016btisks ce\u013cvedis m\u016bsdienu lo\u0123istikas izaicin\u0101jumu risin\u0101\u0161anai. Izp\u0113tiet praktiskas strat\u0113\u0123ijas, iedvesmojo\u0161us gad\u012bjumu izp\u0113ti un novatoriskus risin\u0101jumus, lai optimiz\u0113tu savas lo\u0123istikas darb\u012bbas, s\u0101kot no kr\u0101jumu p\u0101rvald\u012bbas l\u012bdz gal\u012bgajai pieg\u0101dei.Galvenie svar\u012bg\u0101kie punkti:<span class=\"a-text-bold\">Lo\u0123istikas izaicin\u0101jumu demistifik\u0101cija:<\/span><span> Atkl\u0101jiet lo\u0123istikas nianses e-komercij\u0101 un to, k\u0101 p\u0101rvar\u0113t kop\u0113jos \u0161\u0137\u0113r\u0161\u013cus.<\/span>Lo\u0123istikas izaicin\u0101jumu demistifik\u0101cija: atkl\u0101jiet lo\u0123istikas nianses e-komercij\u0101 un to, k\u0101 p\u0101rvar\u0113t kop\u0113jos \u0161\u0137\u0113r\u0161\u013cus.<span class=\"a-text-bold\">Adapt\u012bv\u0101s strat\u0113\u0123ijas maziem un lieliem uz\u0146\u0113mumiem:<\/span><span> Atrodiet m\u0113rogojamas pieejas, lai apmierin\u0101tu da\u017e\u0101du uz\u0146\u0113mumu \u012bpa\u0161\u0101s vajadz\u012bbas.<\/span>Adapt\u012bv\u0101s strat\u0113\u0123ijas maziem un lieliem uz\u0146\u0113mumiem: atrodiet m\u0113rogojamas pieejas, lai apmierin\u0101tu da\u017e\u0101du uz\u0146\u0113mumu \u012bpa\u0161\u0101s vajadz\u012bbas.<span class=\"a-text-bold\">Efekt\u012bva vad\u012bba digit\u0101laj\u0101 laikmet\u0101:<\/span><span> Att\u012bst\u012bt b\u016btiskas prasmes, lai vad\u012btu lo\u0123istikas komandas digit\u0101l\u0101 un konkurences vid\u0113.<\/span>Efekt\u012bva vad\u012bba digit\u0101laj\u0101 laikmet\u0101: att\u012bstiet b\u016btiskas prasmes, lai vad\u012btu lo\u0123istikas komandas digit\u0101l\u0101 un konkurences vid\u0113.<span class=\"a-text-bold\">Ietekm\u012bgi gad\u012bjumu p\u0113t\u012bjumi:<\/span><span> Izp\u0113tiet veiksm\u012bgu biznesa pieredzi, m\u0101cieties no vi\u0146u strat\u0113\u0123ij\u0101m un izmantojiet v\u0113rt\u012bgas atzi\u0146as sav\u0101 ce\u013cojum\u0101.<\/span>Ietekm\u012bgi gad\u012bjumu p\u0113t\u012bjumi: izp\u0113tiet veiksm\u012bgu biznesa pieredzi, m\u0101cieties no vi\u0146u strat\u0113\u0123ij\u0101m un izmantojiet v\u0113rt\u012bgu ieskatu sav\u0101 ce\u013cojum\u0101. \u0160\u012b gr\u0101mata pied\u0101v\u0101 ienirt e-komercijas lo\u0123istik\u0101, nodro\u0161inot praktiskus r\u012bkus, lai p\u0101rraudz\u012btu efekt\u012bvas darb\u012bbas, p\u0101rliecino\u0161i risin\u0101tu probl\u0113mas un veiksm\u012bgi p\u0101rvietotos. tie\u0161saistes komercijas nemier\u012bgie \u016bde\u0146i. Esiet gatavs optimiz\u0113t savu e-komercijas uzraudz\u012bbu un sasniegt jaunas lo\u0123istikas izcil\u012bbas virsotnes. Ieg\u016bstiet savu kopiju t\u016bl\u012bt un pilnveidojiet savas prasmes m\u016bsdienu lo\u0123istikas vad\u012bb\u0101.<\/p>","protected":false},"featured_media":93565,"comment_status":"open","ping_status":"closed","template":"","meta":[],"product_cat":[1611,1621,1595],"product_tag":[],"class_list":{"0":"post-93565","1":"product","2":"type-product","3":"status-publish","4":"has-post-thumbnail","5":"product_brand-por-edevaldo-silva-autor-edevaldo-silva-autor-formato-ebook-kindle","6":"product_cat-administracao-negocios-e-economia","7":"product_cat-gestao-e-lideranca","8":"product_cat-livros","10":"first","11":"instock","12":"shipping-taxable","13":"purchasable","14":"product-type-simple"},"aioseo_notices":[],"_links":{"self":[{"href":"https:\/\/www.ecommerceupdate.com.br\/lv\/wp-json\/wp\/v2\/product\/93565","targetHints":{"allow":["GET"]}}],"collection":[{"href":"https:\/\/www.ecommerceupdate.com.br\/lv\/wp-json\/wp\/v2\/product"}],"about":[{"href":"https:\/\/www.ecommerceupdate.com.br\/lv\/wp-json\/wp\/v2\/types\/product"}],"replies":[{"embeddable":true,"href":"https:\/\/www.ecommerceupdate.com.br\/lv\/wp-json\/wp\/v2\/comments?post=93565"}],"wp:featuredmedia":[{"embeddable":true,"href":"https:\/\/www.ecommerceupdate.com.br\/lv\/wp-json\/wp\/v2\/product\/93565"}],"wp:attachment":[{"href":"https:\/\/www.ecommerceupdate.com.br\/lv\/wp-json\/wp\/v2\/media?parent=93565"}],"wp:term":[{"taxonomy":"product_cat","embeddable":true,"href":"https:\/\/www.ecommerceupdate.com.br\/lv\/wp-json\/wp\/v2\/product_cat?post=93565"},{"taxonomy":"product_tag","embeddable":true,"href":"https:\/\/www.ecommerceupdate.com.br\/lv\/wp-json\/wp\/v2\/product_tag?post=93565"}],"curies":[{"name":"wp","href":"https:\/\/api.w.org\/{rel}","templated":true}]}}