{"id":93567,"date":"2026-03-04T20:20:46","date_gmt":"2026-03-04T23:20:46","guid":{"rendered":"https:\/\/www.ecommerceupdate.com.br\/produto\/transformando-palavras-em-dinheiro\/"},"modified":"2026-03-06T05:53:27","modified_gmt":"2026-03-06T08:53:27","slug":"transformando-palavras-em-dinheiro","status":"publish","type":"product","link":"https:\/\/www.ecommerceupdate.com.br\/lv\/produto\/transformando-palavras-em-dinheiro\/","title":{"rendered":"V\u0101rdu p\u0101rv\u0113r\u0161ana naud\u0101"},"content":{"rendered":"<div class=\"woocommerce-product-details\">\n<div id=\"aplus_feature_div\" class=\"celwidget\" data-feature-name=\"aplus\" data-csa-c-type=\"widget\" data-csa-c-content-id=\"aplus\" data-csa-c-slot-id=\"aplus_feature_div\" data-csa-c-asin=\"\" data-csa-c-is-in-initial-active-row=\"false\">\n<div id=\"aplus\" class=\"a-section a-spacing-large bucket\">\n<h3 class=\"\">No izdev\u0113ja<\/h3>\n<div lang=\"pt_BR\">\n<div class=\"aplus-v2 desktop celwidget\">\n<div class=\"celwidget aplus-module module-12 aplus-standard\">\n<div class=\"aplus-module-wrapper apm-spacing apm-floatnone apm-fixed-width\">\n<div class=\"apm-sidemodule aplus-module-content\">\n<div class=\"apm-hero-image\"> <img decoding=\"async\" alt=\"2. att\u0113ls\" src=\"https:\/\/m.media-amazon.com\/images\/S\/aplus-media-library-service-media\/4658e758-7cbe-4637-a1ff-34cc95cb8892.__CR0,0,970,300_PT0_SX970_V1___.jpg\" \/> <\/div>\n<\/p>\n<\/div>\n<\/div>\n<\/div>\n<div class=\"celwidget aplus-module module-3 aplus-standard\">\n<div class=\"aplus-module-wrapper apm-floatnone apm-fixed-width\">\n<div class=\"apm-sidemodule apm-spacing\">\n<div class=\"apm-sidemodule-imageright\"> <img decoding=\"async\" alt=\"autors\" src=\"https:\/\/m.media-amazon.com\/images\/S\/aplus-media-library-service-media\/99c0523a-cf47-4673-8543-2136262da1ca.__CR0,0,300,300_PT0_SX300_V1___.jpg\" \/> <\/div>\n<div class=\"apm-sidemodule-textleft\">\n<h3 class=\"a-spacing-mini\"> Autors <\/h3>\n<p> <span class=\"a-text-bold\">Ikars de Karvalju<\/span> vi\u0146\u0161 ir uz\u0146\u0113m\u0113js, komunikators un digit\u0101lais strat\u0113\u0123isVi\u0146\u0161 bija atbild\u012bgs par digit\u0101lo m\u0101rketingu t\u0101diem projektiem k\u0101 Brazil Parallel, The Code of Wealth un Avenue Securities.Vi\u0146\u0161 ir dibin\u0101t\u0101js O Novo Mercado, visstrauj\u0101k augo\u0161ajai digit\u0101l\u0101 m\u0101rketinga, p\u0101rdo\u0161anas skolai un soci\u0101lie t\u012bkli valst\u012b.Vi\u0146\u0161 bija termina \u201cskatuves uz\u0146\u0113m\u0113jdarb\u012bba\u201d rad\u012bt\u0101js un kritiski v\u0113rt\u0113 vienk\u0101r\u0161os un \u0101tros risin\u0101jumus, ko redz internet\u0101.Vi\u0146\u0161 ir prec\u0113jies ar Annu un tr\u012bs b\u0113rnu t\u0113vu. <\/p>\n<\/p>\n<\/div>\n<\/div>\n<\/div>\n<\/div>\n<div class=\"celwidget aplus-module module-12 aplus-standard\">\n<div class=\"aplus-module-wrapper apm-spacing apm-floatnone apm-fixed-width\">\n<div class=\"apm-sidemodule aplus-module-content\">\n<div class=\"apm-hero-image\"> <img decoding=\"async\" alt=\"img 1\" src=\"https:\/\/m.media-amazon.com\/images\/S\/aplus-media-library-service-media\/669fd07b-f2d2-4441-80bf-26e6b3de4a27.__CR0,0,970,300_PT0_SX970_V1___.jpg\" \/> <\/div>\n<\/p>\n<\/div>\n<\/div>\n<\/div>\n<\/div>\n<\/div>\n<\/div>\n<\/div>\n<h3>Produkta inform\u0101cija<\/h3>\n<ul>\n<li>Izdevniec\u012bba: Buzz Publisher<\/li>\n<li>Public\u0113\u0161anas datums: 2020. gada 3. febru\u0101ris<\/li>\n<li>Izdevums: 1a<\/li>\n<li>Valoda: portug\u0101\u013cu<\/li>\n<li>Lapu skaits : 176 lpp<\/li>\n<li>ISBN-10:6580435445<\/li>\n<li>ISBN-13:978-6580435449<\/li>\n<li>Produkta svars: 800g<\/li>\n<li>Las\u012b\u0161anas vecums: 14 gadi un vair\u0101k<\/li>\n<li>Izm\u0113ri: 22,8 x 15,6 x 1,2 cm<\/li>\n<li>Visvair\u0101k p\u0101rdoto pre\u010du reitings: Nr. 36 808 gr\u0101mat\u0101s (Iepaz\u012bstieties ar 100 lab\u0101kajiem gr\u0101matu kategorij\u0101) Nr. 44 t\u012bmek\u013ca m\u0101rketing\u0101 Nr. 154 m\u0101rketing\u0101 Nr. 402 uz\u0146\u0113m\u0113jdarb\u012bbas vad\u012bbas zin\u0101tn\u0113<\/li>\n<li>44 T\u012bmek\u013ca m\u0101rketing\u0101<\/li>\n<li>154 M\u0101rketing\u0101<\/li>\n<li>402 Uz\u0146\u0113m\u0113jdarb\u012bbas vad\u012bbas zin\u0101tn\u0113<\/li>\n<li>Klientu atsauksmes: 4,6 4,6 no 5 zvaigzn\u0113m (3579)<\/li>\n<\/ul><\/div>","protected":false},"excerpt":{"rendered":"<p>Copywriting var raksturot k\u0101 sp\u0113ju p\u0101rv\u0113rst v\u0101rdus naud\u0101Ra\u017eot interesi nevis rekl\u0101mu Katru dienu m\u016bs ietekm\u0113 t\u016bksto\u0161iem rekl\u0101muJa esat \u0161odien piek\u013cuvis soci\u0101lajiem t\u012bkliem, ir diezgan iesp\u0113jams, ka esat redz\u0113ju\u0161i desmitiem no tiemVai atceraties p\u0113d\u0113jo? gandr\u012bz neviens nevar Saturs ir vien\u012bgais rekl\u0101mas veids, ko j\u016bs visu laiku ra\u017eojat un klients joproj\u0101m prasa vair\u0101k \u0160aj\u0101 gr\u0101mat\u0101 ir apkopoti 42 lab\u0101kie p\u0101rliecin\u0101\u0161anas pa\u0146\u0113mieni, m\u0101rketings un p\u0101rdo\u0161ana, ko p\u0101rbaud\u012bjis Icaro de Carvalho Patiesa d\u0101vana T\u0101 ir rokasgr\u0101mata, ka j\u016bs atrad\u012bsiet savu liber\u0101l\u0101ko komunik\u0101ciju, inteli\u0123entu un efekt\u012bvu.<\/p>","protected":false},"featured_media":93567,"comment_status":"open","ping_status":"closed","template":"","meta":[],"product_cat":[1611,1621,1595],"product_tag":[],"class_list":{"0":"post-93567","1":"product","2":"type-product","3":"status-publish","4":"has-post-thumbnail","6":"product_brand-edicao-portugus-por-caro-carvalho-autor","7":"product_cat-administracao-negocios-e-economia","8":"product_cat-gestao-e-lideranca","9":"product_cat-livros","11":"first","12":"instock","13":"sale","14":"shipping-taxable","15":"purchasable","16":"product-type-simple"},"aioseo_notices":[],"_links":{"self":[{"href":"https:\/\/www.ecommerceupdate.com.br\/lv\/wp-json\/wp\/v2\/product\/93567","targetHints":{"allow":["GET"]}}],"collection":[{"href":"https:\/\/www.ecommerceupdate.com.br\/lv\/wp-json\/wp\/v2\/product"}],"about":[{"href":"https:\/\/www.ecommerceupdate.com.br\/lv\/wp-json\/wp\/v2\/types\/product"}],"replies":[{"embeddable":true,"href":"https:\/\/www.ecommerceupdate.com.br\/lv\/wp-json\/wp\/v2\/comments?post=93567"}],"wp:featuredmedia":[{"embeddable":true,"href":"https:\/\/www.ecommerceupdate.com.br\/lv\/wp-json\/wp\/v2\/product\/93567"}],"wp:attachment":[{"href":"https:\/\/www.ecommerceupdate.com.br\/lv\/wp-json\/wp\/v2\/media?parent=93567"}],"wp:term":[{"taxonomy":"product_cat","embeddable":true,"href":"https:\/\/www.ecommerceupdate.com.br\/lv\/wp-json\/wp\/v2\/product_cat?post=93567"},{"taxonomy":"product_tag","embeddable":true,"href":"https:\/\/www.ecommerceupdate.com.br\/lv\/wp-json\/wp\/v2\/product_tag?post=93567"}],"curies":[{"name":"wp","href":"https:\/\/api.w.org\/{rel}","templated":true}]}}