{"id":93570,"date":"2026-03-04T20:20:50","date_gmt":"2026-03-04T23:20:50","guid":{"rendered":"https:\/\/www.ecommerceupdate.com.br\/produto\/storytelling-e-inteligencia-artificial-como-reinventar-o-marketing-digital-com-verdade-emocao-e-proposito\/"},"modified":"2026-03-13T15:37:46","modified_gmt":"2026-03-13T18:37:46","slug":"storytelling-e-inteligencia-artificial-como-reinventar-o-marketing-digital-com-verdade-emocao-e-proposito","status":"publish","type":"product","link":"https:\/\/www.ecommerceupdate.com.br\/lv\/produto\/storytelling-e-inteligencia-artificial-como-reinventar-o-marketing-digital-com-verdade-emocao-e-proposito\/","title":{"rendered":"St\u0101stu st\u0101st\u012b\u0161ana un m\u0101ksl\u012bgais intelekts: k\u0101 no jauna izgudrot digit\u0101lo m\u0101rketingu ar paties\u012bbu, emocij\u0101m un m\u0113r\u0137i"},"content":{"rendered":"<div class=\"woocommerce-product-details\">\n<h3>Produkta inform\u0101cija<\/h3>\n<ul>\n<li>Izdevniec\u012bba: DVS EDITORA<\/li>\n<li>Public\u0113\u0161anas datums: 2025. gada 10. decembris<\/li>\n<li>Izdevums: 1a<\/li>\n<li>Valoda: portug\u0101\u013cu<\/li>\n<li>Lapu skaits : 456 lapas<\/li>\n<li>ISBN-10:6556951641<\/li>\n<li>ISBN-13:978-6556951645<\/li>\n<li>Produkta svars: 580g<\/li>\n<li>Izm\u0113ri: 16 x 2,1 x 23 cm<\/li>\n<li>Visvair\u0101k p\u0101rdoto pre\u010du reitings: Nr. 98 891 gr\u0101mat\u0101s (Iepaz\u012bstieties ar 100 lab\u0101kajiem gr\u0101matu kategorij\u0101) Nr. 88 t\u012bmek\u013ca m\u0101rketing\u0101 Nr. 209, rakstot uzzi\u0146u gr\u0101matas Nr. 336 prasm\u0113s<\/li>\n<li>88 T\u012bmek\u013ca m\u0101rketing\u0101<\/li>\n<li>209 Uzzi\u0146u gr\u0101mat\u0101s par rakst\u012b\u0161anu<\/li>\n<li>336 Kompetenc\u0113s<\/li>\n<li>Klientu atsauksmes: 5,0 5,0 no 5 zvaigzn\u0113m (1)<\/li>\n<\/ul><\/div>","protected":false},"excerpt":{"rendered":"<p>K\u0101 palikt cilv\u0113kam, kad m\u0101rketings k\u013cuva par algoritmu? D\u017eeimss Maksils gadu desmitiem ilgi m\u0101c\u012bja cilv\u0113kus st\u0101st\u012bt st\u0101stus Bet p\u0113d\u0113jos gados vi\u0146\u0161 sask\u0101r\u0101s ar jauna veida izaicin\u0101jumu: k\u0101 saglab\u0101t paties\u012bbu, emocijas un nodomu laikmet\u0101, kur\u0101 m\u0101ksl\u012bgais intelekts raksta \u0101tr\u0101k, p\u0101rbauda \u0101tr\u0101k un kori\u0123\u0113 gandr\u012bz ar kl\u012bnisku precizit\u0101ti?\u0160\u012b gr\u0101mata ir dzimusi no zemes, no mentoringa sesij\u0101m, no drosmes tr\u012bs kontinentos, no kursiem, kas vad\u012bja profesion\u0101\u013cus, kuri starp br\u012bnumu un sp\u0113ku izs\u012bkumu l\u016bdz atbildes, kas neiederas pam\u0101c\u012bb\u0101s.St\u0101stu st\u0101st\u012b\u0161ana un m\u0101ksl\u012bgais intelekts nav tehniska p\u0101rrakst\u012b\u0161ana, no darba uz akad\u0113misko darbu un praktisks darbs, kas ir v\u0113rsts uz st\u0101st\u012bjumu un uz sevis veido\u0161anu, tas ir pa\u0161tulko\u0161anas ce\u013cvedis. <\/p>","protected":false},"featured_media":93570,"comment_status":"open","ping_status":"closed","template":"","meta":[],"product_cat":[1653,1796,1595],"product_tag":[],"class_list":{"0":"post-93570","1":"product","2":"type-product","3":"status-publish","4":"has-post-thumbnail","6":"product_brand-por-james-mcsill-autor","7":"product_cat-educacao-referencia-e-didaticos","8":"product_cat-guias-de-escrita-pesquisa-e-publicacao","9":"product_cat-livros","11":"first","12":"instock","13":"sale","14":"shipping-taxable","15":"purchasable","16":"product-type-simple"},"aioseo_notices":[],"_links":{"self":[{"href":"https:\/\/www.ecommerceupdate.com.br\/lv\/wp-json\/wp\/v2\/product\/93570","targetHints":{"allow":["GET"]}}],"collection":[{"href":"https:\/\/www.ecommerceupdate.com.br\/lv\/wp-json\/wp\/v2\/product"}],"about":[{"href":"https:\/\/www.ecommerceupdate.com.br\/lv\/wp-json\/wp\/v2\/types\/product"}],"replies":[{"embeddable":true,"href":"https:\/\/www.ecommerceupdate.com.br\/lv\/wp-json\/wp\/v2\/comments?post=93570"}],"wp:featuredmedia":[{"embeddable":true,"href":"https:\/\/www.ecommerceupdate.com.br\/lv\/wp-json\/wp\/v2\/product\/93570"}],"wp:attachment":[{"href":"https:\/\/www.ecommerceupdate.com.br\/lv\/wp-json\/wp\/v2\/media?parent=93570"}],"wp:term":[{"taxonomy":"product_cat","embeddable":true,"href":"https:\/\/www.ecommerceupdate.com.br\/lv\/wp-json\/wp\/v2\/product_cat?post=93570"},{"taxonomy":"product_tag","embeddable":true,"href":"https:\/\/www.ecommerceupdate.com.br\/lv\/wp-json\/wp\/v2\/product_tag?post=93570"}],"curies":[{"name":"wp","href":"https:\/\/api.w.org\/{rel}","templated":true}]}}