{"id":93579,"date":"2026-03-04T20:39:06","date_gmt":"2026-03-04T23:39:06","guid":{"rendered":"https:\/\/www.ecommerceupdate.com.br\/produto\/marketing-with-ai-for-dummies\/"},"modified":"2026-03-13T15:38:25","modified_gmt":"2026-03-13T18:38:25","slug":"marketing-with-ai-for-dummies","status":"publish","type":"product","link":"https:\/\/www.ecommerceupdate.com.br\/lv\/produto\/marketing-with-ai-for-dummies\/","title":{"rendered":"M\u0101rketings ar AI manekeniem"},"content":{"rendered":"<div class=\"woocommerce-product-details\">\n<h3>Produkta inform\u0101cija<\/h3>\n<ul>\n<li>Izdevniec\u012bba: For Dummies<\/li>\n<li>Public\u0113\u0161anas datums: 2024. gada 1. oktobris<\/li>\n<li>Izdevums: 1a<\/li>\n<li>Valoda: ang\u013cu<\/li>\n<li>Lapu skaits : 400 lapas<\/li>\n<li>ISBN-10:1394237197<\/li>\n<li>ISBN-13:978-1394237197<\/li>\n<li>Produkta svars: 716g<\/li>\n<li>Izm\u0113ri: 18,8 x 2,79 x 23,11 cm<\/li>\n<li>Visvair\u0101k p\u0101rdoto pre\u010du reitings: Nr. 545 832 gr\u0101mat\u0101s (Iepaz\u012bstieties ar 100 lab\u0101kajiem gr\u0101matu kategorij\u0101) Nr. 160 import\u0113t\u0101 m\u0101rketinga p\u0113t\u012bjum\u0101 Nr. 366 import\u0113t\u0101 t\u012bmek\u013ca m\u0101rketing\u0101<\/li>\n<li>160 Import\u0113t\u0101 m\u0101rketinga p\u0113t\u012bjumos<\/li>\n<li>366 Import\u0113taj\u0101 t\u012bmek\u013ca m\u0101rketing\u0101<\/li>\n<li>Klientu atsauksmes: 4,7 4,7 no 5 zvaigzn\u0113m (21)<\/li>\n<\/ul><\/div>","protected":false},"excerpt":{"rendered":"<p>Palieciet priek\u0161\u0101 m\u0101rketinga sp\u0113l\u0113, izmantojot m\u0101ksl\u012bg\u0101 intelekta m\u0101rketinga sp\u0113ku ar AI For Dummies ir j\u016bsu ievads revol\u016bcij\u0101, kas notiek m\u0101rketinga nozar\u0113, pateicoties m\u0101ksl\u012bg\u0101 intelekta r\u012bkiem, kas var rad\u012bt tekstu, att\u0113lus, audio, video, vietnes, un ne tikai. \u0160aj\u0101 gr\u0101mat\u0101 ir sniegts ieskats vado\u0161aj\u0101 EXECUTIVES m\u0101rketing\u0101 Shiv Single par to, k\u0101 AI main\u012bs m\u0101rketingu, pal\u012bdzot jauniem un pieredz\u0113ju\u0161iem tirgot\u0101jiem risin\u0101t AI m\u0101rketinga pl\u0101nus, saturu, rado\u0161\u0101s tehnolo\u0123ijas un sekot\u0101jus, k\u0101 ar\u012b lokaliz\u0101cijas sp\u0113kus.<span>Apskatiet AI m\u0101rketinga r\u012bku iek\u0161\u0113jo darb\u012bbu, lai noskaidrotu, k\u0101 vislab\u0101k izmantot to iesp\u0113jas<\/span>Apskatiet AI m\u0101rketinga r\u012bku iek\u0161\u0113jo darb\u012bbu, lai noskaidrotu, k\u0101 vislab\u0101k izmantot to iesp\u0113jas<span>Identific\u0113jiet klientus, izveidojiet saturu, piel\u0101gojiet inform\u0113\u0161anu un piel\u0101gojiet klientu pieredzi, izmantojot AI<\/span>Identific\u0113jiet klientus, izveidojiet saturu, piel\u0101gojiet inform\u0113\u0161anu un piel\u0101gojiet klientu pieredzi, izmantojot AI<span>Apsveriet, k\u0101 j\u016bsu komandu, noda\u013cu vai organiz\u0101ciju var atjaunot, lai brauktu pasaul\u0113, kur\u0101 ir iesp\u0113jots AI<\/span>Apsveriet, k\u0101 j\u016bsu komandu, noda\u013cu vai organiz\u0101ciju var atjaunot, lai brauktu pasaul\u0113, kur\u0101 ir iesp\u0113jots AI<span>M\u0101cieties no v\u0113rt\u012bgiem gad\u012bjumu p\u0113t\u012bjumiem, kas par\u0101da, cik lielas organiz\u0101cijas sav\u0101s kampa\u0146\u0101s izmanto AI<\/span>M\u0101cieties no v\u0113rt\u012bgiem gad\u012bjumu p\u0113t\u012bjumiem, kas par\u0101da, cik lielas organiz\u0101cijas sav\u0101s kampa\u0146\u0101s izmanto AI<br \/>\u0160is viegli saprotamais Dummies ce\u013cvedis ir lieliski piem\u0113rots visu l\u012bme\u0146u tirgot\u0101jiem, k\u0101 ar\u012b tiem, kuri tikai reiz\u0113m valk\u0101 m\u0101rketinga cepuri. Neatkar\u012bgi no j\u016bsu profesion\u0101l\u0101s pieredzes, Marketing with AI For Dummies izmantos j\u016bs m\u0101rketinga n\u0101kotn\u0113.<\/p>","protected":false},"featured_media":93579,"comment_status":"open","ping_status":"closed","template":"","meta":[],"product_cat":[1611,1595,1610],"product_tag":[],"class_list":{"0":"post-93579","1":"product","2":"type-product","3":"status-publish","4":"has-post-thumbnail","6":"product_brand-edicao-ingls-por-shiv-singh-autor","7":"product_cat-administracao-negocios-e-economia","8":"product_cat-livros","9":"product_cat-livros-internacionais","11":"first","12":"instock","13":"shipping-taxable","14":"purchasable","15":"product-type-simple"},"aioseo_notices":[],"_links":{"self":[{"href":"https:\/\/www.ecommerceupdate.com.br\/lv\/wp-json\/wp\/v2\/product\/93579","targetHints":{"allow":["GET"]}}],"collection":[{"href":"https:\/\/www.ecommerceupdate.com.br\/lv\/wp-json\/wp\/v2\/product"}],"about":[{"href":"https:\/\/www.ecommerceupdate.com.br\/lv\/wp-json\/wp\/v2\/types\/product"}],"replies":[{"embeddable":true,"href":"https:\/\/www.ecommerceupdate.com.br\/lv\/wp-json\/wp\/v2\/comments?post=93579"}],"wp:featuredmedia":[{"embeddable":true,"href":"https:\/\/www.ecommerceupdate.com.br\/lv\/wp-json\/wp\/v2\/product\/93579"}],"wp:attachment":[{"href":"https:\/\/www.ecommerceupdate.com.br\/lv\/wp-json\/wp\/v2\/media?parent=93579"}],"wp:term":[{"taxonomy":"product_cat","embeddable":true,"href":"https:\/\/www.ecommerceupdate.com.br\/lv\/wp-json\/wp\/v2\/product_cat?post=93579"},{"taxonomy":"product_tag","embeddable":true,"href":"https:\/\/www.ecommerceupdate.com.br\/lv\/wp-json\/wp\/v2\/product_tag?post=93579"}],"curies":[{"name":"wp","href":"https:\/\/api.w.org\/{rel}","templated":true}]}}